
{"id":1033,"date":"2018-08-23T17:12:56","date_gmt":"2018-08-23T17:12:56","guid":{"rendered":"http:\/\/globalnavy.net\/maritima\/"},"modified":"2026-01-26T14:42:49","modified_gmt":"2026-01-26T14:42:49","slug":"maritima","status":"publish","type":"page","link":"https:\/\/globalnavy.net\/pt-pt\/maritima\/","title":{"rendered":"Mar\u00edtima"},"content":{"rendered":"\t\t<div data-elementor-type=\"wp-page\" data-elementor-id=\"1033\" class=\"elementor elementor-1033 elementor-172\">\n\t\t\t\t\t\t<div class=\"elementor-inner\">\n\t\t\t\t<div class=\"elementor-section-wrap\">\n\t\t\t\t\t\t\t\t\t<section class=\"elementor-section elementor-top-section elementor-element elementor-element-3fb405e0 elementor-section-boxed elementor-section-height-default elementor-section-height-default\" data-id=\"3fb405e0\" data-element_type=\"section\">\n\t\t\t\t\t\t<div class=\"elementor-container elementor-column-gap-default\">\n\t\t\t\t\t\t\t<div class=\"elementor-row\">\n\t\t\t\t\t<div class=\"elementor-column elementor-col-100 elementor-top-column elementor-element elementor-element-5216de1c\" data-id=\"5216de1c\" data-element_type=\"column\">\n\t\t\t<div class=\"elementor-column-wrap elementor-element-populated\">\n\t\t\t\t\t\t\t<div class=\"elementor-widget-wrap\">\n\t\t\t\t\t\t<div class=\"elementor-element elementor-element-3502bc43 elementor-widget elementor-widget-text-editor\" data-id=\"3502bc43\" data-element_type=\"widget\" data-widget_type=\"text-editor.default\">\n\t\t\t\t<div class=\"elementor-widget-container\">\n\t\t\t\t\t\t\t\t<div class=\"elementor-text-editor elementor-clearfix\">\n\t\t\t\t<div class=\"justifiedtext\">\n\n<img loading=\"lazy\" src=\"http:\/\/globalnavy.net\/wp-content\/uploads\/2018\/08\/marine__offshore_scaled.jpg\" alt=\"\" width=\"725\" height=\"150\" class=\"alignnone size-full wp-image-488\" srcset=\"https:\/\/globalnavy.net\/wp-content\/uploads\/2018\/08\/marine__offshore_scaled.jpg 725w, https:\/\/globalnavy.net\/wp-content\/uploads\/2018\/08\/marine__offshore_scaled-300x62.jpg 300w\" sizes=\"(max-width: 725px) 100vw, 725px\" \/>\n\n<p>Os revestimentos mar\u00edtimos s\u00e3o indispens\u00e1veis para garantir o tr\u00e1fego seguro e eficiente dos navios envolvidos na log\u00edstica do transporte em todo o mundo.<\/p>\n\n<p>A Globalnavy desenvolve e fabrica tintas de alto desempenho para todas as \u00e1reas de navio e plataformas offshore, desde as tintas antivegetativas para impedir a ades\u00e3o de incrusta\u00e7\u00e3o nas partes inferiores do casco, a tintas resistentes \u00e0 corros\u00e3o para proteger os tanques de lastro, por\u00f5es de carga e os tanques de \u00e1gua pot\u00e1vel da corros\u00e3o, assim como tintas protectoras e decorativas para superestruturas e topsides para uma excelente apar\u00eancia visual.<\/p>\n\n<p>O nosso objetivo \u00e9 manter o navio em excelentes condi\u00e7\u00f5es ao longo do tempo, tanto interior como exteriormente, desde o estaleiro de constru\u00e7\u00e3o naval e ao longo dos seus anos de opera\u00e7\u00e3o eficiente.<\/p>\n\n<h2>Saiba mais<\/h2>\n\n<div class=\"subsegment_list\">\n<ul>\n<li><a href=\"http:\/\/globalnavy.net\/pt-pt\/acomodacao\/\">Acomoda\u00e7\u00e3o<\/a><\/li>\n<li><a href=\"http:\/\/globalnavy.net\/pt-pt\/superestrutura\/\">Superestrutura<\/a><\/li>\n<li><a href=\"http:\/\/globalnavy.net\/pt-pt\/conves\/\">Conv\u00e9s<\/a><\/li>\n<li><a href=\"http:\/\/globalnavy.net\/pt-pt\/tanques\/\">Tanques<\/a><\/li>\n<li><a href=\"http:\/\/globalnavy.net\/pt-pt\/costado\/\">Costado<\/a><\/li>\n<li><a href=\"http:\/\/globalnavy.net\/pt-pt\/casco-submerso-e-fundo\/\">Casco Submerso e Fundo<\/a><\/li>\n<\/ul>\n<\/div>\n\n<h2>Downloads<\/h2>\n\n<a class=\"brochure_link\" href=\"https:\/\/globalnavy.net\/wp-content\/uploads\/2026\/01\/Brochura-Protective-Coatings_Revestimentos-Anticorrosivos_2026_PT_EN.pdf\" target=\"_blank\">Brochura Revestimentos Anticorrosivos<\/a><a class=\"brochure_link\" href=\"http:\/\/globalnavy.net\/wp-content\/uploads\/2018\/10\/MO2_Esquemas-de-Pintura_PT.pdf\" target=\"_blank\">Esquemas de Pintura<\/a><a class=\"brochure_link\" href=\"http:\/\/globalnavy.net\/wp-content\/uploads\/2018\/10\/MO3_Produtos-Anticorros\u00e3o_PT.pdf\" target=\"_blank\">Produtos Anticorros\u00e3o<\/a><a class=\"brochure_link\" href=\"http:\/\/globalnavy.net\/wp-\ncontent\/uploads\/2018\/10\/Protective4_CUI_1_2016_GLOBALNAVY_PT_UK_FR_VN.pdf\" target=\"_blank\">C.U.I.<\/a><a class=\"brochure_link\" href=\"https:\/\/globalnavy.net\/wp-content\/uploads\/2026\/01\/Brochura-Revestimentos-para-Embarcacoes_2026_PT.pdf\"\ntarget=\"_blank\">Brochura Revestimentos para Embarca\u00e7\u00f5es<\/a><a class=\"brochure_link\" href=\"http:\/\/globalnavy.net\/wp\n-\ncontent\/uploads\/2021\/11\/Monofolha-101EP_12-v15.pdf\" target=\"_blank\">Monofolha GN101EP<\/a>\n<\/a>\n<\/div>\t\t\t\t\t<\/div>\n\t\t\t\t\t\t<\/div>\n\t\t\t\t<\/div>\n\t\t\t\t\t\t<\/div>\n\t\t\t\t\t<\/div>\n\t\t<\/div>\n\t\t\t\t\t\t\t\t<\/div>\n\t\t\t\t\t<\/div>\n\t\t<\/section>\n\t\t\t\t\t\t\t\t\t<\/div>\n\t\t\t<\/div>\n\t\t\t\t\t<\/div>\n\t\t","protected":false},"excerpt":{"rendered":"<p>Os revestimentos mar\u00edtimos s\u00e3o indispens\u00e1veis para garantir o tr\u00e1fego seguro e eficiente dos navios envolvidos na log\u00edstica do transporte em todo o mundo. A Globalnavy desenvolve e fabrica tintas de alto desempenho para todas as \u00e1reas de navio e plataformas offshore, desde as tintas antivegetativas para impedir a ades\u00e3o de incrusta\u00e7\u00e3o nas partes inferiores do &#8230; <a title=\"Mar\u00edtima\" class=\"read-more\" href=\"https:\/\/globalnavy.net\/pt-pt\/maritima\/\" aria-label=\"Mais sobre Mar\u00edtima\">Ler mais<\/a><\/p>\n","protected":false},"author":1,"featured_media":0,"parent":0,"menu_order":0,"comment_status":"closed","ping_status":"closed","template":"","meta":{"_mi_skip_tracking":false,"_exactmetrics_sitenote_active":false,"_exactmetrics_sitenote_note":"","_exactmetrics_sitenote_category":0},"_links":{"self":[{"href":"https:\/\/globalnavy.net\/pt-pt\/wp-json\/wp\/v2\/pages\/1033"}],"collection":[{"href":"https:\/\/globalnavy.net\/pt-pt\/wp-json\/wp\/v2\/pages"}],"about":[{"href":"https:\/\/globalnavy.net\/pt-pt\/wp-json\/wp\/v2\/types\/page"}],"author":[{"embeddable":true,"href":"https:\/\/globalnavy.net\/pt-pt\/wp-json\/wp\/v2\/users\/1"}],"replies":[{"embeddable":true,"href":"https:\/\/globalnavy.net\/pt-pt\/wp-json\/wp\/v2\/comments?post=1033"}],"version-history":[{"count":58,"href":"https:\/\/globalnavy.net\/pt-pt\/wp-json\/wp\/v2\/pages\/1033\/revisions"}],"predecessor-version":[{"id":6823,"href":"https:\/\/globalnavy.net\/pt-pt\/wp-json\/wp\/v2\/pages\/1033\/revisions\/6823"}],"wp:attachment":[{"href":"https:\/\/globalnavy.net\/pt-pt\/wp-json\/wp\/v2\/media?parent=1033"}],"curies":[{"name":"wp","href":"https:\/\/api.w.org\/{rel}","templated":true}]}}