
{"id":1035,"date":"2018-08-23T17:23:39","date_gmt":"2018-08-23T17:23:39","guid":{"rendered":"http:\/\/globalnavy.net\/acomodacao\/"},"modified":"2019-08-26T15:41:04","modified_gmt":"2019-08-26T15:41:04","slug":"acomodacao","status":"publish","type":"page","link":"https:\/\/globalnavy.net\/pt-pt\/acomodacao\/","title":{"rendered":"Acomoda\u00e7\u00e3o"},"content":{"rendered":"<div class=\"justifiedtext\">\n<p>A superf\u00edcie interior do navio deve encontrar-se nas melhores condi\u00e7\u00f5es, uma vez que nela habita e trabalha a tripula\u00e7\u00e3o. Por essa raz\u00e3o e a pensar no conforto dos ocupantes, a Globalnavy dedicou-se \u00e0 concep\u00e7\u00e3o de produtos que proporcionam uma prote\u00e7\u00e3o eficaz e f\u00e1cil manuten\u00e7\u00e3o.<\/p>\n<\/div>\n","protected":false},"excerpt":{"rendered":"<p>A superf\u00edcie interior do navio deve encontrar-se nas melhores condi\u00e7\u00f5es, uma vez que nela habita e trabalha a tripula\u00e7\u00e3o. Por essa raz\u00e3o e a pensar no conforto dos ocupantes, a Globalnavy dedicou-se \u00e0 concep\u00e7\u00e3o de produtos que proporcionam uma prote\u00e7\u00e3o eficaz e f\u00e1cil manuten\u00e7\u00e3o.<\/p>\n","protected":false},"author":1,"featured_media":0,"parent":0,"menu_order":0,"comment_status":"closed","ping_status":"closed","template":"","meta":{"_mi_skip_tracking":false,"_exactmetrics_sitenote_active":false,"_exactmetrics_sitenote_note":"","_exactmetrics_sitenote_category":0},"_links":{"self":[{"href":"https:\/\/globalnavy.net\/pt-pt\/wp-json\/wp\/v2\/pages\/1035"}],"collection":[{"href":"https:\/\/globalnavy.net\/pt-pt\/wp-json\/wp\/v2\/pages"}],"about":[{"href":"https:\/\/globalnavy.net\/pt-pt\/wp-json\/wp\/v2\/types\/page"}],"author":[{"embeddable":true,"href":"https:\/\/globalnavy.net\/pt-pt\/wp-json\/wp\/v2\/users\/1"}],"replies":[{"embeddable":true,"href":"https:\/\/globalnavy.net\/pt-pt\/wp-json\/wp\/v2\/comments?post=1035"}],"version-history":[{"count":3,"href":"https:\/\/globalnavy.net\/pt-pt\/wp-json\/wp\/v2\/pages\/1035\/revisions"}],"predecessor-version":[{"id":3054,"href":"https:\/\/globalnavy.net\/pt-pt\/wp-json\/wp\/v2\/pages\/1035\/revisions\/3054"}],"wp:attachment":[{"href":"https:\/\/globalnavy.net\/pt-pt\/wp-json\/wp\/v2\/media?parent=1035"}],"curies":[{"name":"wp","href":"https:\/\/api.w.org\/{rel}","templated":true}]}}