
{"id":1047,"date":"2018-08-23T20:29:22","date_gmt":"2018-08-23T20:29:22","guid":{"rendered":"http:\/\/globalnavy.net\/costado\/"},"modified":"2019-08-26T16:46:10","modified_gmt":"2019-08-26T16:46:10","slug":"costado","status":"publish","type":"page","link":"https:\/\/globalnavy.net\/pt-pt\/costado\/","title":{"rendered":"Costado"},"content":{"rendered":"\t\t<div data-elementor-type=\"wp-post\" data-elementor-id=\"1047\" class=\"elementor elementor-1047 elementor-341\">\n\t\t\t\t\t\t<div class=\"elementor-inner\">\n\t\t\t\t<div class=\"elementor-section-wrap\">\n\t\t\t\t\t\t\t\t\t<section class=\"elementor-section elementor-top-section elementor-element elementor-element-cd3fbc3 elementor-section-boxed elementor-section-height-default elementor-section-height-default\" data-id=\"cd3fbc3\" data-element_type=\"section\">\n\t\t\t\t\t\t<div class=\"elementor-container elementor-column-gap-default\">\n\t\t\t\t\t\t\t<div class=\"elementor-row\">\n\t\t\t\t\t<div class=\"elementor-column elementor-col-100 elementor-top-column elementor-element elementor-element-8f91dbe\" data-id=\"8f91dbe\" data-element_type=\"column\">\n\t\t\t<div class=\"elementor-column-wrap elementor-element-populated\">\n\t\t\t\t\t\t\t<div class=\"elementor-widget-wrap\">\n\t\t\t\t\t\t<div class=\"elementor-element elementor-element-e1d2a63 elementor-widget elementor-widget-image\" data-id=\"e1d2a63\" data-element_type=\"widget\" data-widget_type=\"image.default\">\n\t\t\t\t<div class=\"elementor-widget-container\">\n\t\t\t\t\t\t\t\t<div class=\"elementor-image\">\n\t\t\t\t\t\t\t\t\t\t\t\t<img width=\"725\" height=\"150\" src=\"https:\/\/globalnavy.net\/wp-content\/uploads\/2018\/08\/topsides_scaled.jpg\" class=\"attachment-full size-full wp-image-513\" alt=\"\" loading=\"lazy\" srcset=\"https:\/\/globalnavy.net\/wp-content\/uploads\/2018\/08\/topsides_scaled.jpg 725w, https:\/\/globalnavy.net\/wp-content\/uploads\/2018\/08\/topsides_scaled-300x62.jpg 300w\" sizes=\"(max-width: 725px) 100vw, 725px\" \/>\t\t\t\t\t\t\t\t\t\t\t\t\t\t<\/div>\n\t\t\t\t\t\t<\/div>\n\t\t\t\t<\/div>\n\t\t\t\t\t\t<\/div>\n\t\t\t\t\t<\/div>\n\t\t<\/div>\n\t\t\t\t\t\t\t\t<\/div>\n\t\t\t\t\t<\/div>\n\t\t<\/section>\n\t\t\t\t<section class=\"elementor-section elementor-top-section elementor-element elementor-element-773a155 elementor-section-boxed elementor-section-height-default elementor-section-height-default\" data-id=\"773a155\" data-element_type=\"section\">\n\t\t\t\t\t\t<div class=\"elementor-container elementor-column-gap-default\">\n\t\t\t\t\t\t\t<div class=\"elementor-row\">\n\t\t\t\t\t<div class=\"elementor-column elementor-col-100 elementor-top-column elementor-element elementor-element-28f3292\" data-id=\"28f3292\" data-element_type=\"column\">\n\t\t\t<div class=\"elementor-column-wrap elementor-element-populated\">\n\t\t\t\t\t\t\t<div class=\"elementor-widget-wrap\">\n\t\t\t\t\t\t<div class=\"elementor-element elementor-element-9d2669b elementor-widget elementor-widget-text-editor\" data-id=\"9d2669b\" data-element_type=\"widget\" data-widget_type=\"text-editor.default\">\n\t\t\t\t<div class=\"elementor-widget-container\">\n\t\t\t\t\t\t\t\t<div class=\"elementor-text-editor elementor-clearfix\">\n\t\t\t\t<div class=\"justifiedtext\">\n<p>Durante a opera\u00e7\u00e3o, os costados de um navio est\u00e3o sujeitos a condi\u00e7\u00f5es climat\u00e9ricas muito severas e a impactos mec\u00e2nicos.<\/p>\n<p>Com o objetivo de assegurar excelentes sistemas de pintura, com um m\u00ednimo de manuten\u00e7\u00e3o nas \u00e1reas do costado, desenvolvemos tecnologia de ponta, que protege as superf\u00edcies da abras\u00e3o, corros\u00e3o e da degrada\u00e7\u00e3o devido \u00e0s intemp\u00e9ries.<\/p>\n<\/div>\n\t\t\t\t\t<\/div>\n\t\t\t\t\t\t<\/div>\n\t\t\t\t<\/div>\n\t\t\t\t\t\t<\/div>\n\t\t\t\t\t<\/div>\n\t\t<\/div>\n\t\t\t\t\t\t\t\t<\/div>\n\t\t\t\t\t<\/div>\n\t\t<\/section>\n\t\t\t\t<section class=\"elementor-section elementor-top-section elementor-element elementor-element-0af756e elementor-section-boxed elementor-section-height-default elementor-section-height-default\" data-id=\"0af756e\" data-element_type=\"section\">\n\t\t\t\t\t\t<div class=\"elementor-container elementor-column-gap-default\">\n\t\t\t\t\t\t\t<div class=\"elementor-row\">\n\t\t\t\t\t<div class=\"elementor-column elementor-col-100 elementor-top-column elementor-element elementor-element-ab7401b\" data-id=\"ab7401b\" data-element_type=\"column\">\n\t\t\t<div class=\"elementor-column-wrap elementor-element-populated\">\n\t\t\t\t\t\t\t<div class=\"elementor-widget-wrap\">\n\t\t\t\t\t\t<div class=\"elementor-element elementor-element-84645ba elementor-position-left elementor-view-default elementor-mobile-position-top elementor-vertical-align-top elementor-widget elementor-widget-icon-box\" data-id=\"84645ba\" data-element_type=\"widget\" data-widget_type=\"icon-box.default\">\n\t\t\t\t<div class=\"elementor-widget-container\">\n\t\t\t\t\t<div class=\"elementor-icon-box-wrapper\">\n\t\t\t\t\t\t<div class=\"elementor-icon-box-icon\">\n\t\t\t\t<span class=\"elementor-icon elementor-animation-\" >\n\t\t\t\t<i class=\"fa fa-check-circle\" aria-hidden=\"true\"><\/i>\t\t\t\t<\/span>\n\t\t\t<\/div>\n\t\t\t\t\t\t<div class=\"elementor-icon-box-content\">\n\t\t\t\t<h2 class=\"elementor-icon-box-title\">\n\t\t\t\t\t<span  >\n\t\t\t\t\t\tPorque deve escolher os revestimentos Globalnavy?\t\t\t\t\t<\/span>\n\t\t\t\t<\/h2>\n\t\t\t\t\t\t\t\t\t<p class=\"elementor-icon-box-description\">\n\t\t\t\t\t\t<p>A Globalnavy oferece uma vasta gama de revestimentos de alto desempenho, GlobalDur GN101, que apresentam excelente prote\u00e7\u00e3o anticorrosiva: os nossos revestimentos foram desenvolvidos para serem tolerantes, conversores, inibidores e  isentos de solventes minimizando os custo de manuten\u00e7\u00e3o; e acabamentos de alto desempenho, GlobalThane GN206, que mant\u00eam o bom aspecto est\u00e9tico do navio ao longo do tempo.<\/p>\n\t\t\t\t\t<\/p>\n\t\t\t\t\t\t\t<\/div>\n\t\t<\/div>\n\t\t\t\t<\/div>\n\t\t\t\t<\/div>\n\t\t\t\t\t\t<\/div>\n\t\t\t\t\t<\/div>\n\t\t<\/div>\n\t\t\t\t\t\t\t\t<\/div>\n\t\t\t\t\t<\/div>\n\t\t<\/section>\n\t\t\t\t<section class=\"elementor-section elementor-top-section elementor-element elementor-element-d2f2cfc elementor-section-boxed elementor-section-height-default elementor-section-height-default\" data-id=\"d2f2cfc\" data-element_type=\"section\">\n\t\t\t\t\t\t<div class=\"elementor-container elementor-column-gap-default\">\n\t\t\t\t\t\t\t<div class=\"elementor-row\">\n\t\t\t\t\t<div class=\"elementor-column elementor-col-100 elementor-top-column elementor-element elementor-element-5d5506a\" data-id=\"5d5506a\" data-element_type=\"column\">\n\t\t\t<div class=\"elementor-column-wrap elementor-element-populated\">\n\t\t\t\t\t\t\t<div class=\"elementor-widget-wrap\">\n\t\t\t\t\t\t<div class=\"elementor-element elementor-element-2ade47a elementor-position-left elementor-view-default elementor-mobile-position-top elementor-vertical-align-top elementor-widget elementor-widget-icon-box\" data-id=\"2ade47a\" data-element_type=\"widget\" data-widget_type=\"icon-box.default\">\n\t\t\t\t<div class=\"elementor-widget-container\">\n\t\t\t\t\t<div class=\"elementor-icon-box-wrapper\">\n\t\t\t\t\t\t<div class=\"elementor-icon-box-icon\">\n\t\t\t\t<span class=\"elementor-icon elementor-animation-\" >\n\t\t\t\t<i class=\"fa fa-thumbs-up\" aria-hidden=\"true\"><\/i>\t\t\t\t<\/span>\n\t\t\t<\/div>\n\t\t\t\t\t\t<div class=\"elementor-icon-box-content\">\n\t\t\t\t<h2 class=\"elementor-icon-box-title\">\n\t\t\t\t\t<span  >\n\t\t\t\t\t\tSistemas Aconselhados\t\t\t\t\t<\/span>\n\t\t\t\t<\/h2>\n\t\t\t\t\t\t\t\t\t<p class=\"elementor-icon-box-description\">\n\t\t\t\t\t\t<p>GlobalDur HASTIE_EXT (<a href=\"http:\/\/globalnavy.net\/pt-pt\/gn101lcep\/\">GN101LC<\/a> + <a href=\"http:\/\/globalnavy.net\/pt-pt\/gn206pf\/\">GN206PF<\/a>)<\/p>\n\t\t\t\t\t<\/p>\n\t\t\t\t\t\t\t<\/div>\n\t\t<\/div>\n\t\t\t\t<\/div>\n\t\t\t\t<\/div>\n\t\t\t\t\t\t<\/div>\n\t\t\t\t\t<\/div>\n\t\t<\/div>\n\t\t\t\t\t\t\t\t<\/div>\n\t\t\t\t\t<\/div>\n\t\t<\/section>\n\t\t\t\t<section class=\"elementor-section elementor-top-section elementor-element elementor-element-4fd08e8 elementor-section-boxed elementor-section-height-default elementor-section-height-default\" data-id=\"4fd08e8\" data-element_type=\"section\">\n\t\t\t\t\t\t<div class=\"elementor-container elementor-column-gap-default\">\n\t\t\t\t\t\t\t<div class=\"elementor-row\">\n\t\t\t\t\t<div class=\"elementor-column elementor-col-100 elementor-top-column elementor-element elementor-element-e278ff8\" data-id=\"e278ff8\" data-element_type=\"column\">\n\t\t\t<div class=\"elementor-column-wrap elementor-element-populated\">\n\t\t\t\t\t\t\t<div class=\"elementor-widget-wrap\">\n\t\t\t\t\t\t<div class=\"elementor-element elementor-element-666798e elementor-position-left elementor-view-default elementor-mobile-position-top elementor-vertical-align-top elementor-widget elementor-widget-icon-box\" data-id=\"666798e\" data-element_type=\"widget\" data-widget_type=\"icon-box.default\">\n\t\t\t\t<div class=\"elementor-widget-container\">\n\t\t\t\t\t<div class=\"elementor-icon-box-wrapper\">\n\t\t\t\t\t\t<div class=\"elementor-icon-box-icon\">\n\t\t\t\t<a class=\"elementor-icon elementor-animation-\" href=\"http:\/\/globalnavy.net\/pt-pt\/contactos\/\">\n\t\t\t\t<i class=\"fa fa-phone\" aria-hidden=\"true\"><\/i>\t\t\t\t<\/a>\n\t\t\t<\/div>\n\t\t\t\t\t\t<div class=\"elementor-icon-box-content\">\n\t\t\t\t<h2 class=\"elementor-icon-box-title\">\n\t\t\t\t\t<a href=\"http:\/\/globalnavy.net\/pt-pt\/contactos\/\" >\n\t\t\t\t\t\tContacte-nos\t\t\t\t\t<\/a>\n\t\t\t\t<\/h2>\n\t\t\t\t\t\t\t\t\t<p class=\"elementor-icon-box-description\">\n\t\t\t\t\t\t<p>Para escolher o sistema de revestimento de casco apropriado ao seu caso.<\/p>\n\t\t\t\t\t<\/p>\n\t\t\t\t\t\t\t<\/div>\n\t\t<\/div>\n\t\t\t\t<\/div>\n\t\t\t\t<\/div>\n\t\t\t\t\t\t<\/div>\n\t\t\t\t\t<\/div>\n\t\t<\/div>\n\t\t\t\t\t\t\t\t<\/div>\n\t\t\t\t\t<\/div>\n\t\t<\/section>\n\t\t\t\t\t\t\t\t\t<\/div>\n\t\t\t<\/div>\n\t\t\t\t\t<\/div>\n\t\t","protected":false},"excerpt":{"rendered":"<p>Durante a opera\u00e7\u00e3o, os costados de um navio est\u00e3o sujeitos a condi\u00e7\u00f5es climat\u00e9ricas muito severas e a impactos mec\u00e2nicos. Com o objetivo de assegurar excelentes sistemas de pintura, com um m\u00ednimo de manuten\u00e7\u00e3o nas \u00e1reas do costado, desenvolvemos tecnologia de ponta, que protege as superf\u00edcies da abras\u00e3o, corros\u00e3o e da degrada\u00e7\u00e3o devido \u00e0s intemp\u00e9ries. Porque &#8230; <a title=\"Costado\" class=\"read-more\" href=\"https:\/\/globalnavy.net\/pt-pt\/costado\/\" aria-label=\"Mais sobre Costado\">Ler mais<\/a><\/p>\n","protected":false},"author":1,"featured_media":0,"parent":0,"menu_order":0,"comment_status":"closed","ping_status":"closed","template":"","meta":{"_mi_skip_tracking":false,"_exactmetrics_sitenote_active":false,"_exactmetrics_sitenote_note":"","_exactmetrics_sitenote_category":0},"_links":{"self":[{"href":"https:\/\/globalnavy.net\/pt-pt\/wp-json\/wp\/v2\/pages\/1047"}],"collection":[{"href":"https:\/\/globalnavy.net\/pt-pt\/wp-json\/wp\/v2\/pages"}],"about":[{"href":"https:\/\/globalnavy.net\/pt-pt\/wp-json\/wp\/v2\/types\/page"}],"author":[{"embeddable":true,"href":"https:\/\/globalnavy.net\/pt-pt\/wp-json\/wp\/v2\/users\/1"}],"replies":[{"embeddable":true,"href":"https:\/\/globalnavy.net\/pt-pt\/wp-json\/wp\/v2\/comments?post=1047"}],"version-history":[{"count":3,"href":"https:\/\/globalnavy.net\/pt-pt\/wp-json\/wp\/v2\/pages\/1047\/revisions"}],"predecessor-version":[{"id":3064,"href":"https:\/\/globalnavy.net\/pt-pt\/wp-json\/wp\/v2\/pages\/1047\/revisions\/3064"}],"wp:attachment":[{"href":"https:\/\/globalnavy.net\/pt-pt\/wp-json\/wp\/v2\/media?parent=1047"}],"curies":[{"name":"wp","href":"https:\/\/api.w.org\/{rel}","templated":true}]}}