
{"id":1049,"date":"2018-08-23T20:33:48","date_gmt":"2018-08-23T20:33:48","guid":{"rendered":"http:\/\/globalnavy.net\/casco-submerso-e-fundo\/"},"modified":"2018-10-31T18:18:21","modified_gmt":"2018-10-31T18:18:21","slug":"casco-submerso-e-fundo","status":"publish","type":"page","link":"https:\/\/globalnavy.net\/pt-pt\/casco-submerso-e-fundo\/","title":{"rendered":"Casco Submerso e Fundo"},"content":{"rendered":"\t\t<div data-elementor-type=\"wp-post\" data-elementor-id=\"1049\" class=\"elementor elementor-1049 elementor-345 elementor-bc-flex-widget\">\n\t\t\t\t\t\t<div class=\"elementor-inner\">\n\t\t\t\t<div class=\"elementor-section-wrap\">\n\t\t\t\t\t\t\t\t\t<section class=\"elementor-section elementor-top-section elementor-element elementor-element-bbe70ec elementor-section-boxed elementor-section-height-default elementor-section-height-default\" data-id=\"bbe70ec\" data-element_type=\"section\">\n\t\t\t\t\t\t<div class=\"elementor-container elementor-column-gap-default\">\n\t\t\t\t\t\t\t<div class=\"elementor-row\">\n\t\t\t\t\t<div class=\"elementor-column elementor-col-100 elementor-top-column elementor-element elementor-element-ffb8c27\" data-id=\"ffb8c27\" data-element_type=\"column\">\n\t\t\t<div class=\"elementor-column-wrap elementor-element-populated\">\n\t\t\t\t\t\t\t<div class=\"elementor-widget-wrap\">\n\t\t\t\t\t\t<div class=\"elementor-element elementor-element-36b9222 elementor-widget elementor-widget-image\" data-id=\"36b9222\" data-element_type=\"widget\" data-widget_type=\"image.default\">\n\t\t\t\t<div class=\"elementor-widget-container\">\n\t\t\t\t\t\t\t\t<div class=\"elementor-image\">\n\t\t\t\t\t\t\t\t\t\t\t\t<img width=\"725\" height=\"150\" src=\"https:\/\/globalnavy.net\/wp-content\/uploads\/2018\/08\/underwater_hull_scaled.jpg\" class=\"attachment-full size-full wp-image-493\" alt=\"\" loading=\"lazy\" srcset=\"https:\/\/globalnavy.net\/wp-content\/uploads\/2018\/08\/underwater_hull_scaled.jpg 725w, https:\/\/globalnavy.net\/wp-content\/uploads\/2018\/08\/underwater_hull_scaled-300x62.jpg 300w\" sizes=\"(max-width: 725px) 100vw, 725px\" \/>\t\t\t\t\t\t\t\t\t\t\t\t\t\t<\/div>\n\t\t\t\t\t\t<\/div>\n\t\t\t\t<\/div>\n\t\t\t\t\t\t<\/div>\n\t\t\t\t\t<\/div>\n\t\t<\/div>\n\t\t\t\t\t\t\t\t<\/div>\n\t\t\t\t\t<\/div>\n\t\t<\/section>\n\t\t\t\t<section class=\"elementor-section elementor-top-section elementor-element elementor-element-773a155 elementor-section-boxed elementor-section-height-default elementor-section-height-default\" data-id=\"773a155\" data-element_type=\"section\">\n\t\t\t\t\t\t<div class=\"elementor-container elementor-column-gap-default\">\n\t\t\t\t\t\t\t<div class=\"elementor-row\">\n\t\t\t\t\t<div class=\"elementor-column elementor-col-100 elementor-top-column elementor-element elementor-element-28f3292\" data-id=\"28f3292\" data-element_type=\"column\">\n\t\t\t<div class=\"elementor-column-wrap elementor-element-populated\">\n\t\t\t\t\t\t\t<div class=\"elementor-widget-wrap\">\n\t\t\t\t\t\t<div class=\"elementor-element elementor-element-9d2669b elementor-widget elementor-widget-text-editor\" data-id=\"9d2669b\" data-element_type=\"widget\" data-widget_type=\"text-editor.default\">\n\t\t\t\t<div class=\"elementor-widget-container\">\n\t\t\t\t\t\t\t\t<div class=\"elementor-text-editor elementor-clearfix\">\n\t\t\t\t<div class=\"justifiedtext\">\n<p>No casco submerso de um navio dever\u00e1 existir, somente, um revestimento liso que permita uma perfeita navega\u00e7\u00e3o.<\/p>\n<p>A Globalnavy desenvolve sistemas anticorrosivos eficazes e antivegetativos eficientes, que mant\u00eam o casco do navio livre de corros\u00e3o e de organismos incrustantes, possibilitando maiores intervalos de manuten\u00e7\u00e3o e menores custos operacionais reduzindo ao m\u00e1ximo os custos totais. Com uma gama completa de produtos para este tipo de aplica\u00e7\u00e3o conseguimos especificar solu\u00e7\u00f5es para a maioria dos navios e atividades comerciais.<\/p>\n<\/div>\n\t\t\t\t\t<\/div>\n\t\t\t\t\t\t<\/div>\n\t\t\t\t<\/div>\n\t\t\t\t\t\t<\/div>\n\t\t\t\t\t<\/div>\n\t\t<\/div>\n\t\t\t\t\t\t\t\t<\/div>\n\t\t\t\t\t<\/div>\n\t\t<\/section>\n\t\t\t\t<section class=\"elementor-section elementor-top-section elementor-element elementor-element-0af756e elementor-section-boxed elementor-section-height-default elementor-section-height-default\" data-id=\"0af756e\" data-element_type=\"section\">\n\t\t\t\t\t\t<div class=\"elementor-container elementor-column-gap-default\">\n\t\t\t\t\t\t\t<div class=\"elementor-row\">\n\t\t\t\t\t<div class=\"elementor-column elementor-col-100 elementor-top-column elementor-element elementor-element-ab7401b\" data-id=\"ab7401b\" data-element_type=\"column\">\n\t\t\t<div class=\"elementor-column-wrap elementor-element-populated\">\n\t\t\t\t\t\t\t<div class=\"elementor-widget-wrap\">\n\t\t\t\t\t\t<div class=\"elementor-element elementor-element-84645ba elementor-position-left elementor-view-default elementor-mobile-position-top elementor-vertical-align-top elementor-widget elementor-widget-icon-box\" data-id=\"84645ba\" data-element_type=\"widget\" data-widget_type=\"icon-box.default\">\n\t\t\t\t<div class=\"elementor-widget-container\">\n\t\t\t\t\t<div class=\"elementor-icon-box-wrapper\">\n\t\t\t\t\t\t<div class=\"elementor-icon-box-icon\">\n\t\t\t\t<span class=\"elementor-icon elementor-animation-\" >\n\t\t\t\t<i class=\"fa fa-check-circle\" aria-hidden=\"true\"><\/i>\t\t\t\t<\/span>\n\t\t\t<\/div>\n\t\t\t\t\t\t<div class=\"elementor-icon-box-content\">\n\t\t\t\t<h2 class=\"elementor-icon-box-title\">\n\t\t\t\t\t<span  >\n\t\t\t\t\t\tPorque deve escolher os revestimentos Globalnavy?\t\t\t\t\t<\/span>\n\t\t\t\t<\/h2>\n\t\t\t\t\t\t\t\t\t<p class=\"elementor-icon-box-description\">\n\t\t\t\t\t\t<p>Focamo-nos em desenvolver e fabricar produtos, GlobalDur GN101, que permitam aumentar os intervalos de manuten\u00e7\u00e3o; o antivegetativo <a href=\"http:\/\/globalnavy.net\/pt-pt\/gn521af\/\">GlobalCryl GN521AF<\/a>, possibilita a redu\u00e7\u00e3o do consumo de combust\u00edvel e tamb\u00e9m dos tempos comerciais com o respetivo aumento de efici\u00eancia e competitividade da embarca\u00e7\u00e3o.<\/p>\n\t\t\t\t\t<\/p>\n\t\t\t\t\t\t\t<\/div>\n\t\t<\/div>\n\t\t\t\t<\/div>\n\t\t\t\t<\/div>\n\t\t\t\t\t\t<\/div>\n\t\t\t\t\t<\/div>\n\t\t<\/div>\n\t\t\t\t\t\t\t\t<\/div>\n\t\t\t\t\t<\/div>\n\t\t<\/section>\n\t\t\t\t<section class=\"elementor-section elementor-top-section elementor-element elementor-element-4fd08e8 elementor-section-boxed elementor-section-height-default elementor-section-height-default\" data-id=\"4fd08e8\" data-element_type=\"section\">\n\t\t\t\t\t\t<div class=\"elementor-container elementor-column-gap-default\">\n\t\t\t\t\t\t\t<div class=\"elementor-row\">\n\t\t\t\t\t<div class=\"elementor-column elementor-col-100 elementor-top-column elementor-element elementor-element-e278ff8\" data-id=\"e278ff8\" data-element_type=\"column\">\n\t\t\t<div class=\"elementor-column-wrap elementor-element-populated\">\n\t\t\t\t\t\t\t<div class=\"elementor-widget-wrap\">\n\t\t\t\t\t\t<div class=\"elementor-element elementor-element-666798e elementor-position-left elementor-view-default elementor-mobile-position-top elementor-vertical-align-top elementor-widget elementor-widget-icon-box\" data-id=\"666798e\" data-element_type=\"widget\" data-widget_type=\"icon-box.default\">\n\t\t\t\t<div class=\"elementor-widget-container\">\n\t\t\t\t\t<div class=\"elementor-icon-box-wrapper\">\n\t\t\t\t\t\t<div class=\"elementor-icon-box-icon\">\n\t\t\t\t<a class=\"elementor-icon elementor-animation-\" href=\"http:\/\/globalnavy.net\/pt-pt\/contactos\/\">\n\t\t\t\t<i class=\"fa fa-phone\" aria-hidden=\"true\"><\/i>\t\t\t\t<\/a>\n\t\t\t<\/div>\n\t\t\t\t\t\t<div class=\"elementor-icon-box-content\">\n\t\t\t\t<h2 class=\"elementor-icon-box-title\">\n\t\t\t\t\t<a href=\"http:\/\/globalnavy.net\/pt-pt\/contactos\/\" >\n\t\t\t\t\t\tContacte-nos\t\t\t\t\t<\/a>\n\t\t\t\t<\/h2>\n\t\t\t\t\t\t\t\t\t<p class=\"elementor-icon-box-description\">\n\t\t\t\t\t\t<p>Para escolher o sistema de revestimento anti-corrosivo apropriado ao seu caso.<\/p>\n\t\t\t\t\t<\/p>\n\t\t\t\t\t\t\t<\/div>\n\t\t<\/div>\n\t\t\t\t<\/div>\n\t\t\t\t<\/div>\n\t\t\t\t\t\t<\/div>\n\t\t\t\t\t<\/div>\n\t\t<\/div>\n\t\t\t\t\t\t\t\t<\/div>\n\t\t\t\t\t<\/div>\n\t\t<\/section>\n\t\t\t\t\t\t\t\t\t<\/div>\n\t\t\t<\/div>\n\t\t\t\t\t<\/div>\n\t\t","protected":false},"excerpt":{"rendered":"<p>No casco submerso de um navio dever\u00e1 existir, somente, um revestimento liso que permita uma perfeita navega\u00e7\u00e3o. A Globalnavy desenvolve sistemas anticorrosivos eficazes e antivegetativos eficientes, que mant\u00eam o casco do navio livre de corros\u00e3o e de organismos incrustantes, possibilitando maiores intervalos de manuten\u00e7\u00e3o e menores custos operacionais reduzindo ao m\u00e1ximo os custos totais. Com &#8230; <a title=\"Casco Submerso e Fundo\" class=\"read-more\" href=\"https:\/\/globalnavy.net\/pt-pt\/casco-submerso-e-fundo\/\" aria-label=\"Mais sobre Casco Submerso e Fundo\">Ler mais<\/a><\/p>\n","protected":false},"author":1,"featured_media":0,"parent":0,"menu_order":0,"comment_status":"closed","ping_status":"closed","template":"","meta":{"_mi_skip_tracking":false,"_exactmetrics_sitenote_active":false,"_exactmetrics_sitenote_note":"","_exactmetrics_sitenote_category":0},"_links":{"self":[{"href":"https:\/\/globalnavy.net\/pt-pt\/wp-json\/wp\/v2\/pages\/1049"}],"collection":[{"href":"https:\/\/globalnavy.net\/pt-pt\/wp-json\/wp\/v2\/pages"}],"about":[{"href":"https:\/\/globalnavy.net\/pt-pt\/wp-json\/wp\/v2\/types\/page"}],"author":[{"embeddable":true,"href":"https:\/\/globalnavy.net\/pt-pt\/wp-json\/wp\/v2\/users\/1"}],"replies":[{"embeddable":true,"href":"https:\/\/globalnavy.net\/pt-pt\/wp-json\/wp\/v2\/comments?post=1049"}],"version-history":[{"count":3,"href":"https:\/\/globalnavy.net\/pt-pt\/wp-json\/wp\/v2\/pages\/1049\/revisions"}],"predecessor-version":[{"id":2868,"href":"https:\/\/globalnavy.net\/pt-pt\/wp-json\/wp\/v2\/pages\/1049\/revisions\/2868"}],"wp:attachment":[{"href":"https:\/\/globalnavy.net\/pt-pt\/wp-json\/wp\/v2\/media?parent=1049"}],"curies":[{"name":"wp","href":"https:\/\/api.w.org\/{rel}","templated":true}]}}