
{"id":1051,"date":"2018-08-23T23:13:37","date_gmt":"2018-08-23T23:13:37","guid":{"rendered":"http:\/\/globalnavy.net\/iates\/"},"modified":"2026-01-30T13:25:55","modified_gmt":"2026-01-30T13:25:55","slug":"iates","status":"publish","type":"page","link":"https:\/\/globalnavy.net\/pt-pt\/iates\/","title":{"rendered":"Iates"},"content":{"rendered":"\t\t<div data-elementor-type=\"wp-page\" data-elementor-id=\"1051\" class=\"elementor elementor-1051 elementor-354\">\n\t\t\t\t\t\t<div class=\"elementor-inner\">\n\t\t\t\t<div class=\"elementor-section-wrap\">\n\t\t\t\t\t\t\t\t\t<section class=\"elementor-section elementor-top-section elementor-element elementor-element-35b1fcb1 elementor-section-boxed elementor-section-height-default elementor-section-height-default\" data-id=\"35b1fcb1\" data-element_type=\"section\">\n\t\t\t\t\t\t<div class=\"elementor-container elementor-column-gap-default\">\n\t\t\t\t\t\t\t<div class=\"elementor-row\">\n\t\t\t\t\t<div class=\"elementor-column elementor-col-100 elementor-top-column elementor-element elementor-element-378652d0\" data-id=\"378652d0\" data-element_type=\"column\">\n\t\t\t<div class=\"elementor-column-wrap elementor-element-populated\">\n\t\t\t\t\t\t\t<div class=\"elementor-widget-wrap\">\n\t\t\t\t\t\t<div class=\"elementor-element elementor-element-38c6248d elementor-widget elementor-widget-text-editor\" data-id=\"38c6248d\" data-element_type=\"widget\" data-widget_type=\"text-editor.default\">\n\t\t\t\t<div class=\"elementor-widget-container\">\n\t\t\t\t\t\t\t\t<div class=\"elementor-text-editor elementor-clearfix\">\n\t\t\t\t<div class=\"justifiedtext\">\n\n<img loading=\"lazy\" src=\"http:\/\/globalnavy.net\/wp-content\/uploads\/2018\/09\/yacht_scaled_v2.jpg\" alt=\"\" width=\"725\" height=\"150\" class=\"alignnone size-full wp-image-2007\" srcset=\"https:\/\/globalnavy.net\/wp-content\/uploads\/2018\/09\/yacht_scaled_v2.jpg 725w, https:\/\/globalnavy.net\/wp-content\/uploads\/2018\/09\/yacht_scaled_v2-300x62.jpg 300w\" sizes=\"(max-width: 725px) 100vw, 725px\" \/>\n\n<p>O nosso objetivo \u00e9 manter o iate em excelentes condi\u00e7\u00f5es, tanto no interior como no exterior, a partir da sua constru\u00e7\u00e3o e ao longo de muitos anos de opera\u00e7\u00e3o eficiente.<\/p>\n\n<p>A Globalnavy produz uma ampla gama de produtos para embarca\u00e7\u00f5es, oferecendo-lhe a melhor solu\u00e7\u00e3o para uma manuten\u00e7\u00e3o f\u00e1cil e eficiente do seu barco, mantendo-o como novo toda a temporada. Fabricamos tintas e vernizes com os mais altos padr\u00f5es de qualidade e utilizamos uma solu\u00e7\u00e3o de baixo solvente para reduzir o impacto ambiental.<\/p>\n\n<h2>Saiba mais<\/h2>\n\n<div class=\"subsegment_list\">\n<ul>\n<li><a href=\"http:\/\/globalnavy.net\/pt-pt\/abaixo-da-linha-de-agua\/\">Abaixo da Linha de \u00c1gua<\/a><\/li>\n<li><a href=\"http:\/\/globalnavy.net\/pt-pt\/acima-da-linha-de-agua\/\">Acima da Linha de \u00c1gua<\/a><\/li>\n<\/ul>\n<\/div>\n\n<h2>Downloads<\/h2>\n\n<a class=\"brochure_link\" href=\"https:\/\/globalnavy.net\/wp-content\/uploads\/2026\/01\/Brochura-Protective-Coatings_Revestimentos-Anticorrosivos_2026_PT_EN.pdf\" target=\"_blank\"> Brochura Protective Coatings<\/a><a class=\"brochure_link\" href=\"http:\/\/globalnavy.net\/wp-content\/uploads\/2018\/10\/Yatch2_Produtos-Embarca\u00e7\u00f5es_PT_UK_FR_VN.pdf\" target=\"_blank\">Produtos Embarca\u00e7\u00f5es<\/a><a class=\"brochure_link\" href=\"https:\/\/globalnavy.net\/wp-content\/uploads\/2026\/01\/Brochura-revestimento-embarcacoes-Portugues-2020_compressed.pdf\" target=\"_blank\">Brochura Revestimentos Embarca\u00e7\u00f5es<\/a>\n\n\n<\/div>\t\t\t\t\t<\/div>\n\t\t\t\t\t\t<\/div>\n\t\t\t\t<\/div>\n\t\t\t\t\t\t<\/div>\n\t\t\t\t\t<\/div>\n\t\t<\/div>\n\t\t\t\t\t\t\t\t<\/div>\n\t\t\t\t\t<\/div>\n\t\t<\/section>\n\t\t\t\t\t\t\t\t\t<\/div>\n\t\t\t<\/div>\n\t\t\t\t\t<\/div>\n\t\t","protected":false},"excerpt":{"rendered":"<p>O nosso objetivo \u00e9 manter o iate em excelentes condi\u00e7\u00f5es, tanto no interior como no exterior, a partir da sua constru\u00e7\u00e3o e ao longo de muitos anos de opera\u00e7\u00e3o eficiente. A Globalnavy produz uma ampla gama de produtos para embarca\u00e7\u00f5es, oferecendo-lhe a melhor solu\u00e7\u00e3o para uma manuten\u00e7\u00e3o f\u00e1cil e eficiente do seu barco, mantendo-o como &#8230; <a title=\"Iates\" class=\"read-more\" href=\"https:\/\/globalnavy.net\/pt-pt\/iates\/\" aria-label=\"Mais sobre Iates\">Ler mais<\/a><\/p>\n","protected":false},"author":1,"featured_media":0,"parent":0,"menu_order":0,"comment_status":"closed","ping_status":"closed","template":"","meta":{"_mi_skip_tracking":false,"_exactmetrics_sitenote_active":false,"_exactmetrics_sitenote_note":"","_exactmetrics_sitenote_category":0},"_links":{"self":[{"href":"https:\/\/globalnavy.net\/pt-pt\/wp-json\/wp\/v2\/pages\/1051"}],"collection":[{"href":"https:\/\/globalnavy.net\/pt-pt\/wp-json\/wp\/v2\/pages"}],"about":[{"href":"https:\/\/globalnavy.net\/pt-pt\/wp-json\/wp\/v2\/types\/page"}],"author":[{"embeddable":true,"href":"https:\/\/globalnavy.net\/pt-pt\/wp-json\/wp\/v2\/users\/1"}],"replies":[{"embeddable":true,"href":"https:\/\/globalnavy.net\/pt-pt\/wp-json\/wp\/v2\/comments?post=1051"}],"version-history":[{"count":9,"href":"https:\/\/globalnavy.net\/pt-pt\/wp-json\/wp\/v2\/pages\/1051\/revisions"}],"predecessor-version":[{"id":6845,"href":"https:\/\/globalnavy.net\/pt-pt\/wp-json\/wp\/v2\/pages\/1051\/revisions\/6845"}],"wp:attachment":[{"href":"https:\/\/globalnavy.net\/pt-pt\/wp-json\/wp\/v2\/media?parent=1051"}],"curies":[{"name":"wp","href":"https:\/\/api.w.org\/{rel}","templated":true}]}}