
{"id":1057,"date":"2018-08-23T23:25:00","date_gmt":"2018-08-23T23:25:00","guid":{"rendered":"http:\/\/globalnavy.net\/industria-e-protective\/"},"modified":"2026-01-23T17:34:18","modified_gmt":"2026-01-23T17:34:18","slug":"industria-e-protective","status":"publish","type":"page","link":"https:\/\/globalnavy.net\/pt-pt\/industria-e-protective\/","title":{"rendered":"Ind\u00fastria e Protective"},"content":{"rendered":"\t\t<div data-elementor-type=\"wp-page\" data-elementor-id=\"1057\" class=\"elementor elementor-1057 elementor-365\">\n\t\t\t\t\t\t<div class=\"elementor-inner\">\n\t\t\t\t<div class=\"elementor-section-wrap\">\n\t\t\t\t\t\t\t\t\t<section class=\"elementor-section elementor-top-section elementor-element elementor-element-18ec8880 elementor-section-boxed elementor-section-height-default elementor-section-height-default\" data-id=\"18ec8880\" data-element_type=\"section\">\n\t\t\t\t\t\t<div class=\"elementor-container elementor-column-gap-default\">\n\t\t\t\t\t\t\t<div class=\"elementor-row\">\n\t\t\t\t\t<div class=\"elementor-column elementor-col-100 elementor-top-column elementor-element elementor-element-5108cd7d\" data-id=\"5108cd7d\" data-element_type=\"column\">\n\t\t\t<div class=\"elementor-column-wrap elementor-element-populated\">\n\t\t\t\t\t\t\t<div class=\"elementor-widget-wrap\">\n\t\t\t\t\t\t<div class=\"elementor-element elementor-element-57776dc0 elementor-widget elementor-widget-text-editor\" data-id=\"57776dc0\" data-element_type=\"widget\" data-widget_type=\"text-editor.default\">\n\t\t\t\t<div class=\"elementor-widget-container\">\n\t\t\t\t\t\t\t\t<div class=\"elementor-text-editor elementor-clearfix\">\n\t\t\t\t<div class=\"justifiedtext\">\n<p><img loading=\"lazy\" src=\"http:\/\/globalnavy.net\/wp-content\/uploads\/2018\/08\/protective_scaled.jpg\" alt=\"\" width=\"725\" height=\"150\" class=\"alignnone size-full wp-image-541\" srcset=\"https:\/\/globalnavy.net\/wp-content\/uploads\/2018\/08\/protective_scaled.jpg 725w, https:\/\/globalnavy.net\/wp-content\/uploads\/2018\/08\/protective_scaled-300x62.jpg 300w\" sizes=\"(max-width: 725px) 100vw, 725px\" \/><\/p>\n<p>Um revestimento de prote\u00e7\u00e3o \u00e9 desenvolvido para resistir \u00e0 intemp\u00e9rie e a danos mec\u00e2nicos que resultam da exposi\u00e7\u00e3o a condi\u00e7\u00f5es ambientais adversas e\/ou \u00e0 utiliza\u00e7\u00e3o de dispositivos e equipamentos industriais.<\/p>\n<p>A Globalnavy oferece uma vasta gama de produtos para revestimentos de prote\u00e7\u00e3o. Em todos os casos, a fun\u00e7\u00e3o principal \u00e9 a de permitir que os seus bens permane\u00e7am em excelentes condi\u00e7\u00f5es ao longo do tempo, proporcionando uma elevada prote\u00e7\u00e3o a agentes qu\u00edmicos, abras\u00e3o e radia\u00e7\u00e3o UV mantendo o seu aspeto como novo.<\/p>\n<h2>Saiba mais<\/h2>\n<div class=\"subsegment_list\">\n<ul>\n<li><a href=\"http:\/\/globalnavy.net\/pt-pt\/quimica-papel-e-celulose\/\">Qu\u00edmica, Papel e Celulose<\/a><\/li>\n<li><a href=\"http:\/\/globalnavy.net\/pt-pt\/contentores\/\">Contentores<\/a><\/li>\n<li><a href=\"http:\/\/globalnavy.net\/pt-pt\/infraestruturas\/\">Infraestruturas<\/a><\/li>\n<li><a href=\"http:\/\/globalnavy.net\/pt-pt\/industria-de-extracao\/\">Ind\u00fastria de Extra\u00e7\u00e3o<\/a><\/li>\n<li><a href=\"http:\/\/globalnavy.net\/pt-pt\/petroleo-e-gas\/\">Petr\u00f3leo e G\u00e1s<\/a><\/li>\n<li><a href=\"http:\/\/globalnavy.net\/pt-pt\/centrais-eletricas\/\">Centrais El\u00e9tricas<\/a><\/li>\n<li><a href=\"http:\/\/globalnavy.net\/pt-pt\/aplicacao-subaquatica\/\">Aplica\u00e7\u00e3o Subaqu\u00e1tica<\/a><\/li>\n<\/ul>\n<\/div>\n<h2>Downloads<\/h2>\n<p><a class=\"brochure_link\" href=\"https:\/\/globalnavy.net\/wp-content\/uploads\/2026\/01\/Brochura-Protective-Coatings_Revestimentos-Anticorrosivos_2026_PT_EN.pdf\" target=\"_blank\">Brochura Protective Coatings<\/a><a class=\"brochure_link\" href=<a class=\"brochure_link\" href=\"http:\/\/globalnavy.net\/wp-content\/uploads\/2018\/10\/Protective3_Esquemas_de_Pintura_PT.pdf\" target=\"_blank\">Esquemas de Pintura<\/a><a class=\"brochure_link\" href=\"http:\/\/globalnavy.net\/wp-content\/uploads\/2018\/10\/Protective4_CUI_1_2016_GLOBALNAVY_PT_UK_FR_VN.pdf\" target=\"_blank\">C.U.I.<\/a><a class=\"brochure_link\" href=\"http:\/\/globalnavy.net\/wp - content\/uploads\/2021\/11\/Monofolha-101EP_12-v15.pdf\" target=\"_blank\">Monofolha GN101EP<\/a>\n<\/p><\/div>\t\t\t\t\t<\/div>\n\t\t\t\t\t\t<\/div>\n\t\t\t\t<\/div>\n\t\t\t\t\t\t<\/div>\n\t\t\t\t\t<\/div>\n\t\t<\/div>\n\t\t\t\t\t\t\t\t<\/div>\n\t\t\t\t\t<\/div>\n\t\t<\/section>\n\t\t\t\t\t\t\t\t\t<\/div>\n\t\t\t<\/div>\n\t\t\t\t\t<\/div>\n\t\t","protected":false},"excerpt":{"rendered":"<p>Um revestimento de prote\u00e7\u00e3o \u00e9 desenvolvido para resistir \u00e0 intemp\u00e9rie e a danos mec\u00e2nicos que resultam da exposi\u00e7\u00e3o a condi\u00e7\u00f5es ambientais adversas e\/ou \u00e0 utiliza\u00e7\u00e3o de dispositivos e equipamentos industriais. A Globalnavy oferece uma vasta gama de produtos para revestimentos de prote\u00e7\u00e3o. Em todos os casos, a fun\u00e7\u00e3o principal \u00e9 a de permitir que os &#8230; <a title=\"Ind\u00fastria e Protective\" class=\"read-more\" href=\"https:\/\/globalnavy.net\/pt-pt\/industria-e-protective\/\" aria-label=\"Mais sobre Ind\u00fastria e Protective\">Ler mais<\/a><\/p>\n","protected":false},"author":1,"featured_media":0,"parent":0,"menu_order":0,"comment_status":"closed","ping_status":"closed","template":"","meta":{"_mi_skip_tracking":false,"_exactmetrics_sitenote_active":false,"_exactmetrics_sitenote_note":"","_exactmetrics_sitenote_category":0},"_links":{"self":[{"href":"https:\/\/globalnavy.net\/pt-pt\/wp-json\/wp\/v2\/pages\/1057"}],"collection":[{"href":"https:\/\/globalnavy.net\/pt-pt\/wp-json\/wp\/v2\/pages"}],"about":[{"href":"https:\/\/globalnavy.net\/pt-pt\/wp-json\/wp\/v2\/types\/page"}],"author":[{"embeddable":true,"href":"https:\/\/globalnavy.net\/pt-pt\/wp-json\/wp\/v2\/users\/1"}],"replies":[{"embeddable":true,"href":"https:\/\/globalnavy.net\/pt-pt\/wp-json\/wp\/v2\/comments?post=1057"}],"version-history":[{"count":47,"href":"https:\/\/globalnavy.net\/pt-pt\/wp-json\/wp\/v2\/pages\/1057\/revisions"}],"predecessor-version":[{"id":6807,"href":"https:\/\/globalnavy.net\/pt-pt\/wp-json\/wp\/v2\/pages\/1057\/revisions\/6807"}],"wp:attachment":[{"href":"https:\/\/globalnavy.net\/pt-pt\/wp-json\/wp\/v2\/media?parent=1057"}],"curies":[{"name":"wp","href":"https:\/\/api.w.org\/{rel}","templated":true}]}}