
{"id":1059,"date":"2018-08-23T23:36:13","date_gmt":"2018-08-23T23:36:13","guid":{"rendered":"http:\/\/globalnavy.net\/quimica-papel-e-celulose\/"},"modified":"2018-10-31T19:21:20","modified_gmt":"2018-10-31T19:21:20","slug":"quimica-papel-e-celulose","status":"publish","type":"page","link":"https:\/\/globalnavy.net\/pt-pt\/quimica-papel-e-celulose\/","title":{"rendered":"Qu\u00edmica, Papel e Celulose"},"content":{"rendered":"\t\t<div data-elementor-type=\"wp-post\" data-elementor-id=\"1059\" class=\"elementor elementor-1059 elementor-367 elementor-bc-flex-widget\">\n\t\t\t\t\t\t<div class=\"elementor-inner\">\n\t\t\t\t<div class=\"elementor-section-wrap\">\n\t\t\t\t\t\t\t\t\t<section class=\"elementor-section elementor-top-section elementor-element elementor-element-2bc0cd2 elementor-section-boxed elementor-section-height-default elementor-section-height-default\" data-id=\"2bc0cd2\" data-element_type=\"section\">\n\t\t\t\t\t\t<div class=\"elementor-container elementor-column-gap-default\">\n\t\t\t\t\t\t\t<div class=\"elementor-row\">\n\t\t\t\t\t<div class=\"elementor-column elementor-col-100 elementor-top-column elementor-element elementor-element-2b83f98\" data-id=\"2b83f98\" data-element_type=\"column\">\n\t\t\t<div class=\"elementor-column-wrap elementor-element-populated\">\n\t\t\t\t\t\t\t<div class=\"elementor-widget-wrap\">\n\t\t\t\t\t\t<div class=\"elementor-element elementor-element-a98b2f5 elementor-widget elementor-widget-image\" data-id=\"a98b2f5\" data-element_type=\"widget\" data-widget_type=\"image.default\">\n\t\t\t\t<div class=\"elementor-widget-container\">\n\t\t\t\t\t\t\t\t<div class=\"elementor-image\">\n\t\t\t\t\t\t\t\t\t\t\t\t<img width=\"725\" height=\"150\" src=\"https:\/\/globalnavy.net\/wp-content\/uploads\/2018\/08\/chemical_pulp_and_paper_industry_scaled.jpg\" class=\"attachment-full size-full wp-image-545\" alt=\"\" loading=\"lazy\" srcset=\"https:\/\/globalnavy.net\/wp-content\/uploads\/2018\/08\/chemical_pulp_and_paper_industry_scaled.jpg 725w, https:\/\/globalnavy.net\/wp-content\/uploads\/2018\/08\/chemical_pulp_and_paper_industry_scaled-300x62.jpg 300w\" sizes=\"(max-width: 725px) 100vw, 725px\" \/>\t\t\t\t\t\t\t\t\t\t\t\t\t\t<\/div>\n\t\t\t\t\t\t<\/div>\n\t\t\t\t<\/div>\n\t\t\t\t\t\t<\/div>\n\t\t\t\t\t<\/div>\n\t\t<\/div>\n\t\t\t\t\t\t\t\t<\/div>\n\t\t\t\t\t<\/div>\n\t\t<\/section>\n\t\t\t\t<section class=\"elementor-section elementor-top-section elementor-element elementor-element-773a155 elementor-section-boxed elementor-section-height-default elementor-section-height-default\" data-id=\"773a155\" data-element_type=\"section\">\n\t\t\t\t\t\t<div class=\"elementor-container elementor-column-gap-default\">\n\t\t\t\t\t\t\t<div class=\"elementor-row\">\n\t\t\t\t\t<div class=\"elementor-column elementor-col-100 elementor-top-column elementor-element elementor-element-28f3292\" data-id=\"28f3292\" data-element_type=\"column\">\n\t\t\t<div class=\"elementor-column-wrap elementor-element-populated\">\n\t\t\t\t\t\t\t<div class=\"elementor-widget-wrap\">\n\t\t\t\t\t\t<div class=\"elementor-element elementor-element-9d2669b elementor-widget elementor-widget-text-editor\" data-id=\"9d2669b\" data-element_type=\"widget\" data-widget_type=\"text-editor.default\">\n\t\t\t\t<div class=\"elementor-widget-container\">\n\t\t\t\t\t\t\t\t<div class=\"elementor-text-editor elementor-clearfix\">\n\t\t\t\t<div class=\"justifiedtext\">\n<p>A Globalnavy fabrica um largo espetro de revestimentos industriais para a ind\u00fastria qu\u00edmica, agroqu\u00edmica, f\u00e1bricas de pasta de papel, celulose, entre outras.<\/p>\n<p>Tanto para uma nova constru\u00e7\u00e3o ou uma manuten\u00e7\u00e3o, os sistemas de revestimento da Globalnavy para a\u00e7o e bet\u00e3o  garantem uma durabilidade, qualidade e r\u00e1pida aplica\u00e7\u00e3o &#8211; o que significa uma prote\u00e7\u00e3o anticorrosiva duradoura, minimizando perdas devido ao tempo de paragem.<\/p>\n<p>Os nossos servi\u00e7os t\u00e9cnicos est\u00e3o focados e comprometidos no melhor aconselhamento em sistemas de pintura, recomendando uma solu\u00e7\u00e3o que responda \u00e0s suas maiores exig\u00eancias de prote\u00e7\u00e3o num projeto industrial.<\/p>\n<\/div>\n\t\t\t\t\t<\/div>\n\t\t\t\t\t\t<\/div>\n\t\t\t\t<\/div>\n\t\t\t\t\t\t<\/div>\n\t\t\t\t\t<\/div>\n\t\t<\/div>\n\t\t\t\t\t\t\t\t<\/div>\n\t\t\t\t\t<\/div>\n\t\t<\/section>\n\t\t\t\t<section class=\"elementor-section elementor-top-section elementor-element elementor-element-867893d elementor-section-boxed elementor-section-height-default elementor-section-height-default\" data-id=\"867893d\" data-element_type=\"section\">\n\t\t\t\t\t\t<div class=\"elementor-container elementor-column-gap-default\">\n\t\t\t\t\t\t\t<div class=\"elementor-row\">\n\t\t\t\t\t<div class=\"elementor-column elementor-col-100 elementor-top-column elementor-element elementor-element-f209082\" data-id=\"f209082\" data-element_type=\"column\">\n\t\t\t<div class=\"elementor-column-wrap elementor-element-populated\">\n\t\t\t\t\t\t\t<div class=\"elementor-widget-wrap\">\n\t\t\t\t\t\t<section class=\"elementor-section elementor-inner-section elementor-element elementor-element-e56846d elementor-section-boxed elementor-section-height-default elementor-section-height-default\" data-id=\"e56846d\" data-element_type=\"section\">\n\t\t\t\t\t\t<div class=\"elementor-container elementor-column-gap-default\">\n\t\t\t\t\t\t\t<div class=\"elementor-row\">\n\t\t\t\t\t<div class=\"elementor-column elementor-col-50 elementor-inner-column elementor-element elementor-element-4e89b60\" data-id=\"4e89b60\" data-element_type=\"column\">\n\t\t\t<div class=\"elementor-column-wrap elementor-element-populated\">\n\t\t\t\t\t\t\t<div class=\"elementor-widget-wrap\">\n\t\t\t\t\t\t<div class=\"elementor-element elementor-element-429eb6b elementor-widget elementor-widget-html\" data-id=\"429eb6b\" data-element_type=\"widget\" data-widget_type=\"html.default\">\n\t\t\t\t<div class=\"elementor-widget-container\">\n\t\t\t<h3><strong>A\u00e7o<\/strong><\/h3>\n<ul style=\"margin-left:20px; list-style-type:square;\">\n<li>Passadi\u00e7os<\/li>\n<li>Pavimentos<\/li>\n<li>Chamin\u00e9s industriais<\/li>\n<li>Tubagens<\/li>\n<li>Estruturas met\u00e1licas<\/li>\n<li>Dep\u00f3sitos de armazenamento<\/li>\n<li>Revestimentos de tanques<\/li>\n<li>Outras<\/li>\n<\/ul>\n\t\t<\/div>\n\t\t\t\t<\/div>\n\t\t\t\t\t\t<\/div>\n\t\t\t\t\t<\/div>\n\t\t<\/div>\n\t\t\t\t<div class=\"elementor-column elementor-col-50 elementor-inner-column elementor-element elementor-element-ed90b7a\" data-id=\"ed90b7a\" data-element_type=\"column\">\n\t\t\t<div class=\"elementor-column-wrap elementor-element-populated\">\n\t\t\t\t\t\t\t<div class=\"elementor-widget-wrap\">\n\t\t\t\t\t\t<div class=\"elementor-element elementor-element-0a41722 elementor-widget elementor-widget-html\" data-id=\"0a41722\" data-element_type=\"widget\" data-widget_type=\"html.default\">\n\t\t\t\t<div class=\"elementor-widget-container\">\n\t\t\t<h3><strong>Bet\u00e3o<\/strong><\/h3>\n<ul style=\"margin-left:20px; list-style-type:square;\">\n<li>Passadi\u00e7os<\/li>\n<li>Pavimentos<\/li>\n<li>Chamin\u00e9s industriais<\/li>\n<li>Tubagens<\/li>\n<li>Dep\u00f3sitos de armazenamento<\/li>\n<li>Revestimentos de tanques<\/li>\n<li>Tratamentos de \u00e1guas residuais<\/li>\n<li>Outras<\/li>\n<\/ul>\n\t\t<\/div>\n\t\t\t\t<\/div>\n\t\t\t\t\t\t<\/div>\n\t\t\t\t\t<\/div>\n\t\t<\/div>\n\t\t\t\t\t\t\t\t<\/div>\n\t\t\t\t\t<\/div>\n\t\t<\/section>\n\t\t\t\t\t\t<\/div>\n\t\t\t\t\t<\/div>\n\t\t<\/div>\n\t\t\t\t\t\t\t\t<\/div>\n\t\t\t\t\t<\/div>\n\t\t<\/section>\n\t\t\t\t<section class=\"elementor-section elementor-top-section elementor-element elementor-element-0af756e elementor-section-boxed elementor-section-height-default elementor-section-height-default\" data-id=\"0af756e\" data-element_type=\"section\">\n\t\t\t\t\t\t<div class=\"elementor-container elementor-column-gap-default\">\n\t\t\t\t\t\t\t<div class=\"elementor-row\">\n\t\t\t\t\t<div class=\"elementor-column elementor-col-100 elementor-top-column elementor-element elementor-element-ab7401b\" data-id=\"ab7401b\" data-element_type=\"column\">\n\t\t\t<div class=\"elementor-column-wrap elementor-element-populated\">\n\t\t\t\t\t\t\t<div class=\"elementor-widget-wrap\">\n\t\t\t\t\t\t<div class=\"elementor-element elementor-element-84645ba elementor-position-left elementor-view-default elementor-mobile-position-top elementor-vertical-align-top elementor-widget elementor-widget-icon-box\" data-id=\"84645ba\" data-element_type=\"widget\" data-widget_type=\"icon-box.default\">\n\t\t\t\t<div class=\"elementor-widget-container\">\n\t\t\t\t\t<div class=\"elementor-icon-box-wrapper\">\n\t\t\t\t\t\t<div class=\"elementor-icon-box-icon\">\n\t\t\t\t<span class=\"elementor-icon elementor-animation-\" >\n\t\t\t\t<i class=\"fa fa-check-circle\" aria-hidden=\"true\"><\/i>\t\t\t\t<\/span>\n\t\t\t<\/div>\n\t\t\t\t\t\t<div class=\"elementor-icon-box-content\">\n\t\t\t\t<h2 class=\"elementor-icon-box-title\">\n\t\t\t\t\t<span  >\n\t\t\t\t\t\tPorque deve escolher os revestimentos Globalnavy?\t\t\t\t\t<\/span>\n\t\t\t\t<\/h2>\n\t\t\t\t\t\t\t\t\t<p class=\"elementor-icon-box-description\">\n\t\t\t\t\t\t<p>Os sistemas de pintura devem ser solu\u00e7\u00f5es de alta performance capazes e eficazes durante longos per\u00edodos de tempo. Neste sentido, a Globalnavy desenvolve e fabrica uma larga gama de revestimentos que permitem desenhar sistemas adequados \u00e0s mais diversas situa\u00e7\u00f5es, assim como solu\u00e7\u00f5es \u00e0 sua medida.<\/p>\n<p>A Globalnavy oferece uma vasta gama de revestimentos de alto desempenho, GlobalDur GN101, para a prote\u00e7\u00e3o qu\u00edmica e anticorrosiva que apresentam:<\/p>\n<p>&rArr; Excelente resist\u00eancia \u00e0 corros\u00e3o: os nossos revestimentos foram desenvolvidos para serem tolerantes, conversores, inibidores e  isentos de solventes de forma a maximizar  a prote\u00e7\u00e3o anticorrosiva, minimizando os custo de manuten\u00e7\u00e3o;<\/p>\n<p>&rArr; Facilidade na aplica\u00e7\u00e3o: a nossa gama de prim\u00e1rios possibilita uma cura r\u00e1pida e a sua aplica\u00e7\u00e3o nas mais diferentes condi\u00e7\u00f5es ambientais (baixas e altas temperaturas, humidades extremas\/abaixo do ponto de orvalho) e nos mais variados tratamentos de superf\u00edcie (tratamento mec\u00e2nico, decapagem\/lavagem, hidrodecapagem e jato h\u00famido);<\/p>\n<p>&rArr; Redu\u00e7\u00e3o do impacto ambiental: fabricamos uma gama de prim\u00e1rios, GlobalDur GN101, com tecnologia ecol\u00f3gica (sem solventes; utiliza\u00e7\u00e3o de hidrodecapagem ou jato h\u00famido no tratamento da superf\u00edcie) ao reduzir drasticamente o impacto ambiental. <\/p>\n<p>Revestimentos de alta resist\u00eancia qu\u00edmica, como o <a href=\"http:\/\/globalnavy.net\/pt-pt\/gn133en\/\">GlobalDur GN133EN<\/a> ou a nossa gama Ep\u00f3xi Vinil\u00e9ster <a href=\"http:\/\/globalnavy.net\/pt-pt\/gn600ev\/\">GN600EV<\/a>.<\/p>\n<p>Revestimentos para altas temperaturas: <a href=\"http:\/\/globalnavy.net\/pt-pt\/gn002ht\/\">GlobalTemp GN002HT<\/a> (Temperaturas at\u00e9 340 \u00b0C), <a href=\"http:\/\/globalnavy.net\/pt-pt\/gn012ht\/\">GlobalTemp GN012HT<\/a> (Temperaturas at\u00e9 640 \u00b0C), entre outros. <\/p>\n\t\t\t\t\t<\/p>\n\t\t\t\t\t\t\t<\/div>\n\t\t<\/div>\n\t\t\t\t<\/div>\n\t\t\t\t<\/div>\n\t\t\t\t\t\t<\/div>\n\t\t\t\t\t<\/div>\n\t\t<\/div>\n\t\t\t\t\t\t\t\t<\/div>\n\t\t\t\t\t<\/div>\n\t\t<\/section>\n\t\t\t\t<section class=\"elementor-section elementor-top-section elementor-element elementor-element-d2f2cfc elementor-section-boxed elementor-section-height-default elementor-section-height-default\" data-id=\"d2f2cfc\" data-element_type=\"section\">\n\t\t\t\t\t\t<div class=\"elementor-container elementor-column-gap-default\">\n\t\t\t\t\t\t\t<div class=\"elementor-row\">\n\t\t\t\t\t<div class=\"elementor-column elementor-col-100 elementor-top-column elementor-element elementor-element-5d5506a\" data-id=\"5d5506a\" data-element_type=\"column\">\n\t\t\t<div class=\"elementor-column-wrap elementor-element-populated\">\n\t\t\t\t\t\t\t<div class=\"elementor-widget-wrap\">\n\t\t\t\t\t\t<div class=\"elementor-element elementor-element-2ade47a elementor-position-left elementor-view-default elementor-mobile-position-top elementor-vertical-align-top elementor-widget elementor-widget-icon-box\" data-id=\"2ade47a\" data-element_type=\"widget\" data-widget_type=\"icon-box.default\">\n\t\t\t\t<div class=\"elementor-widget-container\">\n\t\t\t\t\t<div class=\"elementor-icon-box-wrapper\">\n\t\t\t\t\t\t<div class=\"elementor-icon-box-icon\">\n\t\t\t\t<span class=\"elementor-icon elementor-animation-\" >\n\t\t\t\t<i class=\"fa fa-thumbs-up\" aria-hidden=\"true\"><\/i>\t\t\t\t<\/span>\n\t\t\t<\/div>\n\t\t\t\t\t\t<div class=\"elementor-icon-box-content\">\n\t\t\t\t<h2 class=\"elementor-icon-box-title\">\n\t\t\t\t\t<span  >\n\t\t\t\t\t\tSistemas Aconselhados\t\t\t\t\t<\/span>\n\t\t\t\t<\/h2>\n\t\t\t\t\t\t\t\t\t<p class=\"elementor-icon-box-description\">\n\t\t\t\t\t\t<p>GlobalDur HASTIE_EXT (<a href=\"http:\/\/globalnavy.net\/pt-pt\/gn101lcep\/\">GN101LC<\/a> + <a href=\"http:\/\/globalnavy.net\/pt-pt\/gn206pf\/\">GN206PF<\/a>)<\/p>\n<p>GlobalDur HASTIE_INT (<a href=\"http:\/\/globalnavy.net\/pt-pt\/gn101lcep\/\">GN101LCEP<\/a>)<\/p>\n<p>GlobalTempOnOperation (<a href=\"http:\/\/globalnavy.net\/pt-pt\/gn101ht\/\">GN101HT<\/a> + <a href=\"http:\/\/globalnavy.net\/pt-pt\/gn005ht\/\">GN005HT<\/a>)<\/p>\n\t\t\t\t\t<\/p>\n\t\t\t\t\t\t\t<\/div>\n\t\t<\/div>\n\t\t\t\t<\/div>\n\t\t\t\t<\/div>\n\t\t\t\t\t\t<\/div>\n\t\t\t\t\t<\/div>\n\t\t<\/div>\n\t\t\t\t\t\t\t\t<\/div>\n\t\t\t\t\t<\/div>\n\t\t<\/section>\n\t\t\t\t<section class=\"elementor-section elementor-top-section elementor-element elementor-element-4fd08e8 elementor-section-boxed elementor-section-height-default elementor-section-height-default\" data-id=\"4fd08e8\" data-element_type=\"section\">\n\t\t\t\t\t\t<div class=\"elementor-container elementor-column-gap-default\">\n\t\t\t\t\t\t\t<div class=\"elementor-row\">\n\t\t\t\t\t<div class=\"elementor-column elementor-col-100 elementor-top-column elementor-element elementor-element-e278ff8\" data-id=\"e278ff8\" data-element_type=\"column\">\n\t\t\t<div class=\"elementor-column-wrap elementor-element-populated\">\n\t\t\t\t\t\t\t<div class=\"elementor-widget-wrap\">\n\t\t\t\t\t\t<div class=\"elementor-element elementor-element-666798e elementor-position-left elementor-view-default elementor-mobile-position-top elementor-vertical-align-top elementor-widget elementor-widget-icon-box\" data-id=\"666798e\" data-element_type=\"widget\" data-widget_type=\"icon-box.default\">\n\t\t\t\t<div class=\"elementor-widget-container\">\n\t\t\t\t\t<div class=\"elementor-icon-box-wrapper\">\n\t\t\t\t\t\t<div class=\"elementor-icon-box-icon\">\n\t\t\t\t<a class=\"elementor-icon elementor-animation-\" href=\"http:\/\/globalnavy.net\/pt-pt\/contactos\/\">\n\t\t\t\t<i class=\"fa fa-phone\" aria-hidden=\"true\"><\/i>\t\t\t\t<\/a>\n\t\t\t<\/div>\n\t\t\t\t\t\t<div class=\"elementor-icon-box-content\">\n\t\t\t\t<h2 class=\"elementor-icon-box-title\">\n\t\t\t\t\t<a href=\"http:\/\/globalnavy.net\/pt-pt\/contactos\/\" >\n\t\t\t\t\t\tContacte-nos\t\t\t\t\t<\/a>\n\t\t\t\t<\/h2>\n\t\t\t\t\t\t\t\t\t<p class=\"elementor-icon-box-description\">\n\t\t\t\t\t\t<p>Para escolher o sistema de revestimento anti-corrosivo apropriado ao seu caso.<\/p>\n\t\t\t\t\t<\/p>\n\t\t\t\t\t\t\t<\/div>\n\t\t<\/div>\n\t\t\t\t<\/div>\n\t\t\t\t<\/div>\n\t\t\t\t\t\t<\/div>\n\t\t\t\t\t<\/div>\n\t\t<\/div>\n\t\t\t\t\t\t\t\t<\/div>\n\t\t\t\t\t<\/div>\n\t\t<\/section>\n\t\t\t\t\t\t\t\t\t<\/div>\n\t\t\t<\/div>\n\t\t\t\t\t<\/div>\n\t\t","protected":false},"excerpt":{"rendered":"<p>A Globalnavy fabrica um largo espetro de revestimentos industriais para a ind\u00fastria qu\u00edmica, agroqu\u00edmica, f\u00e1bricas de pasta de papel, celulose, entre outras. Tanto para uma nova constru\u00e7\u00e3o ou uma manuten\u00e7\u00e3o, os sistemas de revestimento da Globalnavy para a\u00e7o e bet\u00e3o garantem uma durabilidade, qualidade e r\u00e1pida aplica\u00e7\u00e3o &#8211; o que significa uma prote\u00e7\u00e3o anticorrosiva duradoura, &#8230; <a title=\"Qu\u00edmica, Papel e Celulose\" class=\"read-more\" href=\"https:\/\/globalnavy.net\/pt-pt\/quimica-papel-e-celulose\/\" aria-label=\"Mais sobre Qu\u00edmica, Papel e Celulose\">Ler mais<\/a><\/p>\n","protected":false},"author":1,"featured_media":0,"parent":0,"menu_order":0,"comment_status":"closed","ping_status":"closed","template":"","meta":{"_mi_skip_tracking":false,"_exactmetrics_sitenote_active":false,"_exactmetrics_sitenote_note":"","_exactmetrics_sitenote_category":0},"_links":{"self":[{"href":"https:\/\/globalnavy.net\/pt-pt\/wp-json\/wp\/v2\/pages\/1059"}],"collection":[{"href":"https:\/\/globalnavy.net\/pt-pt\/wp-json\/wp\/v2\/pages"}],"about":[{"href":"https:\/\/globalnavy.net\/pt-pt\/wp-json\/wp\/v2\/types\/page"}],"author":[{"embeddable":true,"href":"https:\/\/globalnavy.net\/pt-pt\/wp-json\/wp\/v2\/users\/1"}],"replies":[{"embeddable":true,"href":"https:\/\/globalnavy.net\/pt-pt\/wp-json\/wp\/v2\/comments?post=1059"}],"version-history":[{"count":2,"href":"https:\/\/globalnavy.net\/pt-pt\/wp-json\/wp\/v2\/pages\/1059\/revisions"}],"predecessor-version":[{"id":2880,"href":"https:\/\/globalnavy.net\/pt-pt\/wp-json\/wp\/v2\/pages\/1059\/revisions\/2880"}],"wp:attachment":[{"href":"https:\/\/globalnavy.net\/pt-pt\/wp-json\/wp\/v2\/media?parent=1059"}],"curies":[{"name":"wp","href":"https:\/\/api.w.org\/{rel}","templated":true}]}}