
{"id":1074,"date":"2018-08-24T11:12:48","date_gmt":"2018-08-24T11:12:48","guid":{"rendered":"http:\/\/globalnavy.net\/decorativa\/"},"modified":"2026-01-23T17:23:20","modified_gmt":"2026-01-23T17:23:20","slug":"decorativa","status":"publish","type":"page","link":"https:\/\/globalnavy.net\/pt-pt\/decorativa\/","title":{"rendered":"Decorativa"},"content":{"rendered":"\t\t<div data-elementor-type=\"wp-post\" data-elementor-id=\"1074\" class=\"elementor elementor-1074 elementor-404\">\n\t\t\t\t\t\t<div class=\"elementor-inner\">\n\t\t\t\t<div class=\"elementor-section-wrap\">\n\t\t\t\t\t\t\t\t\t<section class=\"elementor-section elementor-top-section elementor-element elementor-element-6c64051 elementor-section-boxed elementor-section-height-default elementor-section-height-default\" data-id=\"6c64051\" data-element_type=\"section\">\n\t\t\t\t\t\t<div class=\"elementor-container elementor-column-gap-default\">\n\t\t\t\t\t\t\t<div class=\"elementor-row\">\n\t\t\t\t\t<div class=\"elementor-column elementor-col-100 elementor-top-column elementor-element elementor-element-5937fac\" data-id=\"5937fac\" data-element_type=\"column\">\n\t\t\t<div class=\"elementor-column-wrap elementor-element-populated\">\n\t\t\t\t\t\t\t<div class=\"elementor-widget-wrap\">\n\t\t\t\t\t\t<div class=\"elementor-element elementor-element-d3221da elementor-widget elementor-widget-image\" data-id=\"d3221da\" data-element_type=\"widget\" data-widget_type=\"image.default\">\n\t\t\t\t<div class=\"elementor-widget-container\">\n\t\t\t\t\t\t\t\t<div class=\"elementor-image\">\n\t\t\t\t\t\t\t\t\t\t\t\t<img width=\"725\" height=\"150\" src=\"https:\/\/globalnavy.net\/wp-content\/uploads\/2018\/09\/decorative_scaled_v2.jpg\" class=\"attachment-full size-full wp-image-2042\" alt=\"\" loading=\"lazy\" srcset=\"https:\/\/globalnavy.net\/wp-content\/uploads\/2018\/09\/decorative_scaled_v2.jpg 725w, https:\/\/globalnavy.net\/wp-content\/uploads\/2018\/09\/decorative_scaled_v2-300x62.jpg 300w\" sizes=\"(max-width: 725px) 100vw, 725px\" \/>\t\t\t\t\t\t\t\t\t\t\t\t\t\t<\/div>\n\t\t\t\t\t\t<\/div>\n\t\t\t\t<\/div>\n\t\t\t\t\t\t<\/div>\n\t\t\t\t\t<\/div>\n\t\t<\/div>\n\t\t\t\t\t\t\t\t<\/div>\n\t\t\t\t\t<\/div>\n\t\t<\/section>\n\t\t\t\t<section class=\"elementor-section elementor-top-section elementor-element elementor-element-773a155 elementor-section-boxed elementor-section-height-default elementor-section-height-default\" data-id=\"773a155\" data-element_type=\"section\">\n\t\t\t\t\t\t<div class=\"elementor-container elementor-column-gap-default\">\n\t\t\t\t\t\t\t<div class=\"elementor-row\">\n\t\t\t\t\t<div class=\"elementor-column elementor-col-100 elementor-top-column elementor-element elementor-element-28f3292\" data-id=\"28f3292\" data-element_type=\"column\">\n\t\t\t<div class=\"elementor-column-wrap elementor-element-populated\">\n\t\t\t\t\t\t\t<div class=\"elementor-widget-wrap\">\n\t\t\t\t\t\t<div class=\"elementor-element elementor-element-9d2669b elementor-widget elementor-widget-text-editor\" data-id=\"9d2669b\" data-element_type=\"widget\" data-widget_type=\"text-editor.default\">\n\t\t\t\t<div class=\"elementor-widget-container\">\n\t\t\t\t\t\t\t\t<div class=\"elementor-text-editor elementor-clearfix\">\n\t\t\t\t<div class=\"justifiedtext\"><p>Os mercados da decora\u00e7\u00e3o\/arquitetura e da constru\u00e7\u00e3o civil requerem especifica\u00e7\u00f5es de revestimentos com alto desempenho e que permitam manter um excelente aspeto est\u00e9tico com o passar do tempo.<\/p><p>A Globalnavy oferece um amplo espectro de tintas e revestimentos de alto desempenho para pavimentos, impermeabiliza\u00e7\u00e3o, exteriores e interiores de edif\u00edcios, obras de arte e outros, em bet\u00e3o ou a\u00e7o.<\/p><p>Proporcionamos aos nossos clientes sistemas de revestimento adequados, especialmente quando se requerem caracter\u00edsticas antimicrobiol\u00f3gicas, est\u00e9ticas, de resist\u00eancia \u00e0 abras\u00e3o, \u00e0 radia\u00e7\u00e3o UV e \u00e0 corros\u00e3o.<\/p><p>O objetivo da Globalnavy \u00e9 trabalhar em conjunto com nossos clientes para garantir que as nossas solu\u00e7\u00f5es s\u00e3o sustent\u00e1veis e seguem os requisitos do projeto.<\/p><\/div>\t\t\t\t\t<\/div>\n\t\t\t\t\t\t<\/div>\n\t\t\t\t<\/div>\n\t\t\t\t\t\t<\/div>\n\t\t\t\t\t<\/div>\n\t\t<\/div>\n\t\t\t\t\t\t\t\t<\/div>\n\t\t\t\t\t<\/div>\n\t\t<\/section>\n\t\t\t\t<section class=\"elementor-section elementor-top-section elementor-element elementor-element-f9e5120 elementor-section-boxed elementor-section-height-default elementor-section-height-default\" data-id=\"f9e5120\" data-element_type=\"section\">\n\t\t\t\t\t\t<div class=\"elementor-container elementor-column-gap-default\">\n\t\t\t\t\t\t\t<div class=\"elementor-row\">\n\t\t\t\t\t<div class=\"elementor-column elementor-col-100 elementor-top-column elementor-element elementor-element-01b1471\" data-id=\"01b1471\" data-element_type=\"column\">\n\t\t\t<div class=\"elementor-column-wrap elementor-element-populated\">\n\t\t\t\t\t\t\t<div class=\"elementor-widget-wrap\">\n\t\t\t\t\t\t<section class=\"elementor-section elementor-inner-section elementor-element elementor-element-edb2b1a elementor-section-boxed elementor-section-height-default elementor-section-height-default\" data-id=\"edb2b1a\" data-element_type=\"section\">\n\t\t\t\t\t\t<div class=\"elementor-container elementor-column-gap-default\">\n\t\t\t\t\t\t\t<div class=\"elementor-row\">\n\t\t\t\t\t<div class=\"elementor-column elementor-col-50 elementor-inner-column elementor-element elementor-element-8824213\" data-id=\"8824213\" data-element_type=\"column\">\n\t\t\t<div class=\"elementor-column-wrap elementor-element-populated\">\n\t\t\t\t\t\t\t<div class=\"elementor-widget-wrap\">\n\t\t\t\t\t\t<div class=\"elementor-element elementor-element-0e99b4e elementor-widget elementor-widget-html\" data-id=\"0e99b4e\" data-element_type=\"widget\" data-widget_type=\"html.default\">\n\t\t\t\t<div class=\"elementor-widget-container\">\n\t\t\t<h3><strong>A\u00e7o<\/strong><\/h3>\n<ul style=\"margin-left:20px; list-style-type:square;\">\n<li>Pavimentos<\/li>\n<li>Tubagens<\/li>\n<li>Estruturas met\u00e1licas<\/li>\n<li>Dep\u00f3sitos de armazenamento<\/li>\n<li>Outras<\/li>\n<\/ul>\n\t\t<\/div>\n\t\t\t\t<\/div>\n\t\t\t\t\t\t<\/div>\n\t\t\t\t\t<\/div>\n\t\t<\/div>\n\t\t\t\t<div class=\"elementor-column elementor-col-50 elementor-inner-column elementor-element elementor-element-c91fac8\" data-id=\"c91fac8\" data-element_type=\"column\">\n\t\t\t<div class=\"elementor-column-wrap elementor-element-populated\">\n\t\t\t\t\t\t\t<div class=\"elementor-widget-wrap\">\n\t\t\t\t\t\t<div class=\"elementor-element elementor-element-3769770 elementor-widget elementor-widget-html\" data-id=\"3769770\" data-element_type=\"widget\" data-widget_type=\"html.default\">\n\t\t\t\t<div class=\"elementor-widget-container\">\n\t\t\t<h3><strong>Bet\u00e3o<\/strong><\/h3>\n<ul style=\"margin-left:20px; list-style-type:square;\">\n<li>Pavimentos<\/li>\n<li>Escadas<\/li>\n<li>Tubagens<\/li>\n<li>Interiores e fachadas<\/li>\n<li>Outras<\/li>\n<\/ul>\n\t\t<\/div>\n\t\t\t\t<\/div>\n\t\t\t\t\t\t<\/div>\n\t\t\t\t\t<\/div>\n\t\t<\/div>\n\t\t\t\t\t\t\t\t<\/div>\n\t\t\t\t\t<\/div>\n\t\t<\/section>\n\t\t\t\t\t\t<\/div>\n\t\t\t\t\t<\/div>\n\t\t<\/div>\n\t\t\t\t\t\t\t\t<\/div>\n\t\t\t\t\t<\/div>\n\t\t<\/section>\n\t\t\t\t<section class=\"elementor-section elementor-top-section elementor-element elementor-element-d42438d elementor-section-boxed elementor-section-height-default elementor-section-height-default\" data-id=\"d42438d\" data-element_type=\"section\">\n\t\t\t\t\t\t<div class=\"elementor-container elementor-column-gap-default\">\n\t\t\t\t\t\t\t<div class=\"elementor-row\">\n\t\t\t\t\t<div class=\"elementor-column elementor-col-100 elementor-top-column elementor-element elementor-element-b3cca6d\" data-id=\"b3cca6d\" data-element_type=\"column\">\n\t\t\t<div class=\"elementor-column-wrap elementor-element-populated\">\n\t\t\t\t\t\t\t<div class=\"elementor-widget-wrap\">\n\t\t\t\t\t\t<div class=\"elementor-element elementor-element-ea2ecfe elementor-widget elementor-widget-html\" data-id=\"ea2ecfe\" data-element_type=\"widget\" data-widget_type=\"html.default\">\n\t\t\t\t<div class=\"elementor-widget-container\">\n\t\t\t<h2>Saiba mais<\/h2>\r\n\r\n<div class=\"subsegment_list\">\r\n<ul>\r\n<li><a href=\"http:\/\/globalnavy.net\/pt-pt\/pavimentos\/\">Pavimentos<\/a><\/li>\r\n<li><a href=\"http:\/\/globalnavy.net\/pt-pt\/construcao-civil\/\">Constru\u00e7\u00e3o Civil<\/a><\/li>\r\n<\/ul>\r\n<\/div>\r\n\r\n<h2>Downloads<\/h2>\r\n\r\n<a class=\"brochure_link\" href=\"https:\/\/globalnavy.net\/wp-content\/uploads\/2026\/01\/Brochura-Construcao-Civil-2026_PT.pdf\" target=\"_blank\">Brochura Constru\u00e7\u00e3o Civil<\/a>\r\n\r\n<a class=\"brochure_link\" href=\"https:\/\/globalnavy.net\/wp-content\/uploads\/2026\/01\/Brochura-Pavimentos-Industriais-2026_PT_EN_FR.pdf\" target=\"_blank\">Brochura Pavimentos<\/a>\r\n\r\n<a class=\"brochure_link\" href=\"http:\/\/globalnavy.net\/wp-content\/uploads\/2018\/10\/Decorative3_Antiderrapante_e_Juntas_PT_UK_FR_VN.pdf\" target=\"_blank\">Antiderrapante<\/a>\r\n\r\n\t\t<\/div>\n\t\t\t\t<\/div>\n\t\t\t\t\t\t<\/div>\n\t\t\t\t\t<\/div>\n\t\t<\/div>\n\t\t\t\t\t\t\t\t<\/div>\n\t\t\t\t\t<\/div>\n\t\t<\/section>\n\t\t\t\t\t\t\t\t\t<\/div>\n\t\t\t<\/div>\n\t\t\t\t\t<\/div>\n\t\t","protected":false},"excerpt":{"rendered":"<p>Os mercados da decora\u00e7\u00e3o\/arquitetura e da constru\u00e7\u00e3o civil requerem especifica\u00e7\u00f5es de revestimentos com alto desempenho e que permitam manter um excelente aspeto est\u00e9tico com o passar do tempo. A Globalnavy oferece um amplo espectro de tintas e revestimentos de alto desempenho para pavimentos, impermeabiliza\u00e7\u00e3o, exteriores e interiores de edif\u00edcios, obras de arte e outros, em &#8230; <a title=\"Decorativa\" class=\"read-more\" href=\"https:\/\/globalnavy.net\/pt-pt\/decorativa\/\" aria-label=\"Mais sobre Decorativa\">Ler mais<\/a><\/p>\n","protected":false},"author":1,"featured_media":0,"parent":0,"menu_order":0,"comment_status":"closed","ping_status":"closed","template":"","meta":{"_mi_skip_tracking":false,"_exactmetrics_sitenote_active":false,"_exactmetrics_sitenote_note":"","_exactmetrics_sitenote_category":0},"_links":{"self":[{"href":"https:\/\/globalnavy.net\/pt-pt\/wp-json\/wp\/v2\/pages\/1074"}],"collection":[{"href":"https:\/\/globalnavy.net\/pt-pt\/wp-json\/wp\/v2\/pages"}],"about":[{"href":"https:\/\/globalnavy.net\/pt-pt\/wp-json\/wp\/v2\/types\/page"}],"author":[{"embeddable":true,"href":"https:\/\/globalnavy.net\/pt-pt\/wp-json\/wp\/v2\/users\/1"}],"replies":[{"embeddable":true,"href":"https:\/\/globalnavy.net\/pt-pt\/wp-json\/wp\/v2\/comments?post=1074"}],"version-history":[{"count":19,"href":"https:\/\/globalnavy.net\/pt-pt\/wp-json\/wp\/v2\/pages\/1074\/revisions"}],"predecessor-version":[{"id":6804,"href":"https:\/\/globalnavy.net\/pt-pt\/wp-json\/wp\/v2\/pages\/1074\/revisions\/6804"}],"wp:attachment":[{"href":"https:\/\/globalnavy.net\/pt-pt\/wp-json\/wp\/v2\/media?parent=1074"}],"curies":[{"name":"wp","href":"https:\/\/api.w.org\/{rel}","templated":true}]}}