
{"id":1076,"date":"2018-08-24T11:23:52","date_gmt":"2018-08-24T11:23:52","guid":{"rendered":"http:\/\/globalnavy.net\/pavimentos\/"},"modified":"2018-10-26T12:17:58","modified_gmt":"2018-10-26T12:17:58","slug":"pavimentos","status":"publish","type":"page","link":"https:\/\/globalnavy.net\/pt-pt\/pavimentos\/","title":{"rendered":"Pavimentos"},"content":{"rendered":"\t\t<div data-elementor-type=\"wp-post\" data-elementor-id=\"1076\" class=\"elementor elementor-1076 elementor-407 elementor-bc-flex-widget\">\n\t\t\t\t\t\t<div class=\"elementor-inner\">\n\t\t\t\t<div class=\"elementor-section-wrap\">\n\t\t\t\t\t\t\t\t\t<section class=\"elementor-section elementor-top-section elementor-element elementor-element-dc9d7a9 elementor-section-boxed elementor-section-height-default elementor-section-height-default\" data-id=\"dc9d7a9\" data-element_type=\"section\">\n\t\t\t\t\t\t<div class=\"elementor-container elementor-column-gap-default\">\n\t\t\t\t\t\t\t<div class=\"elementor-row\">\n\t\t\t\t\t<div class=\"elementor-column elementor-col-100 elementor-top-column elementor-element elementor-element-fc8ed0e\" data-id=\"fc8ed0e\" data-element_type=\"column\">\n\t\t\t<div class=\"elementor-column-wrap elementor-element-populated\">\n\t\t\t\t\t\t\t<div class=\"elementor-widget-wrap\">\n\t\t\t\t\t\t<div class=\"elementor-element elementor-element-4946e3b elementor-widget elementor-widget-image\" data-id=\"4946e3b\" data-element_type=\"widget\" data-widget_type=\"image.default\">\n\t\t\t\t<div class=\"elementor-widget-container\">\n\t\t\t\t\t\t\t\t<div class=\"elementor-image\">\n\t\t\t\t\t\t\t\t\t\t\t\t<img width=\"725\" height=\"150\" src=\"https:\/\/globalnavy.net\/wp-content\/uploads\/2018\/09\/flooring_scaled_v2.jpg\" class=\"attachment-full size-full wp-image-2054\" alt=\"\" loading=\"lazy\" srcset=\"https:\/\/globalnavy.net\/wp-content\/uploads\/2018\/09\/flooring_scaled_v2.jpg 725w, https:\/\/globalnavy.net\/wp-content\/uploads\/2018\/09\/flooring_scaled_v2-300x62.jpg 300w\" sizes=\"(max-width: 725px) 100vw, 725px\" \/>\t\t\t\t\t\t\t\t\t\t\t\t\t\t<\/div>\n\t\t\t\t\t\t<\/div>\n\t\t\t\t<\/div>\n\t\t\t\t\t\t<\/div>\n\t\t\t\t\t<\/div>\n\t\t<\/div>\n\t\t\t\t\t\t\t\t<\/div>\n\t\t\t\t\t<\/div>\n\t\t<\/section>\n\t\t\t\t<section class=\"elementor-section elementor-top-section elementor-element elementor-element-773a155 elementor-section-boxed elementor-section-height-default elementor-section-height-default\" data-id=\"773a155\" data-element_type=\"section\">\n\t\t\t\t\t\t<div class=\"elementor-container elementor-column-gap-default\">\n\t\t\t\t\t\t\t<div class=\"elementor-row\">\n\t\t\t\t\t<div class=\"elementor-column elementor-col-100 elementor-top-column elementor-element elementor-element-28f3292\" data-id=\"28f3292\" data-element_type=\"column\">\n\t\t\t<div class=\"elementor-column-wrap elementor-element-populated\">\n\t\t\t\t\t\t\t<div class=\"elementor-widget-wrap\">\n\t\t\t\t\t\t<div class=\"elementor-element elementor-element-9d2669b elementor-widget elementor-widget-text-editor\" data-id=\"9d2669b\" data-element_type=\"widget\" data-widget_type=\"text-editor.default\">\n\t\t\t\t<div class=\"elementor-widget-container\">\n\t\t\t\t\t\t\t\t<div class=\"elementor-text-editor elementor-clearfix\">\n\t\t\t\t<div class=\"justifiedtext\">\n\n<p>Os revestimentos para pavimentos cont\u00ednuos \u00e0 base de resinas s\u00e3o a melhor solu\u00e7\u00e3o quando se exige a necessidade de se combinar a facilidade de utiliza\u00e7\u00e3o com uma est\u00e9tica muito agrad\u00e1vel.<\/p>\n\n<p>Os sistemas desenvolvidos para este tipo de pavimentos s\u00e3o de f\u00e1cil limpeza e manuten\u00e7\u00e3o e garantem uma adequada solu\u00e7\u00e3o \u00e0s suas necessidades est\u00e9ticas, antiescorregamento, antimicrobianas, entre outras.<\/p>\n\n<h2>Downloads<\/h2>\n<a class=\"brochure_link\" href=\"http:\/\/globalnavy.net\/wp-content\/uploads\/2018\/10\/Flooring1_Produtos_Pavimentos_PT.pdf\" target=\"_blank\" rel=\"noopener\">Prods. Pavimentos<\/a><a class=\"brochure_link\" href=\"http:\/\/globalnavy.net\/wp-content\/uploads\/2018\/10\/Flooring2_Manual_Aplica\u00e7\u00e3o_VIETNAME_PT_UK_FR_VN.pdf\" target=\"_blank\" rel=\"noopener\">Manual Pavimentos<\/a><a class=\"brochure_link\" href=\"http:\/\/globalnavy.net\/wp-content\/uploads\/2018\/10\/Flooring3_GN132EFSL_Manual_de_Aplica\u00e7\u00e3o_PT.pdf\" target=\"_blank\" rel=\"noopener\">Manual GN132EFSL<\/a><a class=\"brochure_link\" href=\"http:\/\/globalnavy.net\/wp-content\/uploads\/2018\/10\/Flooring4_Sistema_AntiskidRd3_GN150EW_PT.pdf\" target=\"_blank\" rel=\"noopener\">Sys. GN150EW<\/a>\n\n<\/div>\t\t\t\t\t<\/div>\n\t\t\t\t\t\t<\/div>\n\t\t\t\t<\/div>\n\t\t\t\t\t\t<\/div>\n\t\t\t\t\t<\/div>\n\t\t<\/div>\n\t\t\t\t\t\t\t\t<\/div>\n\t\t\t\t\t<\/div>\n\t\t<\/section>\n\t\t\t\t<section class=\"elementor-section elementor-top-section elementor-element elementor-element-0af756e elementor-section-boxed elementor-section-height-default elementor-section-height-default\" data-id=\"0af756e\" data-element_type=\"section\">\n\t\t\t\t\t\t<div class=\"elementor-container elementor-column-gap-default\">\n\t\t\t\t\t\t\t<div class=\"elementor-row\">\n\t\t\t\t\t<div class=\"elementor-column elementor-col-100 elementor-top-column elementor-element elementor-element-ab7401b\" data-id=\"ab7401b\" data-element_type=\"column\">\n\t\t\t<div class=\"elementor-column-wrap elementor-element-populated\">\n\t\t\t\t\t\t\t<div class=\"elementor-widget-wrap\">\n\t\t\t\t\t\t<div class=\"elementor-element elementor-element-84645ba elementor-position-left elementor-view-default elementor-mobile-position-top elementor-vertical-align-top elementor-widget elementor-widget-icon-box\" data-id=\"84645ba\" data-element_type=\"widget\" data-widget_type=\"icon-box.default\">\n\t\t\t\t<div class=\"elementor-widget-container\">\n\t\t\t\t\t<div class=\"elementor-icon-box-wrapper\">\n\t\t\t\t\t\t<div class=\"elementor-icon-box-icon\">\n\t\t\t\t<span class=\"elementor-icon elementor-animation-\" >\n\t\t\t\t<i class=\"fa fa-check-circle\" aria-hidden=\"true\"><\/i>\t\t\t\t<\/span>\n\t\t\t<\/div>\n\t\t\t\t\t\t<div class=\"elementor-icon-box-content\">\n\t\t\t\t<h2 class=\"elementor-icon-box-title\">\n\t\t\t\t\t<span  >\n\t\t\t\t\t\tPorque deve escolher os revestimentos Globalnavy?\t\t\t\t\t<\/span>\n\t\t\t\t<\/h2>\n\t\t\t\t\t\t\t\t\t<p class=\"elementor-icon-box-description\">\n\t\t\t\t\t\t<p>Os revestimentos da Globalnavy t\u00eam uma excelente est\u00e9tica,  resist\u00eancia ao impacto, \u00e0 abras\u00e3o, aos agentes qu\u00edmicos e microbianos e s\u00e3o f\u00e1ceis de limpar.<\/p>\n<p>Os nossos t\u00e9cnicos comerciais est\u00e3o habilitados para o aconselhar no melhor sistema de pavimentos para o seu projeto.<\/p>\n<p>Fabricamos e comercializamos prim\u00e1rios especiais, tais como:<br \/>\n&rArr; GlobalDur GN112EP - Superf\u00edcies Vidradas e Azulejos, Bet\u00e3o duro<br \/>\n<br \/>\n&rArr; GlobalDur GN114EP - Superf\u00edcies h\u00famidas ou Bet\u00e3o verde<\/p>\n\t\t\t\t\t<\/p>\n\t\t\t\t\t\t\t<\/div>\n\t\t<\/div>\n\t\t\t\t<\/div>\n\t\t\t\t<\/div>\n\t\t\t\t\t\t<\/div>\n\t\t\t\t\t<\/div>\n\t\t<\/div>\n\t\t\t\t\t\t\t\t<\/div>\n\t\t\t\t\t<\/div>\n\t\t<\/section>\n\t\t\t\t<section class=\"elementor-section elementor-top-section elementor-element elementor-element-d2f2cfc elementor-section-boxed elementor-section-height-default elementor-section-height-default\" data-id=\"d2f2cfc\" data-element_type=\"section\">\n\t\t\t\t\t\t<div class=\"elementor-container elementor-column-gap-default\">\n\t\t\t\t\t\t\t<div class=\"elementor-row\">\n\t\t\t\t\t<div class=\"elementor-column elementor-col-100 elementor-top-column elementor-element elementor-element-5d5506a\" data-id=\"5d5506a\" data-element_type=\"column\">\n\t\t\t<div class=\"elementor-column-wrap elementor-element-populated\">\n\t\t\t\t\t\t\t<div class=\"elementor-widget-wrap\">\n\t\t\t\t\t\t<div class=\"elementor-element elementor-element-2ade47a elementor-position-left elementor-view-default elementor-mobile-position-top elementor-vertical-align-top elementor-widget elementor-widget-icon-box\" data-id=\"2ade47a\" data-element_type=\"widget\" data-widget_type=\"icon-box.default\">\n\t\t\t\t<div class=\"elementor-widget-container\">\n\t\t\t\t\t<div class=\"elementor-icon-box-wrapper\">\n\t\t\t\t\t\t<div class=\"elementor-icon-box-icon\">\n\t\t\t\t<span class=\"elementor-icon elementor-animation-\" >\n\t\t\t\t<i class=\"fa fa-thumbs-up\" aria-hidden=\"true\"><\/i>\t\t\t\t<\/span>\n\t\t\t<\/div>\n\t\t\t\t\t\t<div class=\"elementor-icon-box-content\">\n\t\t\t\t<h2 class=\"elementor-icon-box-title\">\n\t\t\t\t\t<span  >\n\t\t\t\t\t\tSistemas Aconselhados\t\t\t\t\t<\/span>\n\t\t\t\t<\/h2>\n\t\t\t\t\t\t\t\t\t<p class=\"elementor-icon-box-description\">\n\t\t\t\t\t\t<p><strong>GlobalFloor Smooth Systems<\/strong><br \/>\n1. GN150EW \u2013 Sistema Ep\u00f3xi de base aquosa<br \/>\n2. GN120ER + GN132EFSL \u2013 Sistema Auto-alisante Ep\u00f3xi<br \/>\n3. GN120ER + GN236PUSL + GN200Series \u2013 Sistema Auto-alisante Poliuretano<\/p>\n<p><strong>GlobalFloor Quartz Systems<\/strong><br \/> <br \/>\n1. GN120ER + GN132EFSL + Polvilhamento de quartzos naturais + GN132EFSL \u2013 Multicamada Ep\u00f3xi \u201cS\u00edlicas Naturais\u201d<br \/>\n2. GN120ER + GN120ER + Polvilhamento de quartzos coloridos + GN120ER - Multicamada Ep\u00f3xi \u201cQuartzos Coloridos\u201d<\/p>\n<p><strong>GlobalAM Antimicrobiological Systems<\/strong><br \/>\n1. GN150EW + GN153EW + GN250AMPW \u2013 Sistema de base aquosa<br \/>\n2. GN120ER + GN132EFSL + GN208AMPV \u2013 Sistema Auto-alisante Ep\u00f3xi-Poliuretano<\/p>\n<p><strong>GlobalFloor DecoStone Systems<\/strong><br \/>\n1. GN120ER + Argamassa \u201cPedras Naturais\u201d GN120ER + GN207PV \u2013 Argamassa Ep\u00f3xi \u201cPedras Naturais\u201d<br \/>\n2. GN120ER + Argamassa \u201cPedras Coloridas\u201d GN120ER  + GN207PV \u2013 Argamassa Ep\u00f3xi \u201cPedras Coloridas\u201d <\/p>\n<p><strong>GlobalFloor Terrazzo System<\/strong><br \/>\nGN120ER + Argamassa de Agregados GN136ET + GN136ET + GN208PV<\/p>\n<p><strong>GlobalFloor Sports Systems<\/strong><br \/>\n1. GN450AW + GN452AW + GN452AW \u2013 Acr\u00edlico ECO System<br \/>\n2. GN150EW + GN250PW \u2013 ECO System<br \/>\n3. GN410AP + GN410AP \u2013 SB System<\/p>\n\t\t\t\t\t<\/p>\n\t\t\t\t\t\t\t<\/div>\n\t\t<\/div>\n\t\t\t\t<\/div>\n\t\t\t\t<\/div>\n\t\t\t\t\t\t<\/div>\n\t\t\t\t\t<\/div>\n\t\t<\/div>\n\t\t\t\t\t\t\t\t<\/div>\n\t\t\t\t\t<\/div>\n\t\t<\/section>\n\t\t\t\t<section class=\"elementor-section elementor-top-section elementor-element elementor-element-4fd08e8 elementor-section-boxed elementor-section-height-default elementor-section-height-default\" data-id=\"4fd08e8\" data-element_type=\"section\">\n\t\t\t\t\t\t<div class=\"elementor-container elementor-column-gap-default\">\n\t\t\t\t\t\t\t<div class=\"elementor-row\">\n\t\t\t\t\t<div class=\"elementor-column elementor-col-100 elementor-top-column elementor-element elementor-element-e278ff8\" data-id=\"e278ff8\" data-element_type=\"column\">\n\t\t\t<div class=\"elementor-column-wrap elementor-element-populated\">\n\t\t\t\t\t\t\t<div class=\"elementor-widget-wrap\">\n\t\t\t\t\t\t<div class=\"elementor-element elementor-element-666798e elementor-position-left elementor-view-default elementor-mobile-position-top elementor-vertical-align-top elementor-widget elementor-widget-icon-box\" data-id=\"666798e\" data-element_type=\"widget\" data-widget_type=\"icon-box.default\">\n\t\t\t\t<div class=\"elementor-widget-container\">\n\t\t\t\t\t<div class=\"elementor-icon-box-wrapper\">\n\t\t\t\t\t\t<div class=\"elementor-icon-box-icon\">\n\t\t\t\t<a class=\"elementor-icon elementor-animation-\" href=\"http:\/\/globalnavy.net\/pt-pt\/contactos\/\">\n\t\t\t\t<i class=\"fa fa-phone\" aria-hidden=\"true\"><\/i>\t\t\t\t<\/a>\n\t\t\t<\/div>\n\t\t\t\t\t\t<div class=\"elementor-icon-box-content\">\n\t\t\t\t<h2 class=\"elementor-icon-box-title\">\n\t\t\t\t\t<a href=\"http:\/\/globalnavy.net\/pt-pt\/contactos\/\" >\n\t\t\t\t\t\tContacte-nos\t\t\t\t\t<\/a>\n\t\t\t\t<\/h2>\n\t\t\t\t\t\t\t\t\t<p class=\"elementor-icon-box-description\">\n\t\t\t\t\t\t<p>Para escolher o sistema de revestimento anti-corrosivo apropriado ao seu caso.<\/p>\n\t\t\t\t\t<\/p>\n\t\t\t\t\t\t\t<\/div>\n\t\t<\/div>\n\t\t\t\t<\/div>\n\t\t\t\t<\/div>\n\t\t\t\t\t\t<\/div>\n\t\t\t\t\t<\/div>\n\t\t<\/div>\n\t\t\t\t\t\t\t\t<\/div>\n\t\t\t\t\t<\/div>\n\t\t<\/section>\n\t\t\t\t\t\t\t\t\t<\/div>\n\t\t\t<\/div>\n\t\t\t\t\t<\/div>\n\t\t","protected":false},"excerpt":{"rendered":"<p>Os revestimentos para pavimentos cont\u00ednuos \u00e0 base de resinas s\u00e3o a melhor solu\u00e7\u00e3o quando se exige a necessidade de se combinar a facilidade de utiliza\u00e7\u00e3o com uma est\u00e9tica muito agrad\u00e1vel. Os sistemas desenvolvidos para este tipo de pavimentos s\u00e3o de f\u00e1cil limpeza e manuten\u00e7\u00e3o e garantem uma adequada solu\u00e7\u00e3o \u00e0s suas necessidades est\u00e9ticas, antiescorregamento, antimicrobianas, &#8230; <a title=\"Pavimentos\" class=\"read-more\" href=\"https:\/\/globalnavy.net\/pt-pt\/pavimentos\/\" aria-label=\"Mais sobre Pavimentos\">Ler mais<\/a><\/p>\n","protected":false},"author":1,"featured_media":0,"parent":0,"menu_order":0,"comment_status":"closed","ping_status":"closed","template":"","meta":{"_mi_skip_tracking":false,"_exactmetrics_sitenote_active":false,"_exactmetrics_sitenote_note":"","_exactmetrics_sitenote_category":0},"_links":{"self":[{"href":"https:\/\/globalnavy.net\/pt-pt\/wp-json\/wp\/v2\/pages\/1076"}],"collection":[{"href":"https:\/\/globalnavy.net\/pt-pt\/wp-json\/wp\/v2\/pages"}],"about":[{"href":"https:\/\/globalnavy.net\/pt-pt\/wp-json\/wp\/v2\/types\/page"}],"author":[{"embeddable":true,"href":"https:\/\/globalnavy.net\/pt-pt\/wp-json\/wp\/v2\/users\/1"}],"replies":[{"embeddable":true,"href":"https:\/\/globalnavy.net\/pt-pt\/wp-json\/wp\/v2\/comments?post=1076"}],"version-history":[{"count":7,"href":"https:\/\/globalnavy.net\/pt-pt\/wp-json\/wp\/v2\/pages\/1076\/revisions"}],"predecessor-version":[{"id":2689,"href":"https:\/\/globalnavy.net\/pt-pt\/wp-json\/wp\/v2\/pages\/1076\/revisions\/2689"}],"wp:attachment":[{"href":"https:\/\/globalnavy.net\/pt-pt\/wp-json\/wp\/v2\/media?parent=1076"}],"curies":[{"name":"wp","href":"https:\/\/api.w.org\/{rel}","templated":true}]}}