
{"id":149,"date":"2018-08-02T15:48:59","date_gmt":"2018-08-02T15:48:59","guid":{"rendered":"http:\/\/globalnavy.net\/?page_id=149"},"modified":"2019-11-22T09:31:50","modified_gmt":"2019-11-22T09:31:50","slug":"sobre","status":"publish","type":"page","link":"https:\/\/globalnavy.net\/pt-pt\/sobre\/","title":{"rendered":"Sobre"},"content":{"rendered":"<div style=\"text-align:justify;\">\n<p><img loading=\"lazy\" src=\"http:\/\/globalnavy.net\/wp-content\/uploads\/2018\/08\/about_img_scaled-1.jpg\" alt=\"\" width=\"1020\" height=\"190\" class=\"alignnone size-full wp-image-454\" srcset=\"https:\/\/globalnavy.net\/wp-content\/uploads\/2018\/08\/about_img_scaled-1.jpg 1020w, https:\/\/globalnavy.net\/wp-content\/uploads\/2018\/08\/about_img_scaled-1-300x56.jpg 300w, https:\/\/globalnavy.net\/wp-content\/uploads\/2018\/08\/about_img_scaled-1-768x143.jpg 768w\" sizes=\"(max-width: 1020px) 100vw, 1020px\" \/><\/p>\n<p>Somos uma empresa nacional em crescente desenvolvimento, especializada na produ\u00e7\u00e3o e comercializa\u00e7\u00e3o de tintas, vernizes e revestimentos, para distintos segmentos de mercado como o mar\u00edtimo &amp; offshore, o industrial\/protective e decorativo. O nosso principal foco \u00e9 a I&#038;D. Contamos com uma equipa multidisciplinar, com forte experi\u00eancia na sua \u00e1rea de actua\u00e7\u00e3o, apta para dar resposta \u00e0s mais exigentes solicita\u00e7\u00f5es do mercado.<\/p>\n<p>Actualmente colocam-se enormes requisitos sobre as tintas e revestimentos, os seus m\u00e9todos de aplica\u00e7\u00e3o, bem como os m\u00e9todos de prepara\u00e7\u00e3o da superf\u00edcie. Os nossos esfor\u00e7os concentram-se no desenvolvimento de novos produtos e tecnologias, resultantes da import\u00e2ncia da I&#038;D, aplicados aos diferentes tipos de revestimentos.<\/p>\n<p>A Globalnavy mant\u00e9m a sua gest\u00e3o transparente, de acordo com o c\u00f3digo de \u00e9tica empresarial, com o objetivo de aumentar o seu valor corporativo.<\/p>\n<p><iframe loading=\"lazy\" width=\"1040\" height=\"400\" src=\"https:\/\/www.youtube.com\/embed\/QGdwf2Em0LI\" frameborder=\"0\" allow=\"autoplay; encrypted-media\" allowfullscreen><\/iframe><\/p>\n<\/div>\n","protected":false},"excerpt":{"rendered":"<p>Somos uma empresa nacional em crescente desenvolvimento, especializada na produ\u00e7\u00e3o e comercializa\u00e7\u00e3o de tintas, vernizes e revestimentos, para distintos segmentos de mercado como o mar\u00edtimo &amp; offshore, o industrial\/protective e decorativo. O nosso principal foco \u00e9 a I&#038;D. Contamos com uma equipa multidisciplinar, com forte experi\u00eancia na sua \u00e1rea de actua\u00e7\u00e3o, apta para dar resposta &#8230; <a title=\"Sobre\" class=\"read-more\" href=\"https:\/\/globalnavy.net\/pt-pt\/sobre\/\" aria-label=\"Mais sobre Sobre\">Ler mais<\/a><\/p>\n","protected":false},"author":1,"featured_media":0,"parent":0,"menu_order":0,"comment_status":"closed","ping_status":"closed","template":"","meta":{"_mi_skip_tracking":false,"_exactmetrics_sitenote_active":false,"_exactmetrics_sitenote_note":"","_exactmetrics_sitenote_category":0},"_links":{"self":[{"href":"https:\/\/globalnavy.net\/pt-pt\/wp-json\/wp\/v2\/pages\/149"}],"collection":[{"href":"https:\/\/globalnavy.net\/pt-pt\/wp-json\/wp\/v2\/pages"}],"about":[{"href":"https:\/\/globalnavy.net\/pt-pt\/wp-json\/wp\/v2\/types\/page"}],"author":[{"embeddable":true,"href":"https:\/\/globalnavy.net\/pt-pt\/wp-json\/wp\/v2\/users\/1"}],"replies":[{"embeddable":true,"href":"https:\/\/globalnavy.net\/pt-pt\/wp-json\/wp\/v2\/comments?post=149"}],"version-history":[{"count":12,"href":"https:\/\/globalnavy.net\/pt-pt\/wp-json\/wp\/v2\/pages\/149\/revisions"}],"predecessor-version":[{"id":3084,"href":"https:\/\/globalnavy.net\/pt-pt\/wp-json\/wp\/v2\/pages\/149\/revisions\/3084"}],"wp:attachment":[{"href":"https:\/\/globalnavy.net\/pt-pt\/wp-json\/wp\/v2\/media?parent=149"}],"curies":[{"name":"wp","href":"https:\/\/api.w.org\/{rel}","templated":true}]}}