
{"id":158,"date":"2018-08-02T16:04:50","date_gmt":"2018-08-02T16:04:50","guid":{"rendered":"http:\/\/globalnavy.net\/?page_id=158"},"modified":"2019-11-22T09:47:34","modified_gmt":"2019-11-22T09:47:34","slug":"estrategia","status":"publish","type":"page","link":"https:\/\/globalnavy.net\/pt-pt\/estrategia\/","title":{"rendered":"Estrat\u00e9gia"},"content":{"rendered":"<div style=\"text-align:justify;\">\n<p><img loading=\"lazy\" src=\"http:\/\/globalnavy.net\/wp-content\/uploads\/2018\/08\/strategy_img_scaled.jpg\" alt=\"\" width=\"1020\" height=\"190\" class=\"alignnone size-full wp-image-461\" srcset=\"https:\/\/globalnavy.net\/wp-content\/uploads\/2018\/08\/strategy_img_scaled.jpg 1020w, https:\/\/globalnavy.net\/wp-content\/uploads\/2018\/08\/strategy_img_scaled-300x56.jpg 300w, https:\/\/globalnavy.net\/wp-content\/uploads\/2018\/08\/strategy_img_scaled-768x143.jpg 768w\" sizes=\"(max-width: 1020px) 100vw, 1020px\" \/><\/p>\n<p>A ind\u00fastria de tintas e revestimentos est\u00e1 em constante desenvolvimento, os custos operacionais continuam a subir e a concorr\u00eancia a aumentar. O nosso conceito estrat\u00e9gico \u00e9 simples: somos criativos e auto-cr\u00edticos, desenvolvemos tecnologias de revestimentos amigas do ambiente, estamos em evolu\u00e7\u00e3o cont\u00ednua, criamos valor adicional para os nossos clientes, com um esp\u00edrito inovador.<\/p>\n<p>Projetamos e fornecemos solu\u00e7\u00f5es de confian\u00e7a, acreditamos que tudo o que fazemos est\u00e1 comprometido com a qualidade. A gest\u00e3o da qualidade funciona como ferramenta base e essencial para uma melhoria cont\u00ednua e como resposta \u00e0s necessidades dos nossos clientes. Por isso, somos respeitados e questionados para responder com a mais avan\u00e7ada tecnologia e solu\u00e7\u00f5es em revestimentos.<\/p>\n<p>A implementa\u00e7\u00e3o desta estrat\u00e9gia permite que a Globalnavy tenha um crescimento e aprendizagem cont\u00ednua, criando um projeto de neg\u00f3cios cred\u00edvel e duradouro. Portanto, acreditamos que a chave para o sucesso \u00e9 alcan\u00e7ada ao transformar clientes em parceiros. Pretende-se que os resultados obtidos permitam a consolida\u00e7\u00e3o da posi\u00e7\u00e3o da Globalnavy e dos seus parceiros no mercado portugu\u00eas e internacional.<\/p>\n<\/div>\n","protected":false},"excerpt":{"rendered":"<p>A ind\u00fastria de tintas e revestimentos est\u00e1 em constante desenvolvimento, os custos operacionais continuam a subir e a concorr\u00eancia a aumentar. O nosso conceito estrat\u00e9gico \u00e9 simples: somos criativos e auto-cr\u00edticos, desenvolvemos tecnologias de revestimentos amigas do ambiente, estamos em evolu\u00e7\u00e3o cont\u00ednua, criamos valor adicional para os nossos clientes, com um esp\u00edrito inovador. Projetamos e &#8230; <a title=\"Estrat\u00e9gia\" class=\"read-more\" href=\"https:\/\/globalnavy.net\/pt-pt\/estrategia\/\" aria-label=\"Mais sobre Estrat\u00e9gia\">Ler mais<\/a><\/p>\n","protected":false},"author":1,"featured_media":0,"parent":0,"menu_order":0,"comment_status":"closed","ping_status":"closed","template":"","meta":{"_mi_skip_tracking":false,"_exactmetrics_sitenote_active":false,"_exactmetrics_sitenote_note":"","_exactmetrics_sitenote_category":0},"_links":{"self":[{"href":"https:\/\/globalnavy.net\/pt-pt\/wp-json\/wp\/v2\/pages\/158"}],"collection":[{"href":"https:\/\/globalnavy.net\/pt-pt\/wp-json\/wp\/v2\/pages"}],"about":[{"href":"https:\/\/globalnavy.net\/pt-pt\/wp-json\/wp\/v2\/types\/page"}],"author":[{"embeddable":true,"href":"https:\/\/globalnavy.net\/pt-pt\/wp-json\/wp\/v2\/users\/1"}],"replies":[{"embeddable":true,"href":"https:\/\/globalnavy.net\/pt-pt\/wp-json\/wp\/v2\/comments?post=158"}],"version-history":[{"count":6,"href":"https:\/\/globalnavy.net\/pt-pt\/wp-json\/wp\/v2\/pages\/158\/revisions"}],"predecessor-version":[{"id":3086,"href":"https:\/\/globalnavy.net\/pt-pt\/wp-json\/wp\/v2\/pages\/158\/revisions\/3086"}],"wp:attachment":[{"href":"https:\/\/globalnavy.net\/pt-pt\/wp-json\/wp\/v2\/media?parent=158"}],"curies":[{"name":"wp","href":"https:\/\/api.w.org\/{rel}","templated":true}]}}