
{"id":160,"date":"2018-08-02T16:08:07","date_gmt":"2018-08-02T16:08:07","guid":{"rendered":"http:\/\/globalnavy.net\/?page_id=160"},"modified":"2019-11-22T10:10:33","modified_gmt":"2019-11-22T10:10:33","slug":"investigacao-e-desenvolvimento","status":"publish","type":"page","link":"https:\/\/globalnavy.net\/pt-pt\/investigacao-e-desenvolvimento\/","title":{"rendered":"Investiga\u00e7\u00e3o e Desenvolvimento"},"content":{"rendered":"<div style=\"text-align:justify;\">\n<p><img loading=\"lazy\" src=\"http:\/\/globalnavy.net\/wp-content\/uploads\/2018\/08\/r__d_img_scaled.jpg\" alt=\"\" width=\"1020\" height=\"190\" class=\"alignnone size-full wp-image-475\" srcset=\"https:\/\/globalnavy.net\/wp-content\/uploads\/2018\/08\/r__d_img_scaled.jpg 1020w, https:\/\/globalnavy.net\/wp-content\/uploads\/2018\/08\/r__d_img_scaled-300x56.jpg 300w, https:\/\/globalnavy.net\/wp-content\/uploads\/2018\/08\/r__d_img_scaled-768x143.jpg 768w\" sizes=\"(max-width: 1020px) 100vw, 1020px\" \/><\/p>\n<p>A nossa equipa t\u00e9cnica est\u00e1 empenhada em fornecer solu\u00e7\u00f5es mais seguras e ambientalmente amig\u00e1veis, novos produtos inovadores e melhorar os j\u00e1 existentes, bem como oferecer uma eficiente assist\u00eancia t\u00e9cnica e de vendas para os clientes e parceiros.<\/p>\n<p>A Globalnavy, ao manter-se na vanguarda das tecnologias de tintas e revestimentos, procura tornar a aplica\u00e7\u00e3o dos seus produtos mais f\u00e1cil e rent\u00e1vel para os clientes.<\/p>\n<p>O nosso foco est\u00e1 na cria\u00e7\u00e3o de novas tecnologias em revestimentos de alta performance, tal como a nossa tecnologia sem solventes, conversora, tolerante, inibidora ep\u00f3xi anticorrosiva modificada.<\/p>\n<\/div>\n","protected":false},"excerpt":{"rendered":"<p>A nossa equipa t\u00e9cnica est\u00e1 empenhada em fornecer solu\u00e7\u00f5es mais seguras e ambientalmente amig\u00e1veis, novos produtos inovadores e melhorar os j\u00e1 existentes, bem como oferecer uma eficiente assist\u00eancia t\u00e9cnica e de vendas para os clientes e parceiros. A Globalnavy, ao manter-se na vanguarda das tecnologias de tintas e revestimentos, procura tornar a aplica\u00e7\u00e3o dos seus &#8230; <a title=\"Investiga\u00e7\u00e3o e Desenvolvimento\" class=\"read-more\" href=\"https:\/\/globalnavy.net\/pt-pt\/investigacao-e-desenvolvimento\/\" aria-label=\"Mais sobre Investiga\u00e7\u00e3o e Desenvolvimento\">Ler mais<\/a><\/p>\n","protected":false},"author":1,"featured_media":0,"parent":0,"menu_order":0,"comment_status":"closed","ping_status":"closed","template":"","meta":{"_mi_skip_tracking":false,"_exactmetrics_sitenote_active":false,"_exactmetrics_sitenote_note":"","_exactmetrics_sitenote_category":0},"_links":{"self":[{"href":"https:\/\/globalnavy.net\/pt-pt\/wp-json\/wp\/v2\/pages\/160"}],"collection":[{"href":"https:\/\/globalnavy.net\/pt-pt\/wp-json\/wp\/v2\/pages"}],"about":[{"href":"https:\/\/globalnavy.net\/pt-pt\/wp-json\/wp\/v2\/types\/page"}],"author":[{"embeddable":true,"href":"https:\/\/globalnavy.net\/pt-pt\/wp-json\/wp\/v2\/users\/1"}],"replies":[{"embeddable":true,"href":"https:\/\/globalnavy.net\/pt-pt\/wp-json\/wp\/v2\/comments?post=160"}],"version-history":[{"count":4,"href":"https:\/\/globalnavy.net\/pt-pt\/wp-json\/wp\/v2\/pages\/160\/revisions"}],"predecessor-version":[{"id":3089,"href":"https:\/\/globalnavy.net\/pt-pt\/wp-json\/wp\/v2\/pages\/160\/revisions\/3089"}],"wp:attachment":[{"href":"https:\/\/globalnavy.net\/pt-pt\/wp-json\/wp\/v2\/media?parent=160"}],"curies":[{"name":"wp","href":"https:\/\/api.w.org\/{rel}","templated":true}]}}