
{"id":162,"date":"2018-08-02T16:10:16","date_gmt":"2018-08-02T16:10:16","guid":{"rendered":"http:\/\/globalnavy.net\/?page_id=162"},"modified":"2019-11-22T10:06:24","modified_gmt":"2019-11-22T10:06:24","slug":"ambiente","status":"publish","type":"page","link":"https:\/\/globalnavy.net\/pt-pt\/ambiente\/","title":{"rendered":"Ambiente"},"content":{"rendered":"<div style=\"text-align:justify;\">\n<p><img loading=\"lazy\" src=\"http:\/\/globalnavy.net\/wp-content\/uploads\/2018\/08\/environment_img_scaled.jpg\" alt=\"\" width=\"1020\" height=\"190\" class=\"alignnone size-full wp-image-468\" srcset=\"https:\/\/globalnavy.net\/wp-content\/uploads\/2018\/08\/environment_img_scaled.jpg 1020w, https:\/\/globalnavy.net\/wp-content\/uploads\/2018\/08\/environment_img_scaled-300x56.jpg 300w, https:\/\/globalnavy.net\/wp-content\/uploads\/2018\/08\/environment_img_scaled-768x143.jpg 768w\" sizes=\"(max-width: 1020px) 100vw, 1020px\" \/><\/p>\n<p>A Globalnavy trabalha as quest\u00f5es ambientais sobre todos os prismas, abarcando a conce\u00e7\u00e3o, fabrica\u00e7\u00e3o, entrega, utiliza\u00e7\u00e3o e segrega\u00e7\u00e3o dos res\u00edduos.<\/p>\n<p>Enquanto empresa qu\u00edmica, asssegura uma gest\u00e3o adequada quanto ao tratamento de res\u00edduos resultantes da sua atividade. A Globalnavy empenha-se continuamente na redu\u00e7\u00e3o da quantidade de res\u00edduos e da pegada energ\u00e9tica no planeta.<\/p>\n<p>A empresa esfor\u00e7a-se, n\u00e3o s\u00f3, por proteger o ambiente da polui\u00e7\u00e3o, eliminando os prejudiciais compostos org\u00e2nicos provenientes da utiliza\u00e7\u00e3o de solventes nas tintas tradicionais, desenvolvendo tecnologia sem solventes org\u00e2nicos, mas tamb\u00e9m contribuindo para a resolu\u00e7\u00e3o de problemas, atrav\u00e9s da conce\u00e7\u00e3o de produtos que permitem a utiliza\u00e7\u00e3o de m\u00e9todos amigos do ambiente na prepara\u00e7\u00e3o da superf\u00edcie (hidrodecapagem, decapagem por jato h\u00famido).<\/p>\n<\/div>\n","protected":false},"excerpt":{"rendered":"<p>A Globalnavy trabalha as quest\u00f5es ambientais sobre todos os prismas, abarcando a conce\u00e7\u00e3o, fabrica\u00e7\u00e3o, entrega, utiliza\u00e7\u00e3o e segrega\u00e7\u00e3o dos res\u00edduos. Enquanto empresa qu\u00edmica, asssegura uma gest\u00e3o adequada quanto ao tratamento de res\u00edduos resultantes da sua atividade. A Globalnavy empenha-se continuamente na redu\u00e7\u00e3o da quantidade de res\u00edduos e da pegada energ\u00e9tica no planeta. A empresa esfor\u00e7a-se, &#8230; <a title=\"Ambiente\" class=\"read-more\" href=\"https:\/\/globalnavy.net\/pt-pt\/ambiente\/\" aria-label=\"Mais sobre Ambiente\">Ler mais<\/a><\/p>\n","protected":false},"author":1,"featured_media":0,"parent":0,"menu_order":0,"comment_status":"closed","ping_status":"closed","template":"","meta":{"_mi_skip_tracking":false,"_exactmetrics_sitenote_active":false,"_exactmetrics_sitenote_note":"","_exactmetrics_sitenote_category":0},"_links":{"self":[{"href":"https:\/\/globalnavy.net\/pt-pt\/wp-json\/wp\/v2\/pages\/162"}],"collection":[{"href":"https:\/\/globalnavy.net\/pt-pt\/wp-json\/wp\/v2\/pages"}],"about":[{"href":"https:\/\/globalnavy.net\/pt-pt\/wp-json\/wp\/v2\/types\/page"}],"author":[{"embeddable":true,"href":"https:\/\/globalnavy.net\/pt-pt\/wp-json\/wp\/v2\/users\/1"}],"replies":[{"embeddable":true,"href":"https:\/\/globalnavy.net\/pt-pt\/wp-json\/wp\/v2\/comments?post=162"}],"version-history":[{"count":5,"href":"https:\/\/globalnavy.net\/pt-pt\/wp-json\/wp\/v2\/pages\/162\/revisions"}],"predecessor-version":[{"id":3087,"href":"https:\/\/globalnavy.net\/pt-pt\/wp-json\/wp\/v2\/pages\/162\/revisions\/3087"}],"wp:attachment":[{"href":"https:\/\/globalnavy.net\/pt-pt\/wp-json\/wp\/v2\/media?parent=162"}],"curies":[{"name":"wp","href":"https:\/\/api.w.org\/{rel}","templated":true}]}}