
{"id":1753,"date":"2018-08-31T00:18:27","date_gmt":"2018-08-31T00:18:27","guid":{"rendered":"http:\/\/globalnavy.net\/gn045ip\/"},"modified":"2018-08-31T00:20:11","modified_gmt":"2018-08-31T00:20:11","slug":"gn045ip","status":"publish","type":"page","link":"https:\/\/globalnavy.net\/pt-pt\/gn045ip\/","title":{"rendered":"GlobalTemp GN045 Intumescent Paint"},"content":{"rendered":"<div class=\"justifiedtext\">\n<div class=\"coating_page_variables\">Descri\u00e7\u00e3o<\/div>\n<p>Tinta Intumescente de Prote\u00e7\u00e3o Aquosa<\/p>\n<div class=\"coating_page_variables\">Segmento<\/div>\n<p>Decorativa; Mar\u00edtima; Protective; Iates.<\/p>\n<div class=\"coating_page_variables\">Tipo<\/div>\n<p>Acrilica.<\/p>\n<div class=\"coating_page_variables\">Substrato<\/div>\n<p>Aluminio; Bet\u00e3o; A\u00e7o; A\u00e7o Inox; Madeira.<\/p>\n<div class=\"coating_page_variables\">Fun\u00e7\u00e3o<\/div>\n<p>Revestimento para Alta Temperatura; Intumescente.<\/p>\n<div class=\"coating_page_tech_sheets\">\n<a href=\"http:\/\/globalnavy.net\/wp-content\/uploads\/2018\/08\/GN045IP_FT_PT.pdf\" target=\"_blank\" class=\"coating_page_links\" style=\"color:#efefef;\">Ficha T\u00e9cnica<\/a>\n<\/div>\n<\/div>\n","protected":false},"excerpt":{"rendered":"<p>Tinta Intumescente de Prote\u00e7\u00e3o Aquosa<\/p>\n","protected":false},"author":1,"featured_media":0,"parent":0,"menu_order":0,"comment_status":"closed","ping_status":"closed","template":"","meta":{"_mi_skip_tracking":false,"_exactmetrics_sitenote_active":false,"_exactmetrics_sitenote_note":"","_exactmetrics_sitenote_category":0},"_links":{"self":[{"href":"https:\/\/globalnavy.net\/pt-pt\/wp-json\/wp\/v2\/pages\/1753"}],"collection":[{"href":"https:\/\/globalnavy.net\/pt-pt\/wp-json\/wp\/v2\/pages"}],"about":[{"href":"https:\/\/globalnavy.net\/pt-pt\/wp-json\/wp\/v2\/types\/page"}],"author":[{"embeddable":true,"href":"https:\/\/globalnavy.net\/pt-pt\/wp-json\/wp\/v2\/users\/1"}],"replies":[{"embeddable":true,"href":"https:\/\/globalnavy.net\/pt-pt\/wp-json\/wp\/v2\/comments?post=1753"}],"version-history":[{"count":1,"href":"https:\/\/globalnavy.net\/pt-pt\/wp-json\/wp\/v2\/pages\/1753\/revisions"}],"predecessor-version":[{"id":1758,"href":"https:\/\/globalnavy.net\/pt-pt\/wp-json\/wp\/v2\/pages\/1753\/revisions\/1758"}],"wp:attachment":[{"href":"https:\/\/globalnavy.net\/pt-pt\/wp-json\/wp\/v2\/media?parent=1753"}],"curies":[{"name":"wp","href":"https:\/\/api.w.org\/{rel}","templated":true}]}}