
{"id":1754,"date":"2018-08-31T00:18:44","date_gmt":"2018-08-31T00:18:44","guid":{"rendered":"http:\/\/globalnavy.net\/gn055ip\/"},"modified":"2018-08-31T00:18:44","modified_gmt":"2018-08-31T00:18:44","slug":"gn055ip","status":"publish","type":"page","link":"https:\/\/globalnavy.net\/pt-pt\/gn055ip\/","title":{"rendered":"GlobalTemp GN055 Intumescent Paint SB"},"content":{"rendered":"<div class=\"justifiedtext\">\n<div class=\"coating_page_variables\">Descri\u00e7\u00e3o<\/div>\n<p>Tinta Intumescente de Prote\u00e7\u00e3o Base Solvente<\/p>\n<div class=\"coating_page_variables\">Segmento<\/div>\n<p>Decorativa; Mar\u00edtima; Protective; Iates.<\/p>\n<div class=\"coating_page_variables\">Tipo<\/div>\n<p>Acrilica.<\/p>\n<div class=\"coating_page_variables\">Substrato<\/div>\n<p>Aluminio; Bet\u00e3o; A\u00e7o; A\u00e7o Inox; Madeira.<\/p>\n<div class=\"coating_page_variables\">Fun\u00e7\u00e3o<\/div>\n<p>Revestimento para Alta Temperatura; Intumescente.<\/p>\n<div class=\"coating_page_tech_sheets\">\n<a href=\"http:\/\/globalnavy.net\/wp-content\/uploads\/2018\/08\/GN055IP_FT_PT.pdf\" target=\"_blank\" class=\"coating_page_links\" style=\"color:#efefef;\">Ficha T\u00e9cnica<\/a>\n<\/div>\n<\/div>\n","protected":false},"excerpt":{"rendered":"<p>Tinta Intumescente de Prote\u00e7\u00e3o Base Solvente<\/p>\n","protected":false},"author":1,"featured_media":0,"parent":0,"menu_order":0,"comment_status":"closed","ping_status":"closed","template":"","meta":{"_mi_skip_tracking":false,"_exactmetrics_sitenote_active":false,"_exactmetrics_sitenote_note":"","_exactmetrics_sitenote_category":0},"_links":{"self":[{"href":"https:\/\/globalnavy.net\/pt-pt\/wp-json\/wp\/v2\/pages\/1754"}],"collection":[{"href":"https:\/\/globalnavy.net\/pt-pt\/wp-json\/wp\/v2\/pages"}],"about":[{"href":"https:\/\/globalnavy.net\/pt-pt\/wp-json\/wp\/v2\/types\/page"}],"author":[{"embeddable":true,"href":"https:\/\/globalnavy.net\/pt-pt\/wp-json\/wp\/v2\/users\/1"}],"replies":[{"embeddable":true,"href":"https:\/\/globalnavy.net\/pt-pt\/wp-json\/wp\/v2\/comments?post=1754"}],"version-history":[{"count":0,"href":"https:\/\/globalnavy.net\/pt-pt\/wp-json\/wp\/v2\/pages\/1754\/revisions"}],"wp:attachment":[{"href":"https:\/\/globalnavy.net\/pt-pt\/wp-json\/wp\/v2\/media?parent=1754"}],"curies":[{"name":"wp","href":"https:\/\/api.w.org\/{rel}","templated":true}]}}