
{"id":1761,"date":"2018-08-31T00:22:08","date_gmt":"2018-08-31T00:22:08","guid":{"rendered":"http:\/\/globalnavy.net\/gn010ht\/"},"modified":"2018-08-31T00:22:08","modified_gmt":"2018-08-31T00:22:08","slug":"gn010ht","status":"publish","type":"page","link":"https:\/\/globalnavy.net\/pt-pt\/gn010ht\/","title":{"rendered":"GlobalTemp GN010 High Temperature"},"content":{"rendered":"<div class=\"justifiedtext\">\n<div class=\"coating_page_variables\">Descri\u00e7\u00e3o<\/div>\n<p>Revestimento inteligente colorida sens\u00edvel \u00e0 temperatura para altas temperaturas<\/p>\n<div class=\"coating_page_variables\">Segmento<\/div>\n<p>Mar\u00edtima; Protective.<\/p>\n<div class=\"coating_page_variables\">Tipo<\/div>\n<p>Silicone.<\/p>\n<div class=\"coating_page_variables\">Substrato<\/div>\n<p>Bet\u00e3o; A\u00e7o Galvanizado; A\u00e7o.<\/p>\n<div class=\"coating_page_variables\">Fun\u00e7\u00e3o<\/div>\n<p>Revestimento para Alta Temperatura; Prim\u00e1rio; Prim\u00e1rio e Acabamento; Acabamento; Outros.<\/p>\n<div class=\"coating_page_tech_sheets\">\n<a href=\"http:\/\/globalnavy.net\/wp-content\/uploads\/2018\/08\/GN010HT_FT_PT.pdf\" target=\"_blank\" class=\"coating_page_links\" style=\"color:#efefef;\">Ficha T\u00e9cnica<\/a>\n<\/div>\n<\/div>\n","protected":false},"excerpt":{"rendered":"<p>Revestimento inteligente colorida sens\u00edvel \u00e0 temperatura para altas temperaturas<\/p>\n","protected":false},"author":1,"featured_media":0,"parent":0,"menu_order":0,"comment_status":"closed","ping_status":"closed","template":"","meta":{"_mi_skip_tracking":false,"_exactmetrics_sitenote_active":false,"_exactmetrics_sitenote_note":"","_exactmetrics_sitenote_category":0},"_links":{"self":[{"href":"https:\/\/globalnavy.net\/pt-pt\/wp-json\/wp\/v2\/pages\/1761"}],"collection":[{"href":"https:\/\/globalnavy.net\/pt-pt\/wp-json\/wp\/v2\/pages"}],"about":[{"href":"https:\/\/globalnavy.net\/pt-pt\/wp-json\/wp\/v2\/types\/page"}],"author":[{"embeddable":true,"href":"https:\/\/globalnavy.net\/pt-pt\/wp-json\/wp\/v2\/users\/1"}],"replies":[{"embeddable":true,"href":"https:\/\/globalnavy.net\/pt-pt\/wp-json\/wp\/v2\/comments?post=1761"}],"version-history":[{"count":0,"href":"https:\/\/globalnavy.net\/pt-pt\/wp-json\/wp\/v2\/pages\/1761\/revisions"}],"wp:attachment":[{"href":"https:\/\/globalnavy.net\/pt-pt\/wp-json\/wp\/v2\/media?parent=1761"}],"curies":[{"name":"wp","href":"https:\/\/api.w.org\/{rel}","templated":true}]}}