
{"id":1766,"date":"2018-08-31T00:23:26","date_gmt":"2018-08-31T00:23:26","guid":{"rendered":"http:\/\/globalnavy.net\/gn028in\/"},"modified":"2018-08-31T00:23:26","modified_gmt":"2018-08-31T00:23:26","slug":"gn028in","status":"publish","type":"page","link":"https:\/\/globalnavy.net\/pt-pt\/gn028in\/","title":{"rendered":"Global GN028 Silica tipo I"},"content":{"rendered":"<div class=\"justifiedtext\">\n<div class=\"coating_page_variables\">Descri\u00e7\u00e3o<\/div>\n<p>Silica tipo I<\/p>\n<div class=\"coating_page_variables\">Segmento<\/div>\n<p>Decorativa; Mar\u00edtima; Protective; Iates.<\/p>\n<div class=\"coating_page_variables\">Tipo<\/div>\n<p>Ep\u00f3xi; Ep\u00f3xi Fen\u00f3lica; Poliuretano; Uretano; Outro.<\/p>\n<div class=\"coating_page_variables\">Substrato<\/div>\n<p>Aluminio; Bet\u00e3o; A\u00e7o Galvanizado; A\u00e7o; A\u00e7o Inox.<\/p>\n<div class=\"coating_page_variables\">Fun\u00e7\u00e3o<\/div>\n<p>Resist\u00eancia \u00e0 Abras\u00e3o; Antiderrapante; Mastic-Enchimento; Mastic-Enchimento; Interm\u00e9dio; Prim\u00e1rio e Acabamento; Sem Solventes; Texturada; Acabamento.<\/p>\n<div class=\"coating_page_tech_sheets\">\n<a href=\"\" target=\"_blank\" class=\"coating_page_links\" style=\"color:#efefef;\">Ficha T\u00e9cnica<\/a>\n<\/div>\n<\/div>\n","protected":false},"excerpt":{"rendered":"<p>Silica tipo I<\/p>\n","protected":false},"author":1,"featured_media":0,"parent":0,"menu_order":0,"comment_status":"closed","ping_status":"closed","template":"","meta":{"_mi_skip_tracking":false,"_exactmetrics_sitenote_active":false,"_exactmetrics_sitenote_note":"","_exactmetrics_sitenote_category":0},"_links":{"self":[{"href":"https:\/\/globalnavy.net\/pt-pt\/wp-json\/wp\/v2\/pages\/1766"}],"collection":[{"href":"https:\/\/globalnavy.net\/pt-pt\/wp-json\/wp\/v2\/pages"}],"about":[{"href":"https:\/\/globalnavy.net\/pt-pt\/wp-json\/wp\/v2\/types\/page"}],"author":[{"embeddable":true,"href":"https:\/\/globalnavy.net\/pt-pt\/wp-json\/wp\/v2\/users\/1"}],"replies":[{"embeddable":true,"href":"https:\/\/globalnavy.net\/pt-pt\/wp-json\/wp\/v2\/comments?post=1766"}],"version-history":[{"count":0,"href":"https:\/\/globalnavy.net\/pt-pt\/wp-json\/wp\/v2\/pages\/1766\/revisions"}],"wp:attachment":[{"href":"https:\/\/globalnavy.net\/pt-pt\/wp-json\/wp\/v2\/media?parent=1766"}],"curies":[{"name":"wp","href":"https:\/\/api.w.org\/{rel}","templated":true}]}}