
{"id":1770,"date":"2018-08-31T00:24:30","date_gmt":"2018-08-31T00:24:30","guid":{"rendered":"http:\/\/globalnavy.net\/gn064in\/"},"modified":"2018-10-18T17:58:22","modified_gmt":"2018-10-18T17:58:22","slug":"gn064in","status":"publish","type":"page","link":"https:\/\/globalnavy.net\/pt-pt\/gn064in\/","title":{"rendered":"Global GN064 Silica 0,6-1,2 mm"},"content":{"rendered":"<div class=\"justifiedtext\">\n<div class=\"coating_page_variables\">Descri\u00e7\u00e3o<\/div>\n<p>Areias de silica: gr\u00e3o 0,6-1,2 mm<\/p>\n<div class=\"coating_page_variables\">Segmento<\/div>\n<p>Decorativa; Mar\u00edtima; Protective; Iates.<\/p>\n<div class=\"coating_page_variables\">Tipo<\/div>\n<p>Ep\u00f3xi; Ep\u00f3xi Fen\u00f3lica; Outro.<\/p>\n<div class=\"coating_page_variables\">Substrato<\/div>\n<p>Aluminio; Bet\u00e3o; A\u00e7o Galvanizado; A\u00e7o; A\u00e7o Inox.<\/p>\n<div class=\"coating_page_variables\">Fun\u00e7\u00e3o<\/div>\n<p>Resist\u00eancia \u00e0 Abras\u00e3o; Antiderrapante; Mastic-Enchimento; Mastic-Enchimento; Interm\u00e9dio; Prim\u00e1rio e Acabamento; Sem Solventes; Texturada; Acabamento.<\/p>\n<div class=\"coating_page_tech_sheets\"><a class=\"coating_page_links\" style=\"color: #efefef;\" target=\"_blank\" rel=\"noopener\">Ficha T\u00e9cnica<\/a><\/div>\n<\/div>\n","protected":false},"excerpt":{"rendered":"<p>Areias de silica: gr\u00e3o 0,6-1,2 mm <\/p>\n","protected":false},"author":1,"featured_media":0,"parent":0,"menu_order":0,"comment_status":"closed","ping_status":"closed","template":"","meta":{"_mi_skip_tracking":false,"_exactmetrics_sitenote_active":false,"_exactmetrics_sitenote_note":"","_exactmetrics_sitenote_category":0},"_links":{"self":[{"href":"https:\/\/globalnavy.net\/pt-pt\/wp-json\/wp\/v2\/pages\/1770"}],"collection":[{"href":"https:\/\/globalnavy.net\/pt-pt\/wp-json\/wp\/v2\/pages"}],"about":[{"href":"https:\/\/globalnavy.net\/pt-pt\/wp-json\/wp\/v2\/types\/page"}],"author":[{"embeddable":true,"href":"https:\/\/globalnavy.net\/pt-pt\/wp-json\/wp\/v2\/users\/1"}],"replies":[{"embeddable":true,"href":"https:\/\/globalnavy.net\/pt-pt\/wp-json\/wp\/v2\/comments?post=1770"}],"version-history":[{"count":1,"href":"https:\/\/globalnavy.net\/pt-pt\/wp-json\/wp\/v2\/pages\/1770\/revisions"}],"predecessor-version":[{"id":2465,"href":"https:\/\/globalnavy.net\/pt-pt\/wp-json\/wp\/v2\/pages\/1770\/revisions\/2465"}],"wp:attachment":[{"href":"https:\/\/globalnavy.net\/pt-pt\/wp-json\/wp\/v2\/media?parent=1770"}],"curies":[{"name":"wp","href":"https:\/\/api.w.org\/{rel}","templated":true}]}}