
{"id":1775,"date":"2018-08-31T00:25:55","date_gmt":"2018-08-31T00:25:55","guid":{"rendered":"http:\/\/globalnavy.net\/gn101ht\/"},"modified":"2023-08-24T10:05:26","modified_gmt":"2023-08-24T10:05:26","slug":"gn101ht","status":"publish","type":"page","link":"https:\/\/globalnavy.net\/pt-pt\/gn101ht\/","title":{"rendered":"GlobalDur GN101 High Temperature Epoxy"},"content":{"rendered":"\t\t<div data-elementor-type=\"wp-page\" data-elementor-id=\"1775\" class=\"elementor elementor-1775 elementor-1362\">\n\t\t\t\t\t\t<div class=\"elementor-inner\">\n\t\t\t\t<div class=\"elementor-section-wrap\">\n\t\t\t\t\t\t\t\t\t<section class=\"elementor-section elementor-top-section elementor-element elementor-element-3c29039a elementor-section-boxed elementor-section-height-default elementor-section-height-default\" data-id=\"3c29039a\" data-element_type=\"section\">\n\t\t\t\t\t\t<div class=\"elementor-container elementor-column-gap-default\">\n\t\t\t\t\t\t\t<div class=\"elementor-row\">\n\t\t\t\t\t<div class=\"elementor-column elementor-col-100 elementor-top-column elementor-element elementor-element-4cb50054\" data-id=\"4cb50054\" data-element_type=\"column\">\n\t\t\t<div class=\"elementor-column-wrap elementor-element-populated\">\n\t\t\t\t\t\t\t<div class=\"elementor-widget-wrap\">\n\t\t\t\t\t\t<div class=\"elementor-element elementor-element-7e84a8f6 elementor-widget elementor-widget-text-editor\" data-id=\"7e84a8f6\" data-element_type=\"widget\" data-widget_type=\"text-editor.default\">\n\t\t\t\t<div class=\"elementor-widget-container\">\n\t\t\t\t\t\t\t\t<div class=\"elementor-text-editor elementor-clearfix\">\n\t\t\t\t<div class=\"justifiedtext\">\n\n<div class=\"coating_page_variables\">Descri\u00e7\u00e3o<\/div>\nPrim\u00e1rio, interm\u00e9dio e acabamento ep\u00f3xi sem solventes anticorrosivo para altas temperaturas. Aplica\u00e7\u00e3o em \u00e1reas h\u00famidas (hidrodecapagem) ou secas.  Aplica\u00e7\u00e3o e cura a temperaturas at\u00e9 180\u00baC.                                                 \n\n<div class=\"coating_page_variables\">Segmento<\/div>\nMar\u00edtima; Protective.\n\n<div class=\"coating_page_variables\">Tipo<\/div>\nEp\u00f3xi; Ep\u00f3xi Modificada.\n\n<div class=\"coating_page_variables\">Substrato<\/div>\nBet\u00e3o; A\u00e7o.\n\n<div class=\"coating_page_variables\">Fun\u00e7\u00e3o<\/div>\nRevestimento para Alta Temperatura; Revestimento Alto Desempenho; Interm\u00e9dio; Prim\u00e1rio; Prim\u00e1rio e Acabamento; Sem Solventes; Tolerante de Superf\u00edcie.\n\n<div class=\"coating_page_tech_sheets\">\n<a href=\"https:\/\/globalnavy.net\/wp-content\/uploads\/2022\/05\/GN101HT_TDS_PT_01.pdf\" target=\"_blank\" class=\"coating_page_links\" style=\"color:#efefef;\">Ficha T\u00e9cnica<\/a>\n<\/div>\n\n<\/div>\t\t\t\t\t<\/div>\n\t\t\t\t\t\t<\/div>\n\t\t\t\t<\/div>\n\t\t\t\t\t\t<\/div>\n\t\t\t\t\t<\/div>\n\t\t<\/div>\n\t\t\t\t\t\t\t\t<\/div>\n\t\t\t\t\t<\/div>\n\t\t<\/section>\n\t\t\t\t\t\t\t\t\t<\/div>\n\t\t\t<\/div>\n\t\t\t\t\t<\/div>\n\t\t","protected":false},"excerpt":{"rendered":"<p>Prim\u00e1rio, interm\u00e9dio e acabamento ep\u00f3xi sem solventes anticorrosivo para altas temperaturas. Aplica\u00e7\u00e3o em \u00e1reas h\u00famidas (hidrodecapagem) ou secas.  Aplica\u00e7\u00e3o e cura a temperaturas at\u00e9 180\u00baC.                                                 <\/p>\n","protected":false},"author":1,"featured_media":0,"parent":0,"menu_order":0,"comment_status":"closed","ping_status":"closed","template":"","meta":{"_mi_skip_tracking":false,"_exactmetrics_sitenote_active":false,"_exactmetrics_sitenote_note":"","_exactmetrics_sitenote_category":0},"_links":{"self":[{"href":"https:\/\/globalnavy.net\/pt-pt\/wp-json\/wp\/v2\/pages\/1775"}],"collection":[{"href":"https:\/\/globalnavy.net\/pt-pt\/wp-json\/wp\/v2\/pages"}],"about":[{"href":"https:\/\/globalnavy.net\/pt-pt\/wp-json\/wp\/v2\/types\/page"}],"author":[{"embeddable":true,"href":"https:\/\/globalnavy.net\/pt-pt\/wp-json\/wp\/v2\/users\/1"}],"replies":[{"embeddable":true,"href":"https:\/\/globalnavy.net\/pt-pt\/wp-json\/wp\/v2\/comments?post=1775"}],"version-history":[{"count":3,"href":"https:\/\/globalnavy.net\/pt-pt\/wp-json\/wp\/v2\/pages\/1775\/revisions"}],"predecessor-version":[{"id":4669,"href":"https:\/\/globalnavy.net\/pt-pt\/wp-json\/wp\/v2\/pages\/1775\/revisions\/4669"}],"wp:attachment":[{"href":"https:\/\/globalnavy.net\/pt-pt\/wp-json\/wp\/v2\/media?parent=1775"}],"curies":[{"name":"wp","href":"https:\/\/api.w.org\/{rel}","templated":true}]}}