
{"id":1778,"date":"2018-08-31T00:26:43","date_gmt":"2018-08-31T00:26:43","guid":{"rendered":"http:\/\/globalnavy.net\/gn107ef\/"},"modified":"2025-01-20T16:22:22","modified_gmt":"2025-01-20T16:22:22","slug":"gn107ef","status":"publish","type":"page","link":"https:\/\/globalnavy.net\/pt-pt\/gn107ef\/","title":{"rendered":"GlobalDur GN107 Epoxy Flexible"},"content":{"rendered":"\t\t<div data-elementor-type=\"wp-page\" data-elementor-id=\"1778\" class=\"elementor elementor-1778 elementor-1365\">\n\t\t\t\t\t\t<div class=\"elementor-inner\">\n\t\t\t\t<div class=\"elementor-section-wrap\">\n\t\t\t\t\t\t\t\t\t<section class=\"elementor-section elementor-top-section elementor-element elementor-element-44b91098 elementor-section-boxed elementor-section-height-default elementor-section-height-default\" data-id=\"44b91098\" data-element_type=\"section\">\n\t\t\t\t\t\t<div class=\"elementor-container elementor-column-gap-default\">\n\t\t\t\t\t\t\t<div class=\"elementor-row\">\n\t\t\t\t\t<div class=\"elementor-column elementor-col-100 elementor-top-column elementor-element elementor-element-713ca1f4\" data-id=\"713ca1f4\" data-element_type=\"column\">\n\t\t\t<div class=\"elementor-column-wrap elementor-element-populated\">\n\t\t\t\t\t\t\t<div class=\"elementor-widget-wrap\">\n\t\t\t\t\t\t<div class=\"elementor-element elementor-element-1054a953 elementor-widget elementor-widget-text-editor\" data-id=\"1054a953\" data-element_type=\"widget\" data-widget_type=\"text-editor.default\">\n\t\t\t\t<div class=\"elementor-widget-container\">\n\t\t\t\t\t\t\t\t<div class=\"elementor-text-editor elementor-clearfix\">\n\t\t\t\t<div class=\"justifiedtext\">\n\n<div class=\"coating_page_variables\">Descri\u00e7\u00e3o<\/div>\nResina ep\u00f3xi flex\u00edvel sem solventes para aplica\u00e7\u00e3o em laminagens com fibra de vidro em a\u00e7o ou bet\u00e3o.         \n\n<div class=\"coating_page_variables\">Segmento<\/div>\nMar\u00edtima; Protective; Iates.\n\n<div class=\"coating_page_variables\">Tipo<\/div>\nEp\u00f3xi; Ep\u00f3xi Modificada.\n\n<div class=\"coating_page_variables\">Substrato<\/div>\nAluminio; Fibra de Vidro Refor\u00e7ada a Ep\u00f3xi; A\u00e7o Metalizado a Quente; A\u00e7o; A\u00e7o Inox.\n\n<div class=\"coating_page_variables\">Fun\u00e7\u00e3o<\/div>\nFibragem Tanques Qu\u00edmicos; Repara\u00e7\u00e3o de Fibra de Vidro; Revestimento Alto Desempenho; Interm\u00e9dio; Revestimento de condutas; Sem Solventes; Revestimento de Tanques de \u00c1gua.\n\n<div class=\"coating_page_tech_sheets\">\n<a href=\"https:\/\/globalnavy.net\/wp-content\/uploads\/2025\/01\/GN107EF_TDS_PT_01.pdf\" target=\"_blank\" class=\"coating_page_links\" style=\"color:#efefef;\">Ficha T\u00e9cnica<\/a>\n<\/div>\n\n<\/div>\t\t\t\t\t<\/div>\n\t\t\t\t\t\t<\/div>\n\t\t\t\t<\/div>\n\t\t\t\t\t\t<\/div>\n\t\t\t\t\t<\/div>\n\t\t<\/div>\n\t\t\t\t\t\t\t\t<\/div>\n\t\t\t\t\t<\/div>\n\t\t<\/section>\n\t\t\t\t\t\t\t\t\t<\/div>\n\t\t\t<\/div>\n\t\t\t\t\t<\/div>\n\t\t","protected":false},"excerpt":{"rendered":"<p>Resina ep\u00f3xi flex\u00edvel sem solventes para aplica\u00e7\u00e3o em laminagens com fibra de vidro em a\u00e7o ou bet\u00e3o.         <\/p>\n","protected":false},"author":1,"featured_media":0,"parent":0,"menu_order":0,"comment_status":"closed","ping_status":"closed","template":"","meta":{"_mi_skip_tracking":false,"_exactmetrics_sitenote_active":false,"_exactmetrics_sitenote_note":"","_exactmetrics_sitenote_category":0},"_links":{"self":[{"href":"https:\/\/globalnavy.net\/pt-pt\/wp-json\/wp\/v2\/pages\/1778"}],"collection":[{"href":"https:\/\/globalnavy.net\/pt-pt\/wp-json\/wp\/v2\/pages"}],"about":[{"href":"https:\/\/globalnavy.net\/pt-pt\/wp-json\/wp\/v2\/types\/page"}],"author":[{"embeddable":true,"href":"https:\/\/globalnavy.net\/pt-pt\/wp-json\/wp\/v2\/users\/1"}],"replies":[{"embeddable":true,"href":"https:\/\/globalnavy.net\/pt-pt\/wp-json\/wp\/v2\/comments?post=1778"}],"version-history":[{"count":3,"href":"https:\/\/globalnavy.net\/pt-pt\/wp-json\/wp\/v2\/pages\/1778\/revisions"}],"predecessor-version":[{"id":5312,"href":"https:\/\/globalnavy.net\/pt-pt\/wp-json\/wp\/v2\/pages\/1778\/revisions\/5312"}],"wp:attachment":[{"href":"https:\/\/globalnavy.net\/pt-pt\/wp-json\/wp\/v2\/media?parent=1778"}],"curies":[{"name":"wp","href":"https:\/\/api.w.org\/{rel}","templated":true}]}}