
{"id":1780,"date":"2018-08-31T00:27:23","date_gmt":"2018-08-31T00:27:23","guid":{"rendered":"http:\/\/globalnavy.net\/gn108ec\/"},"modified":"2025-01-20T15:16:51","modified_gmt":"2025-01-20T15:16:51","slug":"gn108ec","status":"publish","type":"page","link":"https:\/\/globalnavy.net\/pt-pt\/gn108ec\/","title":{"rendered":"GlobalDur 108 Epoxy Coal Tar"},"content":{"rendered":"\t\t<div data-elementor-type=\"wp-page\" data-elementor-id=\"1780\" class=\"elementor elementor-1780 elementor-1312 elementor-bc-flex-widget\">\n\t\t\t\t\t\t<div class=\"elementor-inner\">\n\t\t\t\t<div class=\"elementor-section-wrap\">\n\t\t\t\t\t\t\t\t\t<section class=\"elementor-section elementor-top-section elementor-element elementor-element-3a2b0af9 elementor-section-boxed elementor-section-height-default elementor-section-height-default\" data-id=\"3a2b0af9\" data-element_type=\"section\">\n\t\t\t\t\t\t<div class=\"elementor-container elementor-column-gap-default\">\n\t\t\t\t\t\t\t<div class=\"elementor-row\">\n\t\t\t\t\t<div class=\"elementor-column elementor-col-100 elementor-top-column elementor-element elementor-element-52d8cf05\" data-id=\"52d8cf05\" data-element_type=\"column\">\n\t\t\t<div class=\"elementor-column-wrap elementor-element-populated\">\n\t\t\t\t\t\t\t<div class=\"elementor-widget-wrap\">\n\t\t\t\t\t\t<div class=\"elementor-element elementor-element-73990354 elementor-widget elementor-widget-text-editor\" data-id=\"73990354\" data-element_type=\"widget\" data-widget_type=\"text-editor.default\">\n\t\t\t\t<div class=\"elementor-widget-container\">\n\t\t\t\t\t\t\t\t<div class=\"elementor-text-editor elementor-clearfix\">\n\t\t\t\t<div class=\"justifiedtext\">\n\n<div class=\"coating_page_variables\">Descri\u00e7\u00e3o<\/div>\nEp\u00f3xi multiusos de base &#8220;coal tar&#8221;\n\n<div class=\"coating_page_variables\">Segmento<\/div>\nProtective.\n\n<div class=\"coating_page_variables\">Tipo<\/div>\nEp\u00f3xi; Ep\u00f3xi Modificada.\n\n<div class=\"coating_page_variables\">Substrato<\/div>\nAzulejo; Bet\u00e3o.\n\n<div class=\"coating_page_variables\">Fun\u00e7\u00e3o<\/div>\nCondutividade El\u00e9ctrica; Condutividade El\u00e9ctrica; Revestimento Alto Desempenho; Interm\u00e9dio; Sem Solventes.\n\n<div class=\"coating_page_tech_sheets\">\n<a href=\"https:\/\/globalnavy.net\/wp-content\/uploads\/2025\/01\/GN108EC_TDS_PT_01.pdf\" target=\"_blank\" class=\"coating_page_links\" style=\"color:#efefef;\">Ficha T\u00e9cnica<\/a>\n<\/div>\n\n<\/div>\t\t\t\t\t<\/div>\n\t\t\t\t\t\t<\/div>\n\t\t\t\t<\/div>\n\t\t\t\t\t\t<\/div>\n\t\t\t\t\t<\/div>\n\t\t<\/div>\n\t\t\t\t\t\t\t\t<\/div>\n\t\t\t\t\t<\/div>\n\t\t<\/section>\n\t\t\t\t\t\t\t\t\t<\/div>\n\t\t\t<\/div>\n\t\t\t\t\t<\/div>\n\t\t","protected":false},"excerpt":{"rendered":"<p>Ep\u00f3xi multiusos de base &#8220;coal tar&#8221;<\/p>\n","protected":false},"author":1,"featured_media":0,"parent":0,"menu_order":0,"comment_status":"closed","ping_status":"closed","template":"","meta":{"_mi_skip_tracking":false,"_exactmetrics_sitenote_active":false,"_exactmetrics_sitenote_note":"","_exactmetrics_sitenote_category":0},"_links":{"self":[{"href":"https:\/\/globalnavy.net\/pt-pt\/wp-json\/wp\/v2\/pages\/1780"}],"collection":[{"href":"https:\/\/globalnavy.net\/pt-pt\/wp-json\/wp\/v2\/pages"}],"about":[{"href":"https:\/\/globalnavy.net\/pt-pt\/wp-json\/wp\/v2\/types\/page"}],"author":[{"embeddable":true,"href":"https:\/\/globalnavy.net\/pt-pt\/wp-json\/wp\/v2\/users\/1"}],"replies":[{"embeddable":true,"href":"https:\/\/globalnavy.net\/pt-pt\/wp-json\/wp\/v2\/comments?post=1780"}],"version-history":[{"count":3,"href":"https:\/\/globalnavy.net\/pt-pt\/wp-json\/wp\/v2\/pages\/1780\/revisions"}],"predecessor-version":[{"id":5289,"href":"https:\/\/globalnavy.net\/pt-pt\/wp-json\/wp\/v2\/pages\/1780\/revisions\/5289"}],"wp:attachment":[{"href":"https:\/\/globalnavy.net\/pt-pt\/wp-json\/wp\/v2\/media?parent=1780"}],"curies":[{"name":"wp","href":"https:\/\/api.w.org\/{rel}","templated":true}]}}