
{"id":1785,"date":"2018-08-31T00:28:42","date_gmt":"2018-08-31T00:28:42","guid":{"rendered":"http:\/\/globalnavy.net\/gn113wz\/"},"modified":"2018-08-31T00:28:42","modified_gmt":"2018-08-31T00:28:42","slug":"gn113wz","status":"publish","type":"page","link":"https:\/\/globalnavy.net\/pt-pt\/gn113wz\/","title":{"rendered":"GlobalDur GN113 Waterbased Zinc"},"content":{"rendered":"<div class=\"justifiedtext\">\n<div class=\"coating_page_variables\">Descri\u00e7\u00e3o<\/div>\n<p>Prim\u00e1rio de Zinco Ep\u00f3xi Aquoso<\/p>\n<div class=\"coating_page_variables\">Segmento<\/div>\n<p>Contentores; Protective.<\/p>\n<div class=\"coating_page_variables\">Tipo<\/div>\n<p>Ep\u00f3xi; Ep\u00f3xi Zinco; Zinco.<\/p>\n<div class=\"coating_page_variables\">Substrato<\/div>\n<p>A\u00e7o.<\/p>\n<div class=\"coating_page_variables\">Fun\u00e7\u00e3o<\/div>\n<p>Revestimento Alto Desempenho; Tolerante \u00e0 H\u00famidade; Revestimento de condutas; Prim\u00e1rio; Base Aquosa.<\/p>\n<div class=\"coating_page_tech_sheets\">\n<a href=\"http:\/\/globalnavy.net\/wp-content\/uploads\/2018\/08\/GN113WZ_FT_PT.pdf\" target=\"_blank\" class=\"coating_page_links\" style=\"color:#efefef;\">Ficha T\u00e9cnica<\/a>\n<\/div>\n<\/div>\n","protected":false},"excerpt":{"rendered":"<p>Prim\u00e1rio de Zinco Ep\u00f3xi Aquoso<\/p>\n","protected":false},"author":1,"featured_media":0,"parent":0,"menu_order":0,"comment_status":"closed","ping_status":"closed","template":"","meta":{"_mi_skip_tracking":false,"_exactmetrics_sitenote_active":false,"_exactmetrics_sitenote_note":"","_exactmetrics_sitenote_category":0},"_links":{"self":[{"href":"https:\/\/globalnavy.net\/pt-pt\/wp-json\/wp\/v2\/pages\/1785"}],"collection":[{"href":"https:\/\/globalnavy.net\/pt-pt\/wp-json\/wp\/v2\/pages"}],"about":[{"href":"https:\/\/globalnavy.net\/pt-pt\/wp-json\/wp\/v2\/types\/page"}],"author":[{"embeddable":true,"href":"https:\/\/globalnavy.net\/pt-pt\/wp-json\/wp\/v2\/users\/1"}],"replies":[{"embeddable":true,"href":"https:\/\/globalnavy.net\/pt-pt\/wp-json\/wp\/v2\/comments?post=1785"}],"version-history":[{"count":0,"href":"https:\/\/globalnavy.net\/pt-pt\/wp-json\/wp\/v2\/pages\/1785\/revisions"}],"wp:attachment":[{"href":"https:\/\/globalnavy.net\/pt-pt\/wp-json\/wp\/v2\/media?parent=1785"}],"curies":[{"name":"wp","href":"https:\/\/api.w.org\/{rel}","templated":true}]}}