
{"id":1788,"date":"2018-08-31T00:29:26","date_gmt":"2018-08-31T00:29:26","guid":{"rendered":"http:\/\/globalnavy.net\/gn114fclt\/"},"modified":"2025-01-20T17:24:14","modified_gmt":"2025-01-20T17:24:14","slug":"gn114fclt","status":"publish","type":"page","link":"https:\/\/globalnavy.net\/pt-pt\/gn114fclt\/","title":{"rendered":"GlobalDur GN114 Fast Curing Epoxy Primer"},"content":{"rendered":"\t\t<div data-elementor-type=\"wp-page\" data-elementor-id=\"1788\" class=\"elementor elementor-1788 elementor-1320 elementor-bc-flex-widget\">\n\t\t\t\t\t\t<div class=\"elementor-inner\">\n\t\t\t\t<div class=\"elementor-section-wrap\">\n\t\t\t\t\t\t\t\t\t<section class=\"elementor-section elementor-top-section elementor-element elementor-element-3ea6a560 elementor-section-boxed elementor-section-height-default elementor-section-height-default\" data-id=\"3ea6a560\" data-element_type=\"section\">\n\t\t\t\t\t\t<div class=\"elementor-container elementor-column-gap-default\">\n\t\t\t\t\t\t\t<div class=\"elementor-row\">\n\t\t\t\t\t<div class=\"elementor-column elementor-col-100 elementor-top-column elementor-element elementor-element-a4f37a7\" data-id=\"a4f37a7\" data-element_type=\"column\">\n\t\t\t<div class=\"elementor-column-wrap elementor-element-populated\">\n\t\t\t\t\t\t\t<div class=\"elementor-widget-wrap\">\n\t\t\t\t\t\t<div class=\"elementor-element elementor-element-16dcecb0 elementor-widget elementor-widget-text-editor\" data-id=\"16dcecb0\" data-element_type=\"widget\" data-widget_type=\"text-editor.default\">\n\t\t\t\t<div class=\"elementor-widget-container\">\n\t\t\t\t\t\t\t\t<div class=\"elementor-text-editor elementor-clearfix\">\n\t\t\t\t<div class=\"justifiedtext\">\n\n<div class=\"coating_page_variables\">Descri\u00e7\u00e3o<\/div>\nPrim\u00e1rio ep\u00f3xi sem solventes para cura r\u00e1pida a baixas temperaturas e superf\u00edcies h\u00famidas.\n\n<div class=\"coating_page_variables\">Segmento<\/div>\nDecorativa; Protective.\n\n<div class=\"coating_page_variables\">Tipo<\/div>\nEp\u00f3xi; Ep\u00f3xi Modificada.\n\n<div class=\"coating_page_variables\">Substrato<\/div>\nBet\u00e3o; Placa de Isolamento; Fibra de Vidro Refor\u00e7ada a Ep\u00f3xi.\n\n<div class=\"coating_page_variables\">Fun\u00e7\u00e3o<\/div>\nFibragem Tanques Qu\u00edmicos; Repara\u00e7\u00e3o de Fibra de Vidro; Revestimento Alto Desempenho; Tolerante \u00e0 H\u00famidade; Cura a Temperatura Baixas; Revestimento de condutas; Prim\u00e1rio; Prim\u00e1rio e Acabamento; Sem Solventes; Revestimento de Tanques de \u00c1gua.\n\n<div class=\"coating_page_tech_sheets\">\n<a href=\"https:\/\/globalnavy.net\/wp-content\/uploads\/2025\/01\/GN114FCLT_TDS_PT_01.pdf\" target=\"_blank\" class=\"coating_page_links\" style=\"color:#efefef;\">Ficha T\u00e9cnica<\/a>\n<\/div>\n\n<\/div>\t\t\t\t\t<\/div>\n\t\t\t\t\t\t<\/div>\n\t\t\t\t<\/div>\n\t\t\t\t\t\t<\/div>\n\t\t\t\t\t<\/div>\n\t\t<\/div>\n\t\t\t\t\t\t\t\t<\/div>\n\t\t\t\t\t<\/div>\n\t\t<\/section>\n\t\t\t\t\t\t\t\t\t<\/div>\n\t\t\t<\/div>\n\t\t\t\t\t<\/div>\n\t\t","protected":false},"excerpt":{"rendered":"<p>Prim\u00e1rio ep\u00f3xi sem solventes para cura r\u00e1pida a baixas temperaturas e superf\u00edcies h\u00famidas.<\/p>\n","protected":false},"author":1,"featured_media":0,"parent":0,"menu_order":0,"comment_status":"closed","ping_status":"closed","template":"","meta":{"_mi_skip_tracking":false,"_exactmetrics_sitenote_active":false,"_exactmetrics_sitenote_note":"","_exactmetrics_sitenote_category":0},"_links":{"self":[{"href":"https:\/\/globalnavy.net\/pt-pt\/wp-json\/wp\/v2\/pages\/1788"}],"collection":[{"href":"https:\/\/globalnavy.net\/pt-pt\/wp-json\/wp\/v2\/pages"}],"about":[{"href":"https:\/\/globalnavy.net\/pt-pt\/wp-json\/wp\/v2\/types\/page"}],"author":[{"embeddable":true,"href":"https:\/\/globalnavy.net\/pt-pt\/wp-json\/wp\/v2\/users\/1"}],"replies":[{"embeddable":true,"href":"https:\/\/globalnavy.net\/pt-pt\/wp-json\/wp\/v2\/comments?post=1788"}],"version-history":[{"count":3,"href":"https:\/\/globalnavy.net\/pt-pt\/wp-json\/wp\/v2\/pages\/1788\/revisions"}],"predecessor-version":[{"id":5365,"href":"https:\/\/globalnavy.net\/pt-pt\/wp-json\/wp\/v2\/pages\/1788\/revisions\/5365"}],"wp:attachment":[{"href":"https:\/\/globalnavy.net\/pt-pt\/wp-json\/wp\/v2\/media?parent=1788"}],"curies":[{"name":"wp","href":"https:\/\/api.w.org\/{rel}","templated":true}]}}