
{"id":1791,"date":"2018-08-31T00:30:28","date_gmt":"2018-08-31T00:30:28","guid":{"rendered":"http:\/\/globalnavy.net\/gn115es\/"},"modified":"2018-08-31T00:30:28","modified_gmt":"2018-08-31T00:30:28","slug":"gn115es","status":"publish","type":"page","link":"https:\/\/globalnavy.net\/pt-pt\/gn115es\/","title":{"rendered":"GlobalDur GN115 Epoxy SplashZone"},"content":{"rendered":"<div class=\"justifiedtext\">\n<div class=\"coating_page_variables\">Descri\u00e7\u00e3o<\/div>\n<p>Ep\u00f3xi anticorrosivo sem solventes de alta espessura, cura r\u00e1pida para a\u00e7o a baixas temperaturas. Aplica\u00e7\u00e3o em \u00e1reas h\u00famidas (hidrodecapagem) ou secas.<\/p>\n<div class=\"coating_page_variables\">Segmento<\/div>\n<p>Mar\u00edtima; Protective.<\/p>\n<div class=\"coating_page_variables\">Tipo<\/div>\n<p>Ep\u00f3xi; Ep\u00f3xi Modificada.<\/p>\n<div class=\"coating_page_variables\">Substrato<\/div>\n<p>A\u00e7o.<\/p>\n<div class=\"coating_page_variables\">Fun\u00e7\u00e3o<\/div>\n<p>Resist\u00eancia \u00e0 Abras\u00e3o; Revestimento Alto Desempenho; Tolerante \u00e0 H\u00famidade; Cura a Temperatura Baixas; Interm\u00e9dio; Prim\u00e1rio; Prim\u00e1rio e Acabamento; Sem Solventes; Tolerante de Superf\u00edcie; Revestimento de Tanques de \u00c1gua.<\/p>\n<div class=\"coating_page_tech_sheets\">\n<a href=\"http:\/\/globalnavy.net\/wp-content\/uploads\/2018\/08\/GN115ES_FT_PT.pdf\" target=\"_blank\" class=\"coating_page_links\" style=\"color:#efefef;\">Ficha T\u00e9cnica<\/a>\n<\/div>\n<\/div>\n","protected":false},"excerpt":{"rendered":"<p>Ep\u00f3xi anticorrosivo sem solventes de alta espessura, cura r\u00e1pida para a\u00e7o a baixas temperaturas. Aplica\u00e7\u00e3o em \u00e1reas h\u00famidas (hidrodecapagem) ou secas.<\/p>\n","protected":false},"author":1,"featured_media":0,"parent":0,"menu_order":0,"comment_status":"closed","ping_status":"closed","template":"","meta":{"_mi_skip_tracking":false,"_exactmetrics_sitenote_active":false,"_exactmetrics_sitenote_note":"","_exactmetrics_sitenote_category":0},"_links":{"self":[{"href":"https:\/\/globalnavy.net\/pt-pt\/wp-json\/wp\/v2\/pages\/1791"}],"collection":[{"href":"https:\/\/globalnavy.net\/pt-pt\/wp-json\/wp\/v2\/pages"}],"about":[{"href":"https:\/\/globalnavy.net\/pt-pt\/wp-json\/wp\/v2\/types\/page"}],"author":[{"embeddable":true,"href":"https:\/\/globalnavy.net\/pt-pt\/wp-json\/wp\/v2\/users\/1"}],"replies":[{"embeddable":true,"href":"https:\/\/globalnavy.net\/pt-pt\/wp-json\/wp\/v2\/comments?post=1791"}],"version-history":[{"count":0,"href":"https:\/\/globalnavy.net\/pt-pt\/wp-json\/wp\/v2\/pages\/1791\/revisions"}],"wp:attachment":[{"href":"https:\/\/globalnavy.net\/pt-pt\/wp-json\/wp\/v2\/media?parent=1791"}],"curies":[{"name":"wp","href":"https:\/\/api.w.org\/{rel}","templated":true}]}}