
{"id":1793,"date":"2018-08-31T00:30:59","date_gmt":"2018-08-31T00:30:59","guid":{"rendered":"http:\/\/globalnavy.net\/gn120er\/"},"modified":"2025-01-21T11:21:09","modified_gmt":"2025-01-21T11:21:09","slug":"gn120er","status":"publish","type":"page","link":"https:\/\/globalnavy.net\/pt-pt\/gn120er\/","title":{"rendered":"GlobalDur GN120 Epoxy Resin"},"content":{"rendered":"\t\t<div data-elementor-type=\"wp-page\" data-elementor-id=\"1793\" class=\"elementor elementor-1793 elementor-1325\">\n\t\t\t\t\t\t<div class=\"elementor-inner\">\n\t\t\t\t<div class=\"elementor-section-wrap\">\n\t\t\t\t\t\t\t\t\t<section class=\"elementor-section elementor-top-section elementor-element elementor-element-56744a4f elementor-section-boxed elementor-section-height-default elementor-section-height-default\" data-id=\"56744a4f\" data-element_type=\"section\">\n\t\t\t\t\t\t<div class=\"elementor-container elementor-column-gap-default\">\n\t\t\t\t\t\t\t<div class=\"elementor-row\">\n\t\t\t\t\t<div class=\"elementor-column elementor-col-100 elementor-top-column elementor-element elementor-element-6f2786fc\" data-id=\"6f2786fc\" data-element_type=\"column\">\n\t\t\t<div class=\"elementor-column-wrap elementor-element-populated\">\n\t\t\t\t\t\t\t<div class=\"elementor-widget-wrap\">\n\t\t\t\t\t\t<div class=\"elementor-element elementor-element-5bc52ac1 elementor-widget elementor-widget-text-editor\" data-id=\"5bc52ac1\" data-element_type=\"widget\" data-widget_type=\"text-editor.default\">\n\t\t\t\t<div class=\"elementor-widget-container\">\n\t\t\t\t\t\t\t\t<div class=\"elementor-text-editor elementor-clearfix\">\n\t\t\t\t<div class=\"justifiedtext\">\n<div class=\"coating_page_variables\">Descri\u00e7\u00e3o<\/div>\nExcelente resina ep\u00f3xi incolor sem solventes com boa viscosidade, para pavimentos multicamadas e argamassas.\n<div class=\"coating_page_variables\">Segmento<\/div>\nDecorativo; Maritimo; Protective; Yacht.\n<div class=\"coating_page_variables\">Tipo<\/div>\nEp\u00f3xi.\n<div class=\"coating_page_variables\">Substrato<\/div>\nReboco de cimento; Azulejos Cer\u00e2micos; Bet\u00e3o; Fibra de Vidro; Ep\u00f3xi refor\u00e7ado com fibra de vidro.\n<div class=\"coating_page_variables\">Fun\u00e7\u00e3o<\/div>\nResist\u00eancia \u00e0 abras\u00e3o; Antiderrapante; Revestimento de tanques qu\u00edmicos; Massa de enchimento &#8211; massa de fibra de vidro; Repara\u00e7\u00e3o de fibra de vidro; Revestimento resistente; Inje\u00e7\u00e3o; Revestimento Interm\u00e9dio; Revestimento de tubos; Prim\u00e1rio; Prim\u00e1rio e Acabamento; Selante; Sem solventes; Revestimento de dep\u00f3sito de \u00e1gua.\n<div class=\"coating_page_tech_sheets\">\n<a href=\"https:\/\/globalnavy.net\/wp-content\/uploads\/2025\/01\/GN120ER_TDS_PT_01REACAO-FOGO.pdf\" target=\"_blank\" class=\"coating_page_links\" style=\"color:#efefef;\" rel=\"noopener noreferrer\">Ficha T\u00e9cnica<\/a><\/div>\n<\/div>\t\t\t\t\t<\/div>\n\t\t\t\t\t\t<\/div>\n\t\t\t\t<\/div>\n\t\t\t\t\t\t<\/div>\n\t\t\t\t\t<\/div>\n\t\t<\/div>\n\t\t\t\t\t\t\t\t<\/div>\n\t\t\t\t\t<\/div>\n\t\t<\/section>\n\t\t\t\t\t\t\t\t\t<\/div>\n\t\t\t<\/div>\n\t\t\t\t\t<\/div>\n\t\t","protected":false},"excerpt":{"rendered":"<p>Resina ep\u00f3xi incolor sem solventes com boa viscosidade, para pavimentos multicamadas e argamassas. <\/p>\n","protected":false},"author":1,"featured_media":0,"parent":0,"menu_order":0,"comment_status":"closed","ping_status":"closed","template":"","meta":{"_mi_skip_tracking":false,"_exactmetrics_sitenote_active":false,"_exactmetrics_sitenote_note":"","_exactmetrics_sitenote_category":0},"_links":{"self":[{"href":"https:\/\/globalnavy.net\/pt-pt\/wp-json\/wp\/v2\/pages\/1793"}],"collection":[{"href":"https:\/\/globalnavy.net\/pt-pt\/wp-json\/wp\/v2\/pages"}],"about":[{"href":"https:\/\/globalnavy.net\/pt-pt\/wp-json\/wp\/v2\/types\/page"}],"author":[{"embeddable":true,"href":"https:\/\/globalnavy.net\/pt-pt\/wp-json\/wp\/v2\/users\/1"}],"replies":[{"embeddable":true,"href":"https:\/\/globalnavy.net\/pt-pt\/wp-json\/wp\/v2\/comments?post=1793"}],"version-history":[{"count":20,"href":"https:\/\/globalnavy.net\/pt-pt\/wp-json\/wp\/v2\/pages\/1793\/revisions"}],"predecessor-version":[{"id":5394,"href":"https:\/\/globalnavy.net\/pt-pt\/wp-json\/wp\/v2\/pages\/1793\/revisions\/5394"}],"wp:attachment":[{"href":"https:\/\/globalnavy.net\/pt-pt\/wp-json\/wp\/v2\/media?parent=1793"}],"curies":[{"name":"wp","href":"https:\/\/api.w.org\/{rel}","templated":true}]}}