
{"id":1800,"date":"2018-08-31T00:33:54","date_gmt":"2018-08-31T00:33:54","guid":{"rendered":"http:\/\/globalnavy.net\/gn126eg\/"},"modified":"2018-08-31T00:33:54","modified_gmt":"2018-08-31T00:33:54","slug":"gn126eg","status":"publish","type":"page","link":"https:\/\/globalnavy.net\/pt-pt\/gn126eg\/","title":{"rendered":"GlobalDur GN126 Epoxy Glassflake"},"content":{"rendered":"<div class=\"justifiedtext\">\n<div class=\"coating_page_variables\">Descri\u00e7\u00e3o<\/div>\n<p>Revestimento Sem Solventes Tolerante \u00e0 Humidade com Fibra de Vidro.<\/p>\n<div class=\"coating_page_variables\">Segmento<\/div>\n<p>Mar\u00edtima; Protective.<\/p>\n<div class=\"coating_page_variables\">Tipo<\/div>\n<p>Ep\u00f3xi; Fibra de Vidro; Ep\u00f3xi Modificada.<\/p>\n<div class=\"coating_page_variables\">Substrato<\/div>\n<p>Bet\u00e3o; Fibra de Vidro Refor\u00e7ada a Ep\u00f3xi; Fibra de Vidro Refor\u00e7ada a Poli\u00e9ster; A\u00e7o.<\/p>\n<div class=\"coating_page_variables\">Fun\u00e7\u00e3o<\/div>\n<p>Resist\u00eancia \u00e0 Abras\u00e3o; Antiderrapante; Fibragem Tanques Qu\u00edmicos; Mastic-Enchimento; Mastic-Enchimento; Repara\u00e7\u00e3o de Fibra de Vidro; Revestimento Alto Desempenho; Interm\u00e9dio; Sem Solventes; Acabamento.<\/p>\n<div class=\"coating_page_tech_sheets\">\n<a href=\"http:\/\/globalnavy.net\/wp-content\/uploads\/2018\/08\/GN126EG_FT_PT.pdf\" target=\"_blank\" class=\"coating_page_links\" style=\"color:#efefef;\">Ficha T\u00e9cnica<\/a>\n<\/div>\n<\/div>\n","protected":false},"excerpt":{"rendered":"<p>Revestimento Sem Solventes Tolerante \u00e0 Humidade com Fibra de Vidro.<\/p>\n","protected":false},"author":1,"featured_media":0,"parent":0,"menu_order":0,"comment_status":"closed","ping_status":"closed","template":"","meta":{"_mi_skip_tracking":false,"_exactmetrics_sitenote_active":false,"_exactmetrics_sitenote_note":"","_exactmetrics_sitenote_category":0},"_links":{"self":[{"href":"https:\/\/globalnavy.net\/pt-pt\/wp-json\/wp\/v2\/pages\/1800"}],"collection":[{"href":"https:\/\/globalnavy.net\/pt-pt\/wp-json\/wp\/v2\/pages"}],"about":[{"href":"https:\/\/globalnavy.net\/pt-pt\/wp-json\/wp\/v2\/types\/page"}],"author":[{"embeddable":true,"href":"https:\/\/globalnavy.net\/pt-pt\/wp-json\/wp\/v2\/users\/1"}],"replies":[{"embeddable":true,"href":"https:\/\/globalnavy.net\/pt-pt\/wp-json\/wp\/v2\/comments?post=1800"}],"version-history":[{"count":0,"href":"https:\/\/globalnavy.net\/pt-pt\/wp-json\/wp\/v2\/pages\/1800\/revisions"}],"wp:attachment":[{"href":"https:\/\/globalnavy.net\/pt-pt\/wp-json\/wp\/v2\/media?parent=1800"}],"curies":[{"name":"wp","href":"https:\/\/api.w.org\/{rel}","templated":true}]}}