
{"id":1801,"date":"2018-08-31T00:34:08","date_gmt":"2018-08-31T00:34:08","guid":{"rendered":"http:\/\/globalnavy.net\/gn130epsf\/"},"modified":"2018-08-31T00:34:08","modified_gmt":"2018-08-31T00:34:08","slug":"gn130epsf","status":"publish","type":"page","link":"https:\/\/globalnavy.net\/pt-pt\/gn130epsf\/","title":{"rendered":"GlobalDur GN130 Epoxy Paint Solvent free"},"content":{"rendered":"<div class=\"justifiedtext\">\n<div class=\"coating_page_variables\">Descri\u00e7\u00e3o<\/div>\n<p>Tinta ep\u00f3xi sem solventes para pavimentos. Excelente resist\u00eancia ao impacto e abras\u00e3o.<\/p>\n<div class=\"coating_page_variables\">Segmento<\/div>\n<p>Decorativa; Protective.<\/p>\n<div class=\"coating_page_variables\">Tipo<\/div>\n<p>Ep\u00f3xi.<\/p>\n<div class=\"coating_page_variables\">Substrato<\/div>\n<p>Reboco de Cimento; Azulejo; Bet\u00e3o.<\/p>\n<div class=\"coating_page_variables\">Fun\u00e7\u00e3o<\/div>\n<p>Resist\u00eancia \u00e0 Abras\u00e3o; Antiderrapante; Revestimento Alto Desempenho; Interm\u00e9dio; Prim\u00e1rio; Prim\u00e1rio e Acabamento; Sem Solventes; Acabamento.<\/p>\n<div class=\"coating_page_tech_sheets\">\n<a href=\"https:\/\/globalnavy.net\/wp-content\/uploads\/2018\/08\/GN130EPSF_FT_PT.pdf\" target=\"_blank\" class=\"coating_page_links\" style=\"color:#efefef;\">Ficha T\u00e9cnica<\/a>\n<\/div>\n<\/div>\n","protected":false},"excerpt":{"rendered":"<p>Tinta ep\u00f3xi sem solventes para pavimentos. Excelente resist\u00eancia ao impacto e abras\u00e3o.<\/p>\n","protected":false},"author":1,"featured_media":0,"parent":0,"menu_order":0,"comment_status":"closed","ping_status":"closed","template":"","meta":{"_mi_skip_tracking":false,"_exactmetrics_sitenote_active":false,"_exactmetrics_sitenote_note":"","_exactmetrics_sitenote_category":0},"_links":{"self":[{"href":"https:\/\/globalnavy.net\/pt-pt\/wp-json\/wp\/v2\/pages\/1801"}],"collection":[{"href":"https:\/\/globalnavy.net\/pt-pt\/wp-json\/wp\/v2\/pages"}],"about":[{"href":"https:\/\/globalnavy.net\/pt-pt\/wp-json\/wp\/v2\/types\/page"}],"author":[{"embeddable":true,"href":"https:\/\/globalnavy.net\/pt-pt\/wp-json\/wp\/v2\/users\/1"}],"replies":[{"embeddable":true,"href":"https:\/\/globalnavy.net\/pt-pt\/wp-json\/wp\/v2\/comments?post=1801"}],"version-history":[{"count":0,"href":"https:\/\/globalnavy.net\/pt-pt\/wp-json\/wp\/v2\/pages\/1801\/revisions"}],"wp:attachment":[{"href":"https:\/\/globalnavy.net\/pt-pt\/wp-json\/wp\/v2\/media?parent=1801"}],"curies":[{"name":"wp","href":"https:\/\/api.w.org\/{rel}","templated":true}]}}