
{"id":1802,"date":"2018-08-31T00:34:22","date_gmt":"2018-08-31T00:34:22","guid":{"rendered":"http:\/\/globalnavy.net\/gn131sp\/"},"modified":"2025-01-21T15:13:05","modified_gmt":"2025-01-21T15:13:05","slug":"gn131sp","status":"publish","type":"page","link":"https:\/\/globalnavy.net\/pt-pt\/gn131sp\/","title":{"rendered":"GlobalDur GN131 Shop Primer"},"content":{"rendered":"\t\t<div data-elementor-type=\"wp-page\" data-elementor-id=\"1802\" class=\"elementor elementor-1802 elementor-1334\">\n\t\t\t\t\t\t<div class=\"elementor-inner\">\n\t\t\t\t<div class=\"elementor-section-wrap\">\n\t\t\t\t\t\t\t\t\t<section class=\"elementor-section elementor-top-section elementor-element elementor-element-44763339 elementor-section-boxed elementor-section-height-default elementor-section-height-default\" data-id=\"44763339\" data-element_type=\"section\">\n\t\t\t\t\t\t<div class=\"elementor-container elementor-column-gap-default\">\n\t\t\t\t\t\t\t<div class=\"elementor-row\">\n\t\t\t\t\t<div class=\"elementor-column elementor-col-100 elementor-top-column elementor-element elementor-element-3fcb03f5\" data-id=\"3fcb03f5\" data-element_type=\"column\">\n\t\t\t<div class=\"elementor-column-wrap elementor-element-populated\">\n\t\t\t\t\t\t\t<div class=\"elementor-widget-wrap\">\n\t\t\t\t\t\t<div class=\"elementor-element elementor-element-10d4ea75 elementor-widget elementor-widget-text-editor\" data-id=\"10d4ea75\" data-element_type=\"widget\" data-widget_type=\"text-editor.default\">\n\t\t\t\t<div class=\"elementor-widget-container\">\n\t\t\t\t\t\t\t\t<div class=\"elementor-text-editor elementor-clearfix\">\n\t\t\t\t<div class=\"justifiedtext\">\n\n<div class=\"coating_page_variables\">Descri\u00e7\u00e3o<\/div>\n&#8220;Pr\u00e9-prim\u00e1rio&#8221; ep\u00f3xi desenvolvido especificamente para aplica\u00e7\u00e3o em estaleiro para o sistema final GN101 Series.           \n\n<div class=\"coating_page_variables\">Segmento<\/div>\nMar\u00edtima; Iates.\n\n<div class=\"coating_page_variables\">Tipo<\/div>\nEp\u00f3xi.\n\n<div class=\"coating_page_variables\">Substrato<\/div>\nA\u00e7o.\n\n<div class=\"coating_page_variables\">Fun\u00e7\u00e3o<\/div>\nRepara\u00e7\u00e3o de Fibra de Vidro; Revestimento Alto Desempenho; Prim\u00e1rio; Prim\u00e1rio de Espera.\n\n<div class=\"coating_page_tech_sheets\">\n<a href=\"https:\/\/globalnavy.net\/wp-content\/uploads\/2025\/01\/GN131SP_TDS_PT_01.pdf\" target=\"_blank\" class=\"coating_page_links\" style=\"color:#efefef;\">Ficha T\u00e9cnica<\/a>\n<\/div>\n\n<\/div>\t\t\t\t\t<\/div>\n\t\t\t\t\t\t<\/div>\n\t\t\t\t<\/div>\n\t\t\t\t\t\t<\/div>\n\t\t\t\t\t<\/div>\n\t\t<\/div>\n\t\t\t\t\t\t\t\t<\/div>\n\t\t\t\t\t<\/div>\n\t\t<\/section>\n\t\t\t\t\t\t\t\t\t<\/div>\n\t\t\t<\/div>\n\t\t\t\t\t<\/div>\n\t\t","protected":false},"excerpt":{"rendered":"<p>&#8220;Pr\u00e9-prim\u00e1rio&#8221; ep\u00f3xi desenvolvido especificamente para aplica\u00e7\u00e3o em estaleiro para o sistema final GN101 Series           <\/p>\n","protected":false},"author":1,"featured_media":0,"parent":0,"menu_order":0,"comment_status":"closed","ping_status":"closed","template":"","meta":{"_mi_skip_tracking":false,"_exactmetrics_sitenote_active":false,"_exactmetrics_sitenote_note":"","_exactmetrics_sitenote_category":0},"_links":{"self":[{"href":"https:\/\/globalnavy.net\/pt-pt\/wp-json\/wp\/v2\/pages\/1802"}],"collection":[{"href":"https:\/\/globalnavy.net\/pt-pt\/wp-json\/wp\/v2\/pages"}],"about":[{"href":"https:\/\/globalnavy.net\/pt-pt\/wp-json\/wp\/v2\/types\/page"}],"author":[{"embeddable":true,"href":"https:\/\/globalnavy.net\/pt-pt\/wp-json\/wp\/v2\/users\/1"}],"replies":[{"embeddable":true,"href":"https:\/\/globalnavy.net\/pt-pt\/wp-json\/wp\/v2\/comments?post=1802"}],"version-history":[{"count":6,"href":"https:\/\/globalnavy.net\/pt-pt\/wp-json\/wp\/v2\/pages\/1802\/revisions"}],"predecessor-version":[{"id":5438,"href":"https:\/\/globalnavy.net\/pt-pt\/wp-json\/wp\/v2\/pages\/1802\/revisions\/5438"}],"wp:attachment":[{"href":"https:\/\/globalnavy.net\/pt-pt\/wp-json\/wp\/v2\/media?parent=1802"}],"curies":[{"name":"wp","href":"https:\/\/api.w.org\/{rel}","templated":true}]}}