
{"id":1804,"date":"2018-08-31T00:34:54","date_gmt":"2018-08-31T00:34:54","guid":{"rendered":"http:\/\/globalnavy.net\/gn132eflt\/"},"modified":"2025-01-21T15:38:05","modified_gmt":"2025-01-21T15:38:05","slug":"gn132eflt","status":"publish","type":"page","link":"https:\/\/globalnavy.net\/pt-pt\/gn132eflt\/","title":{"rendered":"GlobalDur GN132 Epoxy Finish Low Temp."},"content":{"rendered":"\t\t<div data-elementor-type=\"wp-page\" data-elementor-id=\"1804\" class=\"elementor elementor-1804 elementor-1337 elementor-bc-flex-widget\">\n\t\t\t\t\t\t<div class=\"elementor-inner\">\n\t\t\t\t<div class=\"elementor-section-wrap\">\n\t\t\t\t\t\t\t\t\t<section class=\"elementor-section elementor-top-section elementor-element elementor-element-22815ad elementor-section-boxed elementor-section-height-default elementor-section-height-default\" data-id=\"22815ad\" data-element_type=\"section\">\n\t\t\t\t\t\t<div class=\"elementor-container elementor-column-gap-default\">\n\t\t\t\t\t\t\t<div class=\"elementor-row\">\n\t\t\t\t\t<div class=\"elementor-column elementor-col-100 elementor-top-column elementor-element elementor-element-43eef7e3\" data-id=\"43eef7e3\" data-element_type=\"column\">\n\t\t\t<div class=\"elementor-column-wrap elementor-element-populated\">\n\t\t\t\t\t\t\t<div class=\"elementor-widget-wrap\">\n\t\t\t\t\t\t<div class=\"elementor-element elementor-element-402dba50 elementor-widget elementor-widget-text-editor\" data-id=\"402dba50\" data-element_type=\"widget\" data-widget_type=\"text-editor.default\">\n\t\t\t\t<div class=\"elementor-widget-container\">\n\t\t\t\t\t\t\t\t<div class=\"elementor-text-editor elementor-clearfix\">\n\t\t\t\t<div class=\"justifiedtext\">\n\n<div class=\"coating_page_variables\">Descri\u00e7\u00e3o<\/div>\nTinta e Autonivelante ep\u00f3xi sem solventes para pavimentos. Excelente resist\u00eancia ao impacto e abras\u00e3o e secagem a baixas temperaturas.                                        \n\n<div class=\"coating_page_variables\">Segmento<\/div>\nDecorativa; Protective.\n\n<div class=\"coating_page_variables\">Tipo<\/div>\nEp\u00f3xi.\n\n<div class=\"coating_page_variables\">Substrato<\/div>\nReboco de Cimento; Azulejo; Bet\u00e3o.\n\n<div class=\"coating_page_variables\">Fun\u00e7\u00e3o<\/div>\nResist\u00eancia \u00e0 Abras\u00e3o; Antiderrapante; Revestimento Alto Desempenho; Cura a Temperatura Baixas; Interm\u00e9dio; Prim\u00e1rio; Prim\u00e1rio e Acabamento; Sem Solventes; Acabamento.\n\n<div class=\"coating_page_tech_sheets\">\n<a href=\"https:\/\/globalnavy.net\/wp-content\/uploads\/2025\/01\/GN132EFLT_TDS_PT_01.pdf\" target=\"_blank\" class=\"coating_page_links\" style=\"color:#efefef;\">Ficha T\u00e9cnica<\/a>\n<\/div>\n\n<\/div>\t\t\t\t\t<\/div>\n\t\t\t\t\t\t<\/div>\n\t\t\t\t<\/div>\n\t\t\t\t\t\t<\/div>\n\t\t\t\t\t<\/div>\n\t\t<\/div>\n\t\t\t\t\t\t\t\t<\/div>\n\t\t\t\t\t<\/div>\n\t\t<\/section>\n\t\t\t\t\t\t\t\t\t<\/div>\n\t\t\t<\/div>\n\t\t\t\t\t<\/div>\n\t\t","protected":false},"excerpt":{"rendered":"<p>Tinta e Autonivelante ep\u00f3xi sem solventes para pavimentos. Excelente resist\u00eancia ao impacto e abras\u00e3o e secagem a baixas temperaturas.                                        <\/p>\n","protected":false},"author":1,"featured_media":0,"parent":0,"menu_order":0,"comment_status":"closed","ping_status":"closed","template":"","meta":{"_mi_skip_tracking":false,"_exactmetrics_sitenote_active":false,"_exactmetrics_sitenote_note":"","_exactmetrics_sitenote_category":0},"_links":{"self":[{"href":"https:\/\/globalnavy.net\/pt-pt\/wp-json\/wp\/v2\/pages\/1804"}],"collection":[{"href":"https:\/\/globalnavy.net\/pt-pt\/wp-json\/wp\/v2\/pages"}],"about":[{"href":"https:\/\/globalnavy.net\/pt-pt\/wp-json\/wp\/v2\/types\/page"}],"author":[{"embeddable":true,"href":"https:\/\/globalnavy.net\/pt-pt\/wp-json\/wp\/v2\/users\/1"}],"replies":[{"embeddable":true,"href":"https:\/\/globalnavy.net\/pt-pt\/wp-json\/wp\/v2\/comments?post=1804"}],"version-history":[{"count":3,"href":"https:\/\/globalnavy.net\/pt-pt\/wp-json\/wp\/v2\/pages\/1804\/revisions"}],"predecessor-version":[{"id":5454,"href":"https:\/\/globalnavy.net\/pt-pt\/wp-json\/wp\/v2\/pages\/1804\/revisions\/5454"}],"wp:attachment":[{"href":"https:\/\/globalnavy.net\/pt-pt\/wp-json\/wp\/v2\/media?parent=1804"}],"curies":[{"name":"wp","href":"https:\/\/api.w.org\/{rel}","templated":true}]}}