
{"id":1808,"date":"2018-08-31T00:35:52","date_gmt":"2018-08-31T00:35:52","guid":{"rendered":"http:\/\/globalnavy.net\/gn134ue\/"},"modified":"2025-01-21T16:09:24","modified_gmt":"2025-01-21T16:09:24","slug":"gn134ue","status":"publish","type":"page","link":"https:\/\/globalnavy.net\/pt-pt\/gn134ue\/","title":{"rendered":"GlobalDur GN134 Underwater Epoxy"},"content":{"rendered":"\t\t<div data-elementor-type=\"wp-page\" data-elementor-id=\"1808\" class=\"elementor elementor-1808 elementor-1340\">\n\t\t\t\t\t\t<div class=\"elementor-inner\">\n\t\t\t\t<div class=\"elementor-section-wrap\">\n\t\t\t\t\t\t\t\t\t<section class=\"elementor-section elementor-top-section elementor-element elementor-element-deb3c3e elementor-section-boxed elementor-section-height-default elementor-section-height-default\" data-id=\"deb3c3e\" data-element_type=\"section\">\n\t\t\t\t\t\t<div class=\"elementor-container elementor-column-gap-default\">\n\t\t\t\t\t\t\t<div class=\"elementor-row\">\n\t\t\t\t\t<div class=\"elementor-column elementor-col-100 elementor-top-column elementor-element elementor-element-15252890\" data-id=\"15252890\" data-element_type=\"column\">\n\t\t\t<div class=\"elementor-column-wrap elementor-element-populated\">\n\t\t\t\t\t\t\t<div class=\"elementor-widget-wrap\">\n\t\t\t\t\t\t<div class=\"elementor-element elementor-element-8460a2 elementor-widget elementor-widget-text-editor\" data-id=\"8460a2\" data-element_type=\"widget\" data-widget_type=\"text-editor.default\">\n\t\t\t\t<div class=\"elementor-widget-container\">\n\t\t\t\t\t\t\t\t<div class=\"elementor-text-editor elementor-clearfix\">\n\t\t\t\t<div class=\"justifiedtext\">\n\n<div class=\"coating_page_variables\">Descri\u00e7\u00e3o<\/div>\nResina ep\u00f3xi sem solventes para inje\u00e7\u00e3o subaqu\u00e1tica em a\u00e7o e bet\u00e3o.  \n\n<div class=\"coating_page_variables\">Segmento<\/div>\nMar\u00edtima; Protective.\n\n<div class=\"coating_page_variables\">Tipo<\/div>\nEp\u00f3xi; Ep\u00f3xi Modificada.\n\n<div class=\"coating_page_variables\">Substrato<\/div>\nFibra de Vidro Refor\u00e7ada a Ep\u00f3xi; Fibra de Vidro Refor\u00e7ada a Poli\u00e9ster; A\u00e7o.\n\n<div class=\"coating_page_variables\">Fun\u00e7\u00e3o<\/div>\nMastic-Enchimento; Mastic-Enchimento; Repara\u00e7\u00e3o de Fibra de Vidro; Revestimento Alto Desempenho; Tolerante \u00e0 H\u00famidade; Cura a Temperatura Baixas; Inje\u00e7\u00e3o; Sem Solventes; Aplica\u00e7\u00e3o Subaqu\u00e1tica.\n\n<div class=\"coating_page_tech_sheets\">\n<a href=\"https:\/\/globalnavy.net\/wp-content\/uploads\/2025\/01\/GN134UE_TDS_PT_01.pdf\" target=\"_blank\" class=\"coating_page_links\" style=\"color:#efefef;\">Ficha T\u00e9cnica<\/a>\n<\/div>\n\n<\/div>\t\t\t\t\t<\/div>\n\t\t\t\t\t\t<\/div>\n\t\t\t\t<\/div>\n\t\t\t\t\t\t<\/div>\n\t\t\t\t\t<\/div>\n\t\t<\/div>\n\t\t\t\t\t\t\t\t<\/div>\n\t\t\t\t\t<\/div>\n\t\t<\/section>\n\t\t\t\t\t\t\t\t\t<\/div>\n\t\t\t<\/div>\n\t\t\t\t\t<\/div>\n\t\t","protected":false},"excerpt":{"rendered":"<p>Resina ep\u00f3xi sem solventes para inje\u00e7\u00e3o subaqu\u00e1tica em a\u00e7o e bet\u00e3o.  <\/p>\n","protected":false},"author":1,"featured_media":0,"parent":0,"menu_order":0,"comment_status":"closed","ping_status":"closed","template":"","meta":{"_mi_skip_tracking":false,"_exactmetrics_sitenote_active":false,"_exactmetrics_sitenote_note":"","_exactmetrics_sitenote_category":0},"_links":{"self":[{"href":"https:\/\/globalnavy.net\/pt-pt\/wp-json\/wp\/v2\/pages\/1808"}],"collection":[{"href":"https:\/\/globalnavy.net\/pt-pt\/wp-json\/wp\/v2\/pages"}],"about":[{"href":"https:\/\/globalnavy.net\/pt-pt\/wp-json\/wp\/v2\/types\/page"}],"author":[{"embeddable":true,"href":"https:\/\/globalnavy.net\/pt-pt\/wp-json\/wp\/v2\/users\/1"}],"replies":[{"embeddable":true,"href":"https:\/\/globalnavy.net\/pt-pt\/wp-json\/wp\/v2\/comments?post=1808"}],"version-history":[{"count":3,"href":"https:\/\/globalnavy.net\/pt-pt\/wp-json\/wp\/v2\/pages\/1808\/revisions"}],"predecessor-version":[{"id":5474,"href":"https:\/\/globalnavy.net\/pt-pt\/wp-json\/wp\/v2\/pages\/1808\/revisions\/5474"}],"wp:attachment":[{"href":"https:\/\/globalnavy.net\/pt-pt\/wp-json\/wp\/v2\/media?parent=1808"}],"curies":[{"name":"wp","href":"https:\/\/api.w.org\/{rel}","templated":true}]}}