
{"id":1823,"date":"2018-08-31T00:40:12","date_gmt":"2018-08-31T00:40:12","guid":{"rendered":"http:\/\/globalnavy.net\/gn206pf\/"},"modified":"2025-01-22T12:47:55","modified_gmt":"2025-01-22T12:47:55","slug":"gn206pf","status":"publish","type":"page","link":"https:\/\/globalnavy.net\/pt-pt\/gn206pf\/","title":{"rendered":"GlobalThane GN206 Polyurethane Finish"},"content":{"rendered":"\t\t<div data-elementor-type=\"wp-page\" data-elementor-id=\"1823\" class=\"elementor elementor-1823 elementor-1285\">\n\t\t\t\t\t\t<div class=\"elementor-inner\">\n\t\t\t\t<div class=\"elementor-section-wrap\">\n\t\t\t\t\t\t\t\t\t<section class=\"elementor-section elementor-top-section elementor-element elementor-element-23d9a8f5 elementor-section-boxed elementor-section-height-default elementor-section-height-default\" data-id=\"23d9a8f5\" data-element_type=\"section\">\n\t\t\t\t\t\t<div class=\"elementor-container elementor-column-gap-default\">\n\t\t\t\t\t\t\t<div class=\"elementor-row\">\n\t\t\t\t\t<div class=\"elementor-column elementor-col-100 elementor-top-column elementor-element elementor-element-71429d32\" data-id=\"71429d32\" data-element_type=\"column\">\n\t\t\t<div class=\"elementor-column-wrap elementor-element-populated\">\n\t\t\t\t\t\t\t<div class=\"elementor-widget-wrap\">\n\t\t\t\t\t\t<div class=\"elementor-element elementor-element-d95e25a elementor-widget elementor-widget-text-editor\" data-id=\"d95e25a\" data-element_type=\"widget\" data-widget_type=\"text-editor.default\">\n\t\t\t\t<div class=\"elementor-widget-container\">\n\t\t\t\t\t\t\t\t<div class=\"elementor-text-editor elementor-clearfix\">\n\t\t\t\t<div class=\"justifiedtext\">\n\n<div class=\"coating_page_variables\">Descri\u00e7\u00e3o<\/div>\nTinta de poliuretano de alto teor de s\u00f3lidos, excelente reten\u00e7\u00e3o de cor e brilho. Cumpre com a Norma Petrobr\u00e1s N-2677.             \n\n<div class=\"coating_page_variables\">Segmento<\/div>\nContentores; Decorativa; Mar\u00edtima; Protective; Iates.\n\n<div class=\"coating_page_variables\">Tipo<\/div>\nPoliuretano.\n\n<div class=\"coating_page_variables\">Substrato<\/div>\nAluminio; Fibra de Vidro Refor\u00e7ada a Ep\u00f3xi; Fibra de Vidro Refor\u00e7ada a Poli\u00e9ster; A\u00e7o Metalizado a Quente; A\u00e7o; A\u00e7o Inox; Madeira.\n\n<div class=\"coating_page_variables\">Fun\u00e7\u00e3o<\/div>\nRevestimento Alto Desempenho; Altos S\u00f3lidos; Marca\u00e7\u00f5es\/Sinaliza\u00e7\u00e3o; Acabamento.\n\n<div class=\"coating_page_tech_sheets\">\n<a href=\"https:\/\/globalnavy.net\/wp-content\/uploads\/2025\/01\/GN206PF_TDS_PT_01.pdf\" target=\"_blank\" class=\"coating_page_links\" style=\"color:#efefef;\">Ficha T\u00e9cnica<\/a>\n<\/div>\n\n<\/div>\t\t\t\t\t<\/div>\n\t\t\t\t\t\t<\/div>\n\t\t\t\t<\/div>\n\t\t\t\t\t\t<\/div>\n\t\t\t\t\t<\/div>\n\t\t<\/div>\n\t\t\t\t\t\t\t\t<\/div>\n\t\t\t\t\t<\/div>\n\t\t<\/section>\n\t\t\t\t\t\t\t\t\t<\/div>\n\t\t\t<\/div>\n\t\t\t\t\t<\/div>\n\t\t","protected":false},"excerpt":{"rendered":"<p>Tinta de poliuretano de alto teor de s\u00f3lidos, excelente reten\u00e7\u00e3o de cor e brilho. Cumpre com a Norma Petrobr\u00e1s N-2677.             <\/p>\n","protected":false},"author":1,"featured_media":0,"parent":0,"menu_order":0,"comment_status":"closed","ping_status":"closed","template":"","meta":{"_mi_skip_tracking":false,"_exactmetrics_sitenote_active":false,"_exactmetrics_sitenote_note":"","_exactmetrics_sitenote_category":0},"_links":{"self":[{"href":"https:\/\/globalnavy.net\/pt-pt\/wp-json\/wp\/v2\/pages\/1823"}],"collection":[{"href":"https:\/\/globalnavy.net\/pt-pt\/wp-json\/wp\/v2\/pages"}],"about":[{"href":"https:\/\/globalnavy.net\/pt-pt\/wp-json\/wp\/v2\/types\/page"}],"author":[{"embeddable":true,"href":"https:\/\/globalnavy.net\/pt-pt\/wp-json\/wp\/v2\/users\/1"}],"replies":[{"embeddable":true,"href":"https:\/\/globalnavy.net\/pt-pt\/wp-json\/wp\/v2\/comments?post=1823"}],"version-history":[{"count":3,"href":"https:\/\/globalnavy.net\/pt-pt\/wp-json\/wp\/v2\/pages\/1823\/revisions"}],"predecessor-version":[{"id":5538,"href":"https:\/\/globalnavy.net\/pt-pt\/wp-json\/wp\/v2\/pages\/1823\/revisions\/5538"}],"wp:attachment":[{"href":"https:\/\/globalnavy.net\/pt-pt\/wp-json\/wp\/v2\/media?parent=1823"}],"curies":[{"name":"wp","href":"https:\/\/api.w.org\/{rel}","templated":true}]}}