
{"id":1824,"date":"2018-08-31T00:40:29","date_gmt":"2018-08-31T00:40:29","guid":{"rendered":"http:\/\/globalnavy.net\/gn207lcpv\/"},"modified":"2020-12-21T14:24:57","modified_gmt":"2020-12-21T14:24:57","slug":"gn207lcpv","status":"publish","type":"page","link":"https:\/\/globalnavy.net\/pt-pt\/gn207lcpv\/","title":{"rendered":"GlobalThane GN207PV# Polyurethane Varnish"},"content":{"rendered":"\t\t<div data-elementor-type=\"wp-page\" data-elementor-id=\"1824\" class=\"elementor elementor-1824 elementor-1286\">\n\t\t\t\t\t\t<div class=\"elementor-inner\">\n\t\t\t\t<div class=\"elementor-section-wrap\">\n\t\t\t\t\t\t\t\t\t<section class=\"elementor-section elementor-top-section elementor-element elementor-element-154c7182 elementor-section-boxed elementor-section-height-default elementor-section-height-default\" data-id=\"154c7182\" data-element_type=\"section\">\n\t\t\t\t\t\t<div class=\"elementor-container elementor-column-gap-default\">\n\t\t\t\t\t\t\t<div class=\"elementor-row\">\n\t\t\t\t\t<div class=\"elementor-column elementor-col-100 elementor-top-column elementor-element elementor-element-728a0cb\" data-id=\"728a0cb\" data-element_type=\"column\">\n\t\t\t<div class=\"elementor-column-wrap elementor-element-populated\">\n\t\t\t\t\t\t\t<div class=\"elementor-widget-wrap\">\n\t\t\t\t\t\t<div class=\"elementor-element elementor-element-58548839 elementor-widget elementor-widget-text-editor\" data-id=\"58548839\" data-element_type=\"widget\" data-widget_type=\"text-editor.default\">\n\t\t\t\t<div class=\"elementor-widget-container\">\n\t\t\t\t\t\t\t\t<div class=\"elementor-text-editor elementor-clearfix\">\n\t\t\t\t<div class=\"justifiedtext\">\n<div class=\"coating_page_variables\">Description<\/div>\n<p>Verniz de poliuretano, brilhante (G), meio brilho (S) ou mate (M). Excelente reten\u00e7\u00e3o de brilho, abras\u00e3o, resist\u00eancia qu\u00edmica e resist\u00eancia aos UV&#8217;s.<\/p>\n<div class=\"coating_page_variables\">Segment<\/div>\n<p>Decorative; Protective; Yacht.<\/p>\n<div class=\"coating_page_variables\">Type<\/div>\n<p>Polyurethane.<\/p>\n<div class=\"coating_page_variables\">Substrate<\/div>\n<p>Aluminium; Ceramic Tiles; Concrete; Glass Fibre Reinforced epoxy; Glass Fibre Reinforced polyester; Metal Sprayed Steel; Steel; Stainless Steel; Wood.<\/p>\n<div class=\"coating_page_variables\">Function<\/div>\n<p>Abrasion resistance; Anti-skid; Heavy duty coating; Topcoat &#8211; finish; Varnish.<\/p>\n<div class=\"coating_page_tech_sheets\">\n<a href=\"\" target=\"_blank\" class=\"coating_page_links\" style=\"color:#efefef;\" rel=\"noopener noreferrer\">Technical Data Sheet<\/a><\/div>\n<\/div>\n\t\t\t\t\t<\/div>\n\t\t\t\t\t\t<\/div>\n\t\t\t\t<\/div>\n\t\t\t\t\t\t<\/div>\n\t\t\t\t\t<\/div>\n\t\t<\/div>\n\t\t\t\t\t\t\t\t<\/div>\n\t\t\t\t\t<\/div>\n\t\t<\/section>\n\t\t\t\t\t\t\t\t\t<\/div>\n\t\t\t<\/div>\n\t\t\t\t\t<\/div>\n\t\t","protected":false},"excerpt":{"rendered":"<p>Verniz de poliuretano, brilhante (G), meio brilho (S) ou mate (M). Excelente reten\u00e7\u00e3o de brilho, abras\u00e3o, resist\u00eancia qu\u00edmica e resist\u00eancia aos UV&#8217;s.<\/p>\n","protected":false},"author":1,"featured_media":0,"parent":0,"menu_order":0,"comment_status":"closed","ping_status":"closed","template":"","meta":{"_mi_skip_tracking":false,"_exactmetrics_sitenote_active":false,"_exactmetrics_sitenote_note":"","_exactmetrics_sitenote_category":0},"_links":{"self":[{"href":"https:\/\/globalnavy.net\/pt-pt\/wp-json\/wp\/v2\/pages\/1824"}],"collection":[{"href":"https:\/\/globalnavy.net\/pt-pt\/wp-json\/wp\/v2\/pages"}],"about":[{"href":"https:\/\/globalnavy.net\/pt-pt\/wp-json\/wp\/v2\/types\/page"}],"author":[{"embeddable":true,"href":"https:\/\/globalnavy.net\/pt-pt\/wp-json\/wp\/v2\/users\/1"}],"replies":[{"embeddable":true,"href":"https:\/\/globalnavy.net\/pt-pt\/wp-json\/wp\/v2\/comments?post=1824"}],"version-history":[{"count":2,"href":"https:\/\/globalnavy.net\/pt-pt\/wp-json\/wp\/v2\/pages\/1824\/revisions"}],"predecessor-version":[{"id":4080,"href":"https:\/\/globalnavy.net\/pt-pt\/wp-json\/wp\/v2\/pages\/1824\/revisions\/4080"}],"wp:attachment":[{"href":"https:\/\/globalnavy.net\/pt-pt\/wp-json\/wp\/v2\/media?parent=1824"}],"curies":[{"name":"wp","href":"https:\/\/api.w.org\/{rel}","templated":true}]}}