
{"id":1827,"date":"2018-08-31T00:41:14","date_gmt":"2018-08-31T00:41:14","guid":{"rendered":"http:\/\/globalnavy.net\/gn208pv\/"},"modified":"2018-08-31T00:41:14","modified_gmt":"2018-08-31T00:41:14","slug":"gn208pv","status":"publish","type":"page","link":"https:\/\/globalnavy.net\/pt-pt\/gn208pv\/","title":{"rendered":"GlobalThane GN208 Polyurethane Satin Varnish"},"content":{"rendered":"<div class=\"justifiedtext\">\n<div class=\"coating_page_variables\">Descri\u00e7\u00e3o<\/div>\n<p>Verniz de poliuretano meio brilho. Excelente reten\u00e7\u00e3o de brilho, abras\u00e3o, resist\u00eancia qu\u00edmica e resist\u00eancia ao UV&#8217;s.<\/p>\n<div class=\"coating_page_variables\">Segmento<\/div>\n<p>Decorativa; Protective; Iates.<\/p>\n<div class=\"coating_page_variables\">Tipo<\/div>\n<p>Poliuretano; Poli\u00e9ster.<\/p>\n<div class=\"coating_page_variables\">Substrato<\/div>\n<p>Aluminio; Azulejo; Bet\u00e3o; Fibra de Vidro Refor\u00e7ada a Ep\u00f3xi; Fibra de Vidro Refor\u00e7ada a Poli\u00e9ster; A\u00e7o Metalizado a Quente; A\u00e7o; A\u00e7o Inox; Madeira.<\/p>\n<div class=\"coating_page_variables\">Fun\u00e7\u00e3o<\/div>\n<p>Resist\u00eancia \u00e0 Abras\u00e3o; Antiderrapante; Fibragem Tanques Qu\u00edmicos; Revestimento Alto Desempenho; Acabamento; Verniz.<\/p>\n<div class=\"coating_page_tech_sheets\">\n<a href=\"http:\/\/globalnavy.net\/wp-content\/uploads\/2018\/08\/GN208PV_FT_PT.pdf\" target=\"_blank\" class=\"coating_page_links\" style=\"color:#efefef;\">Ficha T\u00e9cnica<\/a>\n<\/div>\n<\/div>\n","protected":false},"excerpt":{"rendered":"<p>Verniz de poliuretano meio brilho. Excelente reten\u00e7\u00e3o de brilho, abras\u00e3o, resist\u00eancia qu\u00edmica e resist\u00eancia ao UV&#8217;s.<\/p>\n","protected":false},"author":1,"featured_media":0,"parent":0,"menu_order":0,"comment_status":"closed","ping_status":"closed","template":"","meta":{"_mi_skip_tracking":false,"_exactmetrics_sitenote_active":false,"_exactmetrics_sitenote_note":"","_exactmetrics_sitenote_category":0},"_links":{"self":[{"href":"https:\/\/globalnavy.net\/pt-pt\/wp-json\/wp\/v2\/pages\/1827"}],"collection":[{"href":"https:\/\/globalnavy.net\/pt-pt\/wp-json\/wp\/v2\/pages"}],"about":[{"href":"https:\/\/globalnavy.net\/pt-pt\/wp-json\/wp\/v2\/types\/page"}],"author":[{"embeddable":true,"href":"https:\/\/globalnavy.net\/pt-pt\/wp-json\/wp\/v2\/users\/1"}],"replies":[{"embeddable":true,"href":"https:\/\/globalnavy.net\/pt-pt\/wp-json\/wp\/v2\/comments?post=1827"}],"version-history":[{"count":0,"href":"https:\/\/globalnavy.net\/pt-pt\/wp-json\/wp\/v2\/pages\/1827\/revisions"}],"wp:attachment":[{"href":"https:\/\/globalnavy.net\/pt-pt\/wp-json\/wp\/v2\/media?parent=1827"}],"curies":[{"name":"wp","href":"https:\/\/api.w.org\/{rel}","templated":true}]}}