
{"id":1831,"date":"2018-08-31T00:42:17","date_gmt":"2018-08-31T00:42:17","guid":{"rendered":"http:\/\/globalnavy.net\/gn220ir\/"},"modified":"2025-01-23T11:02:14","modified_gmt":"2025-01-23T11:02:14","slug":"gn220ir","status":"publish","type":"page","link":"https:\/\/globalnavy.net\/pt-pt\/gn220ir\/","title":{"rendered":"GlobalThane GN220 Injection Resin"},"content":{"rendered":"\t\t<div data-elementor-type=\"wp-page\" data-elementor-id=\"1831\" class=\"elementor elementor-1831 elementor-1293 elementor-bc-flex-widget\">\n\t\t\t\t\t\t<div class=\"elementor-inner\">\n\t\t\t\t<div class=\"elementor-section-wrap\">\n\t\t\t\t\t\t\t\t\t<section class=\"elementor-section elementor-top-section elementor-element elementor-element-1e2f42b5 elementor-section-boxed elementor-section-height-default elementor-section-height-default\" data-id=\"1e2f42b5\" data-element_type=\"section\">\n\t\t\t\t\t\t<div class=\"elementor-container elementor-column-gap-default\">\n\t\t\t\t\t\t\t<div class=\"elementor-row\">\n\t\t\t\t\t<div class=\"elementor-column elementor-col-100 elementor-top-column elementor-element elementor-element-6208bb1b\" data-id=\"6208bb1b\" data-element_type=\"column\">\n\t\t\t<div class=\"elementor-column-wrap elementor-element-populated\">\n\t\t\t\t\t\t\t<div class=\"elementor-widget-wrap\">\n\t\t\t\t\t\t<div class=\"elementor-element elementor-element-296ca316 elementor-widget elementor-widget-text-editor\" data-id=\"296ca316\" data-element_type=\"widget\" data-widget_type=\"text-editor.default\">\n\t\t\t\t<div class=\"elementor-widget-container\">\n\t\t\t\t\t\t\t\t<div class=\"elementor-text-editor elementor-clearfix\">\n\t\t\t\t<div class=\"justifiedtext\">\n\n<div class=\"coating_page_variables\">Descri\u00e7\u00e3o<\/div>\nResina de uretano sem solventes para inje\u00e7\u00e3o.\n\n<div class=\"coating_page_variables\">Segmento<\/div>\nProtective.\n\n<div class=\"coating_page_variables\">Tipo<\/div>\nUretano.\n\n<div class=\"coating_page_variables\">Substrato<\/div>\nReboco de Cimento; Bet\u00e3o; Alvenaria; Espuma de Poliuretano; Madeira.\n\n<div class=\"coating_page_variables\">Fun\u00e7\u00e3o<\/div>\nRevestimento Alto Desempenho; Tolerante \u00e0 H\u00famidade; Inje\u00e7\u00e3o; Prim\u00e1rio e Acabamento; Sem Solventes; Revestimento de Tanques de \u00c1gua.\n\n<div class=\"coating_page_tech_sheets\">\n<a href=\"https:\/\/globalnavy.net\/wp-content\/uploads\/2025\/01\/GN221IR_TDS_PT_01.pdf\" target=\"_blank\" class=\"coating_page_links\" style=\"color:#efefef;\">Ficha T\u00e9cnica<\/a>\n<\/div>\n\n<\/div>\t\t\t\t\t<\/div>\n\t\t\t\t\t\t<\/div>\n\t\t\t\t<\/div>\n\t\t\t\t\t\t<\/div>\n\t\t\t\t\t<\/div>\n\t\t<\/div>\n\t\t\t\t\t\t\t\t<\/div>\n\t\t\t\t\t<\/div>\n\t\t<\/section>\n\t\t\t\t\t\t\t\t\t<\/div>\n\t\t\t<\/div>\n\t\t\t\t\t<\/div>\n\t\t","protected":false},"excerpt":{"rendered":"<p>Resina de uretano sem solventes para inje\u00e7\u00e3o.<\/p>\n","protected":false},"author":1,"featured_media":0,"parent":0,"menu_order":0,"comment_status":"closed","ping_status":"closed","template":"","meta":{"_mi_skip_tracking":false,"_exactmetrics_sitenote_active":false,"_exactmetrics_sitenote_note":"","_exactmetrics_sitenote_category":0},"_links":{"self":[{"href":"https:\/\/globalnavy.net\/pt-pt\/wp-json\/wp\/v2\/pages\/1831"}],"collection":[{"href":"https:\/\/globalnavy.net\/pt-pt\/wp-json\/wp\/v2\/pages"}],"about":[{"href":"https:\/\/globalnavy.net\/pt-pt\/wp-json\/wp\/v2\/types\/page"}],"author":[{"embeddable":true,"href":"https:\/\/globalnavy.net\/pt-pt\/wp-json\/wp\/v2\/users\/1"}],"replies":[{"embeddable":true,"href":"https:\/\/globalnavy.net\/pt-pt\/wp-json\/wp\/v2\/comments?post=1831"}],"version-history":[{"count":3,"href":"https:\/\/globalnavy.net\/pt-pt\/wp-json\/wp\/v2\/pages\/1831\/revisions"}],"predecessor-version":[{"id":5561,"href":"https:\/\/globalnavy.net\/pt-pt\/wp-json\/wp\/v2\/pages\/1831\/revisions\/5561"}],"wp:attachment":[{"href":"https:\/\/globalnavy.net\/pt-pt\/wp-json\/wp\/v2\/media?parent=1831"}],"curies":[{"name":"wp","href":"https:\/\/api.w.org\/{rel}","templated":true}]}}