
{"id":1832,"date":"2018-08-31T00:42:33","date_gmt":"2018-08-31T00:42:33","guid":{"rendered":"http:\/\/globalnavy.net\/gn220us\/"},"modified":"2025-01-23T11:06:34","modified_gmt":"2025-01-23T11:06:34","slug":"gn220us","status":"publish","type":"page","link":"https:\/\/globalnavy.net\/pt-pt\/gn220us\/","title":{"rendered":"GlobalThane GN220 Urethane Sealer"},"content":{"rendered":"\t\t<div data-elementor-type=\"wp-page\" data-elementor-id=\"1832\" class=\"elementor elementor-1832 elementor-1294\">\n\t\t\t\t\t\t<div class=\"elementor-inner\">\n\t\t\t\t<div class=\"elementor-section-wrap\">\n\t\t\t\t\t\t\t\t\t<section class=\"elementor-section elementor-top-section elementor-element elementor-element-1c111a96 elementor-section-boxed elementor-section-height-default elementor-section-height-default\" data-id=\"1c111a96\" data-element_type=\"section\">\n\t\t\t\t\t\t<div class=\"elementor-container elementor-column-gap-default\">\n\t\t\t\t\t\t\t<div class=\"elementor-row\">\n\t\t\t\t\t<div class=\"elementor-column elementor-col-100 elementor-top-column elementor-element elementor-element-5f799fec\" data-id=\"5f799fec\" data-element_type=\"column\">\n\t\t\t<div class=\"elementor-column-wrap elementor-element-populated\">\n\t\t\t\t\t\t\t<div class=\"elementor-widget-wrap\">\n\t\t\t\t\t\t<div class=\"elementor-element elementor-element-eefa50f elementor-widget elementor-widget-text-editor\" data-id=\"eefa50f\" data-element_type=\"widget\" data-widget_type=\"text-editor.default\">\n\t\t\t\t<div class=\"elementor-widget-container\">\n\t\t\t\t\t\t\t\t<div class=\"elementor-text-editor elementor-clearfix\">\n\t\t\t\t<div class=\"justifiedtext\">\n\n<div class=\"coating_page_variables\">Descri\u00e7\u00e3o<\/div>\nResina em uretano para selagem de bet\u00e3o e juntas, que reage na presen\u00e7a de humidade. Boa resist\u00eancia aos ultravioletas.\n\n<div class=\"coating_page_variables\">Segmento<\/div>\nDecorativa; Protective.\n\n<div class=\"coating_page_variables\">Tipo<\/div>\nUretano.\n\n<div class=\"coating_page_variables\">Substrato<\/div>\nReboco de Cimento; Azulejo; Bet\u00e3o; Placa de Isolamento; Alvenaria; Espuma de Poliuretano; Madeira.\n\n<div class=\"coating_page_variables\">Fun\u00e7\u00e3o<\/div>\nRevestimento Alto Desempenho; Inje\u00e7\u00e3o; Auto-alisante; Sem Solventes; Acabamento; Revestimento de Tanques de \u00c1gua.\n\n<div class=\"coating_page_tech_sheets\">\n<a href=\"https:\/\/globalnavy.net\/wp-content\/uploads\/2025\/01\/GN220US_TDS_PT_01.pdf\" target=\"_blank\" class=\"coating_page_links\" style=\"color:#efefef;\">Ficha T\u00e9cnica<\/a>\n<\/div>\n\n<\/div>\t\t\t\t\t<\/div>\n\t\t\t\t\t\t<\/div>\n\t\t\t\t<\/div>\n\t\t\t\t\t\t<\/div>\n\t\t\t\t\t<\/div>\n\t\t<\/div>\n\t\t\t\t\t\t\t\t<\/div>\n\t\t\t\t\t<\/div>\n\t\t<\/section>\n\t\t\t\t\t\t\t\t\t<\/div>\n\t\t\t<\/div>\n\t\t\t\t\t<\/div>\n\t\t","protected":false},"excerpt":{"rendered":"<p>Resina em uretano para selagem de bet\u00e3o e juntas, que reage na presen\u00e7a de humidade. Boa resist\u00eancia aos ultravioletas.<\/p>\n","protected":false},"author":1,"featured_media":0,"parent":0,"menu_order":0,"comment_status":"closed","ping_status":"closed","template":"","meta":{"_mi_skip_tracking":false,"_exactmetrics_sitenote_active":false,"_exactmetrics_sitenote_note":"","_exactmetrics_sitenote_category":0},"_links":{"self":[{"href":"https:\/\/globalnavy.net\/pt-pt\/wp-json\/wp\/v2\/pages\/1832"}],"collection":[{"href":"https:\/\/globalnavy.net\/pt-pt\/wp-json\/wp\/v2\/pages"}],"about":[{"href":"https:\/\/globalnavy.net\/pt-pt\/wp-json\/wp\/v2\/types\/page"}],"author":[{"embeddable":true,"href":"https:\/\/globalnavy.net\/pt-pt\/wp-json\/wp\/v2\/users\/1"}],"replies":[{"embeddable":true,"href":"https:\/\/globalnavy.net\/pt-pt\/wp-json\/wp\/v2\/comments?post=1832"}],"version-history":[{"count":3,"href":"https:\/\/globalnavy.net\/pt-pt\/wp-json\/wp\/v2\/pages\/1832\/revisions"}],"predecessor-version":[{"id":5569,"href":"https:\/\/globalnavy.net\/pt-pt\/wp-json\/wp\/v2\/pages\/1832\/revisions\/5569"}],"wp:attachment":[{"href":"https:\/\/globalnavy.net\/pt-pt\/wp-json\/wp\/v2\/media?parent=1832"}],"curies":[{"name":"wp","href":"https:\/\/api.w.org\/{rel}","templated":true}]}}