
{"id":1834,"date":"2018-08-31T00:43:06","date_gmt":"2018-08-31T00:43:06","guid":{"rendered":"http:\/\/globalnavy.net\/gn221uc\/"},"modified":"2025-01-23T11:15:10","modified_gmt":"2025-01-23T11:15:10","slug":"gn221uc","status":"publish","type":"page","link":"https:\/\/globalnavy.net\/pt-pt\/gn221uc\/","title":{"rendered":"GlobalThane GN221 Urethane Coating"},"content":{"rendered":"\t\t<div data-elementor-type=\"wp-page\" data-elementor-id=\"1834\" class=\"elementor elementor-1834 elementor-1296\">\n\t\t\t\t\t\t<div class=\"elementor-inner\">\n\t\t\t\t<div class=\"elementor-section-wrap\">\n\t\t\t\t\t\t\t\t\t<section class=\"elementor-section elementor-top-section elementor-element elementor-element-5c63da39 elementor-section-boxed elementor-section-height-default elementor-section-height-default\" data-id=\"5c63da39\" data-element_type=\"section\">\n\t\t\t\t\t\t<div class=\"elementor-container elementor-column-gap-default\">\n\t\t\t\t\t\t\t<div class=\"elementor-row\">\n\t\t\t\t\t<div class=\"elementor-column elementor-col-100 elementor-top-column elementor-element elementor-element-7fd6e9af\" data-id=\"7fd6e9af\" data-element_type=\"column\">\n\t\t\t<div class=\"elementor-column-wrap elementor-element-populated\">\n\t\t\t\t\t\t\t<div class=\"elementor-widget-wrap\">\n\t\t\t\t\t\t<div class=\"elementor-element elementor-element-7bea11a4 elementor-widget elementor-widget-text-editor\" data-id=\"7bea11a4\" data-element_type=\"widget\" data-widget_type=\"text-editor.default\">\n\t\t\t\t<div class=\"elementor-widget-container\">\n\t\t\t\t\t\t\t\t<div class=\"elementor-text-editor elementor-clearfix\">\n\t\t\t\t<div class=\"justifiedtext\">\n\n<div class=\"coating_page_variables\">Descri\u00e7\u00e3o<\/div>\nExcelente resina uretanada pigmentada. Excelentes propriedades impermeabilizantes e formulada para reagir perante a presen\u00e7a de humidade. \n\n<div class=\"coating_page_variables\">Segmento<\/div>\nDecorativa; Protective.\n\n<div class=\"coating_page_variables\">Tipo<\/div>\nUretano.\n\n<div class=\"coating_page_variables\">Substrato<\/div>\nReboco de Cimento; Azulejo; Bet\u00e3o; Placa de Isolamento; Fibra de Vidro Refor\u00e7ada a Ep\u00f3xi; Fibra de Vidro Refor\u00e7ada a Poli\u00e9ster; Alvenaria; A\u00e7o Metalizado a Quente; Espuma de Poliuretano; A\u00e7o; A\u00e7o Inox; Madeira.\n\n<div class=\"coating_page_variables\">Fun\u00e7\u00e3o<\/div>\nResist\u00eancia \u00e0 Abras\u00e3o; Antiderrapante; Fibragem Tanques Qu\u00edmicos; Revestimento Alto Desempenho; Inje\u00e7\u00e3o; Auto-alisante; Sem Solventes; Acabamento; Revestimento de Tanques de \u00c1gua.\n\n<div class=\"coating_page_tech_sheets\">\n<a href=\"https:\/\/globalnavy.net\/wp-content\/uploads\/2025\/01\/GN221UC_TDS_PT_01.pdf\" target=\"_blank\" class=\"coating_page_links\" style=\"color:#efefef;\">Ficha T\u00e9cnica<\/a>\n<\/div>\n\n<\/div>\t\t\t\t\t<\/div>\n\t\t\t\t\t\t<\/div>\n\t\t\t\t<\/div>\n\t\t\t\t\t\t<\/div>\n\t\t\t\t\t<\/div>\n\t\t<\/div>\n\t\t\t\t\t\t\t\t<\/div>\n\t\t\t\t\t<\/div>\n\t\t<\/section>\n\t\t\t\t\t\t\t\t\t<\/div>\n\t\t\t<\/div>\n\t\t\t\t\t<\/div>\n\t\t","protected":false},"excerpt":{"rendered":"<p>Excelente resina uretanada pigmentada. Excelentes propriedades impermeabilizantes e formulada para reagir perante a presen\u00e7a de humidade. <\/p>\n","protected":false},"author":1,"featured_media":0,"parent":0,"menu_order":0,"comment_status":"closed","ping_status":"closed","template":"","meta":{"_mi_skip_tracking":false,"_exactmetrics_sitenote_active":false,"_exactmetrics_sitenote_note":"","_exactmetrics_sitenote_category":0},"_links":{"self":[{"href":"https:\/\/globalnavy.net\/pt-pt\/wp-json\/wp\/v2\/pages\/1834"}],"collection":[{"href":"https:\/\/globalnavy.net\/pt-pt\/wp-json\/wp\/v2\/pages"}],"about":[{"href":"https:\/\/globalnavy.net\/pt-pt\/wp-json\/wp\/v2\/types\/page"}],"author":[{"embeddable":true,"href":"https:\/\/globalnavy.net\/pt-pt\/wp-json\/wp\/v2\/users\/1"}],"replies":[{"embeddable":true,"href":"https:\/\/globalnavy.net\/pt-pt\/wp-json\/wp\/v2\/comments?post=1834"}],"version-history":[{"count":6,"href":"https:\/\/globalnavy.net\/pt-pt\/wp-json\/wp\/v2\/pages\/1834\/revisions"}],"predecessor-version":[{"id":5585,"href":"https:\/\/globalnavy.net\/pt-pt\/wp-json\/wp\/v2\/pages\/1834\/revisions\/5585"}],"wp:attachment":[{"href":"https:\/\/globalnavy.net\/pt-pt\/wp-json\/wp\/v2\/media?parent=1834"}],"curies":[{"name":"wp","href":"https:\/\/api.w.org\/{rel}","templated":true}]}}