
{"id":1838,"date":"2018-08-31T00:44:12","date_gmt":"2018-08-31T00:44:12","guid":{"rendered":"http:\/\/globalnavy.net\/gn236pusl\/"},"modified":"2025-01-23T12:50:59","modified_gmt":"2025-01-23T12:50:59","slug":"gn236pusl","status":"publish","type":"page","link":"https:\/\/globalnavy.net\/pt-pt\/gn236pusl\/","title":{"rendered":"GlobalThane GN236 PU Self Leveling"},"content":{"rendered":"\t\t<div data-elementor-type=\"wp-page\" data-elementor-id=\"1838\" class=\"elementor elementor-1838 elementor-1300\">\n\t\t\t\t\t\t<div class=\"elementor-inner\">\n\t\t\t\t<div class=\"elementor-section-wrap\">\n\t\t\t\t\t\t\t\t\t<section class=\"elementor-section elementor-top-section elementor-element elementor-element-499b447b elementor-section-boxed elementor-section-height-default elementor-section-height-default\" data-id=\"499b447b\" data-element_type=\"section\">\n\t\t\t\t\t\t<div class=\"elementor-container elementor-column-gap-default\">\n\t\t\t\t\t\t\t<div class=\"elementor-row\">\n\t\t\t\t\t<div class=\"elementor-column elementor-col-100 elementor-top-column elementor-element elementor-element-34e12182\" data-id=\"34e12182\" data-element_type=\"column\">\n\t\t\t<div class=\"elementor-column-wrap elementor-element-populated\">\n\t\t\t\t\t\t\t<div class=\"elementor-widget-wrap\">\n\t\t\t\t\t\t<div class=\"elementor-element elementor-element-3b95f5b8 elementor-widget elementor-widget-text-editor\" data-id=\"3b95f5b8\" data-element_type=\"widget\" data-widget_type=\"text-editor.default\">\n\t\t\t\t<div class=\"elementor-widget-container\">\n\t\t\t\t\t\t\t\t<div class=\"elementor-text-editor elementor-clearfix\">\n\t\t\t\t<div class=\"justifiedtext\">\n\n<div class=\"coating_page_variables\">Descri\u00e7\u00e3o<\/div>\nAutonivelante de poliuretano el\u00e1stico, sem solventes para pavimentos. Excelente resist\u00eancia mec\u00e2nica, f\u00e1cil aplica\u00e7\u00e3o e redu\u00e7\u00e3o do ru\u00eddo.\n\n<div class=\"coating_page_variables\">Segmento<\/div>\nDecorativa; Protective.\n\n<div class=\"coating_page_variables\">Tipo<\/div>\nPoliuretano.\n\n<div class=\"coating_page_variables\">Substrato<\/div>\nAzulejo; Bet\u00e3o; Espuma de Poliuretano.\n\n<div class=\"coating_page_variables\">Fun\u00e7\u00e3o<\/div>\nAntiderrapante; Revestimento Alto Desempenho; Auto-alisante; Sem Solventes.\n\n<div class=\"coating_page_tech_sheets\">\n<a href=\"https:\/\/globalnavy.net\/wp-content\/uploads\/2025\/01\/GN236PUSL_TDS_PT_01-1.pdf\" target=\"_blank\" class=\"coating_page_links\" style=\"color:#efefef;\">Ficha T\u00e9cnica<\/a>\n<\/div>\n\n<\/div>\t\t\t\t\t<\/div>\n\t\t\t\t\t\t<\/div>\n\t\t\t\t<\/div>\n\t\t\t\t\t\t<\/div>\n\t\t\t\t\t<\/div>\n\t\t<\/div>\n\t\t\t\t\t\t\t\t<\/div>\n\t\t\t\t\t<\/div>\n\t\t<\/section>\n\t\t\t\t\t\t\t\t\t<\/div>\n\t\t\t<\/div>\n\t\t\t\t\t<\/div>\n\t\t","protected":false},"excerpt":{"rendered":"<p>Autonivelante de poliuretano el\u00e1stico, sem solventes para pavimentos. Excelente resist\u00eancia mec\u00e2nica, f\u00e1cil aplica\u00e7\u00e3o e redu\u00e7\u00e3o do ru\u00eddo.<\/p>\n","protected":false},"author":1,"featured_media":0,"parent":0,"menu_order":0,"comment_status":"closed","ping_status":"closed","template":"","meta":{"_mi_skip_tracking":false,"_exactmetrics_sitenote_active":false,"_exactmetrics_sitenote_note":"","_exactmetrics_sitenote_category":0},"_links":{"self":[{"href":"https:\/\/globalnavy.net\/pt-pt\/wp-json\/wp\/v2\/pages\/1838"}],"collection":[{"href":"https:\/\/globalnavy.net\/pt-pt\/wp-json\/wp\/v2\/pages"}],"about":[{"href":"https:\/\/globalnavy.net\/pt-pt\/wp-json\/wp\/v2\/types\/page"}],"author":[{"embeddable":true,"href":"https:\/\/globalnavy.net\/pt-pt\/wp-json\/wp\/v2\/users\/1"}],"replies":[{"embeddable":true,"href":"https:\/\/globalnavy.net\/pt-pt\/wp-json\/wp\/v2\/comments?post=1838"}],"version-history":[{"count":3,"href":"https:\/\/globalnavy.net\/pt-pt\/wp-json\/wp\/v2\/pages\/1838\/revisions"}],"predecessor-version":[{"id":5626,"href":"https:\/\/globalnavy.net\/pt-pt\/wp-json\/wp\/v2\/pages\/1838\/revisions\/5626"}],"wp:attachment":[{"href":"https:\/\/globalnavy.net\/pt-pt\/wp-json\/wp\/v2\/media?parent=1838"}],"curies":[{"name":"wp","href":"https:\/\/api.w.org\/{rel}","templated":true}]}}