
{"id":1839,"date":"2018-08-31T00:46:22","date_gmt":"2018-08-31T00:46:22","guid":{"rendered":"http:\/\/globalnavy.net\/gn250pw\/"},"modified":"2026-03-13T16:45:02","modified_gmt":"2026-03-13T16:45:02","slug":"gn250pw","status":"publish","type":"page","link":"https:\/\/globalnavy.net\/pt-pt\/gn250pw\/","title":{"rendered":"GlobalThane GN250 PU WB Gloss Finish"},"content":{"rendered":"\t\t<div data-elementor-type=\"wp-page\" data-elementor-id=\"1839\" class=\"elementor elementor-1839 elementor-1301\">\n\t\t\t\t\t\t<div class=\"elementor-inner\">\n\t\t\t\t<div class=\"elementor-section-wrap\">\n\t\t\t\t\t\t\t\t\t<section class=\"elementor-section elementor-top-section elementor-element elementor-element-483631d9 elementor-section-boxed elementor-section-height-default elementor-section-height-default\" data-id=\"483631d9\" data-element_type=\"section\">\n\t\t\t\t\t\t<div class=\"elementor-container elementor-column-gap-default\">\n\t\t\t\t\t\t\t<div class=\"elementor-row\">\n\t\t\t\t\t<div class=\"elementor-column elementor-col-100 elementor-top-column elementor-element elementor-element-33d0003a\" data-id=\"33d0003a\" data-element_type=\"column\">\n\t\t\t<div class=\"elementor-column-wrap elementor-element-populated\">\n\t\t\t\t\t\t\t<div class=\"elementor-widget-wrap\">\n\t\t\t\t\t\t<div class=\"elementor-element elementor-element-2517386 elementor-widget elementor-widget-text-editor\" data-id=\"2517386\" data-element_type=\"widget\" data-widget_type=\"text-editor.default\">\n\t\t\t\t<div class=\"elementor-widget-container\">\n\t\t\t\t\t\t\t\t<div class=\"elementor-text-editor elementor-clearfix\">\n\t\t\t\t<div class=\"justifiedtext\">\n\n<div class=\"coating_page_variables\">Descri\u00e7\u00e3o<\/div>\nExcelente tinta de poliuretano brilhante de base aquosa. Boa reten\u00e7\u00e3o de cor, brilho e resist\u00eancia \u00e0 abras\u00e3o.              \n\n<div class=\"coating_page_variables\">Segmento<\/div>\nDecorativa; Protective; Iates.\n\n<div class=\"coating_page_variables\">Tipo<\/div>\nPoliuretano.\n\n<div class=\"coating_page_variables\">Substrato<\/div>\nAluminio; Azulejo; Bet\u00e3o; Fibra de Vidro Refor\u00e7ada a Ep\u00f3xi; Fibra de Vidro Refor\u00e7ada a Poli\u00e9ster; A\u00e7o Metalizado a Quente; A\u00e7o; A\u00e7o Inox; Madeira.\n\n<div class=\"coating_page_variables\">Fun\u00e7\u00e3o<\/div>\nResist\u00eancia \u00e0 Abras\u00e3o; Antiderrapante; Marca\u00e7\u00f5es\/Sinaliza\u00e7\u00e3o; Acabamento; Base Aquosa.\n\n<div class=\"coating_page_tech_sheets\">\n<a href=\"https:\/\/globalnavy.net\/wp-content\/uploads\/2026\/03\/GN250PW_TDS_PT_02-1.pdf\" target=\"_blank\" class=\"coating_page_links\" style=\"color:#efefef;\">Ficha T\u00e9cnica<\/a>\n<\/div>\n\n<\/div>\t\t\t\t\t<\/div>\n\t\t\t\t\t\t<\/div>\n\t\t\t\t<\/div>\n\t\t\t\t\t\t<\/div>\n\t\t\t\t\t<\/div>\n\t\t<\/div>\n\t\t\t\t\t\t\t\t<\/div>\n\t\t\t\t\t<\/div>\n\t\t<\/section>\n\t\t\t\t\t\t\t\t\t<\/div>\n\t\t\t<\/div>\n\t\t\t\t\t<\/div>\n\t\t","protected":false},"excerpt":{"rendered":"<p>Excelente tinta de poliuretano brilhante de base aquosa. Boa reten\u00e7\u00e3o de cor, brilho e resist\u00eancia \u00e0 abras\u00e3o.              <\/p>\n","protected":false},"author":1,"featured_media":0,"parent":0,"menu_order":0,"comment_status":"closed","ping_status":"closed","template":"","meta":{"_mi_skip_tracking":false,"_exactmetrics_sitenote_active":false,"_exactmetrics_sitenote_note":"","_exactmetrics_sitenote_category":0},"_links":{"self":[{"href":"https:\/\/globalnavy.net\/pt-pt\/wp-json\/wp\/v2\/pages\/1839"}],"collection":[{"href":"https:\/\/globalnavy.net\/pt-pt\/wp-json\/wp\/v2\/pages"}],"about":[{"href":"https:\/\/globalnavy.net\/pt-pt\/wp-json\/wp\/v2\/types\/page"}],"author":[{"embeddable":true,"href":"https:\/\/globalnavy.net\/pt-pt\/wp-json\/wp\/v2\/users\/1"}],"replies":[{"embeddable":true,"href":"https:\/\/globalnavy.net\/pt-pt\/wp-json\/wp\/v2\/comments?post=1839"}],"version-history":[{"count":6,"href":"https:\/\/globalnavy.net\/pt-pt\/wp-json\/wp\/v2\/pages\/1839\/revisions"}],"predecessor-version":[{"id":6905,"href":"https:\/\/globalnavy.net\/pt-pt\/wp-json\/wp\/v2\/pages\/1839\/revisions\/6905"}],"wp:attachment":[{"href":"https:\/\/globalnavy.net\/pt-pt\/wp-json\/wp\/v2\/media?parent=1839"}],"curies":[{"name":"wp","href":"https:\/\/api.w.org\/{rel}","templated":true}]}}