
{"id":1840,"date":"2018-08-31T00:46:35","date_gmt":"2018-08-31T00:46:35","guid":{"rendered":"http:\/\/globalnavy.net\/gn257pw\/"},"modified":"2026-03-13T16:47:11","modified_gmt":"2026-03-13T16:47:11","slug":"gn257pw","status":"publish","type":"page","link":"https:\/\/globalnavy.net\/pt-pt\/gn257pw\/","title":{"rendered":"GlobalThane GN257 Polyurethane WB Varnish"},"content":{"rendered":"\t\t<div data-elementor-type=\"wp-page\" data-elementor-id=\"1840\" class=\"elementor elementor-1840 elementor-1302\">\n\t\t\t\t\t\t<div class=\"elementor-inner\">\n\t\t\t\t<div class=\"elementor-section-wrap\">\n\t\t\t\t\t\t\t\t\t<section class=\"elementor-section elementor-top-section elementor-element elementor-element-222a9980 elementor-section-boxed elementor-section-height-default elementor-section-height-default\" data-id=\"222a9980\" data-element_type=\"section\">\n\t\t\t\t\t\t<div class=\"elementor-container elementor-column-gap-default\">\n\t\t\t\t\t\t\t<div class=\"elementor-row\">\n\t\t\t\t\t<div class=\"elementor-column elementor-col-100 elementor-top-column elementor-element elementor-element-67b52d59\" data-id=\"67b52d59\" data-element_type=\"column\">\n\t\t\t<div class=\"elementor-column-wrap elementor-element-populated\">\n\t\t\t\t\t\t\t<div class=\"elementor-widget-wrap\">\n\t\t\t\t\t\t<div class=\"elementor-element elementor-element-a69ecd8 elementor-widget elementor-widget-text-editor\" data-id=\"a69ecd8\" data-element_type=\"widget\" data-widget_type=\"text-editor.default\">\n\t\t\t\t<div class=\"elementor-widget-container\">\n\t\t\t\t\t\t\t\t<div class=\"elementor-text-editor elementor-clearfix\">\n\t\t\t\t<div class=\"justifiedtext\">\n<div class=\"coating_page_variables\">Descri\u00e7\u00e3o<\/div>\n<p>Excelente verniz aquoso bicomponente, brilhante (G), acetinado (S) ou mate (M). Resistente \u00e0 abras\u00e3o e excelente brilho.<\/p>\n<div class=\"coating_page_variables\">Segmento<\/div>\n<p>Decorativo; Protective; Iate.<\/p>\n<div class=\"coating_page_variables\">Tipo<\/div>\n<p>Poliuretano.<\/p>\n<div class=\"coating_page_variables\">Substrato<\/div>\n<p>Alum\u00ednio; Azulejos Cer\u00e2micos; Bet\u00e3o; Ep\u00f3xi Refor\u00e7ado com Fibra de Vidro; Poli\u00e9ster Refor\u00e7ado com Fibra de Vidro; A\u00e7o Met\u00e1lico Pulverizado; A\u00e7o; A\u00e7o Inoxid\u00e1vel; Madeira.<\/p>\n<div class=\"coating_page_variables\">Fun\u00e7\u00e3o<\/div>\n<p>Resistente \u00e0 Abras\u00e3o; Antiderrapante; Acabamento; Verniz; \u00c0 Base de \u00c1gua.<\/p>\n<div class=\"coating_page_tech_sheets\">\n<a href=\"https:\/\/globalnavy.net\/wp-content\/uploads\/2026\/03\/GN257PW_TDS_PT_02.pdf\" target=\"_blank\" class=\"coating_page_links\" style=\"color:#efefef;\">Ficha T\u00e9cnica<\/a>\n<\/div>\n<\/div>\n\t\t\t\t\t<\/div>\n\t\t\t\t\t\t<\/div>\n\t\t\t\t<\/div>\n\t\t\t\t\t\t<\/div>\n\t\t\t\t\t<\/div>\n\t\t<\/div>\n\t\t\t\t\t\t\t\t<\/div>\n\t\t\t\t\t<\/div>\n\t\t<\/section>\n\t\t\t\t\t\t\t\t\t<\/div>\n\t\t\t<\/div>\n\t\t\t\t\t<\/div>\n\t\t","protected":false},"excerpt":{"rendered":"<p>Excelente verniz aquoso bicomponente, brilhante (G), acetinado (S) ou mate (M). Resistente \u00e0 abras\u00e3o e excelente brilho.<\/p>\n","protected":false},"author":1,"featured_media":0,"parent":0,"menu_order":0,"comment_status":"closed","ping_status":"closed","template":"","meta":{"_mi_skip_tracking":false,"_exactmetrics_sitenote_active":false,"_exactmetrics_sitenote_note":"","_exactmetrics_sitenote_category":0},"_links":{"self":[{"href":"https:\/\/globalnavy.net\/pt-pt\/wp-json\/wp\/v2\/pages\/1840"}],"collection":[{"href":"https:\/\/globalnavy.net\/pt-pt\/wp-json\/wp\/v2\/pages"}],"about":[{"href":"https:\/\/globalnavy.net\/pt-pt\/wp-json\/wp\/v2\/types\/page"}],"author":[{"embeddable":true,"href":"https:\/\/globalnavy.net\/pt-pt\/wp-json\/wp\/v2\/users\/1"}],"replies":[{"embeddable":true,"href":"https:\/\/globalnavy.net\/pt-pt\/wp-json\/wp\/v2\/comments?post=1840"}],"version-history":[{"count":8,"href":"https:\/\/globalnavy.net\/pt-pt\/wp-json\/wp\/v2\/pages\/1840\/revisions"}],"predecessor-version":[{"id":6913,"href":"https:\/\/globalnavy.net\/pt-pt\/wp-json\/wp\/v2\/pages\/1840\/revisions\/6913"}],"wp:attachment":[{"href":"https:\/\/globalnavy.net\/pt-pt\/wp-json\/wp\/v2\/media?parent=1840"}],"curies":[{"name":"wp","href":"https:\/\/api.w.org\/{rel}","templated":true}]}}