
{"id":1850,"date":"2018-08-31T00:49:04","date_gmt":"2018-08-31T00:49:04","guid":{"rendered":"http:\/\/globalnavy.net\/gn452aw\/"},"modified":"2025-01-24T15:07:00","modified_gmt":"2025-01-24T15:07:00","slug":"gn452aw","status":"publish","type":"page","link":"https:\/\/globalnavy.net\/pt-pt\/gn452aw\/","title":{"rendered":"GlobalCryl GN452  WB Acrylic Paint"},"content":{"rendered":"\t\t<div data-elementor-type=\"wp-page\" data-elementor-id=\"1850\" class=\"elementor elementor-1850 elementor-1251\">\n\t\t\t\t\t\t<div class=\"elementor-inner\">\n\t\t\t\t<div class=\"elementor-section-wrap\">\n\t\t\t\t\t\t\t\t\t<section class=\"elementor-section elementor-top-section elementor-element elementor-element-79f1da7c elementor-section-boxed elementor-section-height-default elementor-section-height-default\" data-id=\"79f1da7c\" data-element_type=\"section\">\n\t\t\t\t\t\t<div class=\"elementor-container elementor-column-gap-default\">\n\t\t\t\t\t\t\t<div class=\"elementor-row\">\n\t\t\t\t\t<div class=\"elementor-column elementor-col-100 elementor-top-column elementor-element elementor-element-1b32a5a0\" data-id=\"1b32a5a0\" data-element_type=\"column\">\n\t\t\t<div class=\"elementor-column-wrap elementor-element-populated\">\n\t\t\t\t\t\t\t<div class=\"elementor-widget-wrap\">\n\t\t\t\t\t\t<div class=\"elementor-element elementor-element-87050c0 elementor-widget elementor-widget-text-editor\" data-id=\"87050c0\" data-element_type=\"widget\" data-widget_type=\"text-editor.default\">\n\t\t\t\t<div class=\"elementor-widget-container\">\n\t\t\t\t\t\t\t\t<div class=\"elementor-text-editor elementor-clearfix\">\n\t\t\t\t<div class=\"justifiedtext\">\n\n<div class=\"coating_page_variables\">Descri\u00e7\u00e3o<\/div>\nTinta acr\u00edlica aquosa para pavimentos exteriores. \u00a0Boa resist\u00eancia \u00e0 intemp\u00e9rie e anti-derrapante para passeios, ciclovias e campos de desportivos.\n\n<div class=\"coating_page_variables\">Segmento<\/div>\nDecorativa.\n\n<div class=\"coating_page_variables\">Tipo<\/div>\nAcrilica.\n\n<div class=\"coating_page_variables\">Substrato<\/div>\nReboco de Cimento; Bet\u00e3o; Placa de Isolamento; Alvenaria.\n\n<div class=\"coating_page_variables\">Fun\u00e7\u00e3o<\/div>\nAntiderrapante; Texturada; Acabamento; Base Aquosa.\n\n<div class=\"coating_page_tech_sheets\">\n<a href=\"https:\/\/globalnavy.net\/wp-content\/uploads\/2025\/01\/GN452AW_TDS_PT_01.pdf\" target=\"_blank\" class=\"coating_page_links\" style=\"color:#efefef;\">Ficha T\u00e9cnica<\/a>\n<\/div>\n\n<\/div>\t\t\t\t\t<\/div>\n\t\t\t\t\t\t<\/div>\n\t\t\t\t<\/div>\n\t\t\t\t\t\t<\/div>\n\t\t\t\t\t<\/div>\n\t\t<\/div>\n\t\t\t\t\t\t\t\t<\/div>\n\t\t\t\t\t<\/div>\n\t\t<\/section>\n\t\t\t\t\t\t\t\t\t<\/div>\n\t\t\t<\/div>\n\t\t\t\t\t<\/div>\n\t\t","protected":false},"excerpt":{"rendered":"<p>Tinta acr\u00edlica aquosa para pavimentos exteriores. \u00a0Boa resist\u00eancia \u00e0 intemp\u00e9rie e anti-derrapante para passeios, ciclovias e campos de desportivos.<\/p>\n","protected":false},"author":1,"featured_media":0,"parent":0,"menu_order":0,"comment_status":"closed","ping_status":"closed","template":"","meta":{"_mi_skip_tracking":false,"_exactmetrics_sitenote_active":false,"_exactmetrics_sitenote_note":"","_exactmetrics_sitenote_category":0},"_links":{"self":[{"href":"https:\/\/globalnavy.net\/pt-pt\/wp-json\/wp\/v2\/pages\/1850"}],"collection":[{"href":"https:\/\/globalnavy.net\/pt-pt\/wp-json\/wp\/v2\/pages"}],"about":[{"href":"https:\/\/globalnavy.net\/pt-pt\/wp-json\/wp\/v2\/types\/page"}],"author":[{"embeddable":true,"href":"https:\/\/globalnavy.net\/pt-pt\/wp-json\/wp\/v2\/users\/1"}],"replies":[{"embeddable":true,"href":"https:\/\/globalnavy.net\/pt-pt\/wp-json\/wp\/v2\/comments?post=1850"}],"version-history":[{"count":3,"href":"https:\/\/globalnavy.net\/pt-pt\/wp-json\/wp\/v2\/pages\/1850\/revisions"}],"predecessor-version":[{"id":5711,"href":"https:\/\/globalnavy.net\/pt-pt\/wp-json\/wp\/v2\/pages\/1850\/revisions\/5711"}],"wp:attachment":[{"href":"https:\/\/globalnavy.net\/pt-pt\/wp-json\/wp\/v2\/media?parent=1850"}],"curies":[{"name":"wp","href":"https:\/\/api.w.org\/{rel}","templated":true}]}}