
{"id":1859,"date":"2018-08-31T00:52:04","date_gmt":"2018-08-31T00:52:04","guid":{"rendered":"http:\/\/globalnavy.net\/gn500vp\/"},"modified":"2018-08-31T00:52:04","modified_gmt":"2018-08-31T00:52:04","slug":"gn500vp","status":"publish","type":"page","link":"https:\/\/globalnavy.net\/pt-pt\/gn500vp\/","title":{"rendered":"GlobalNyl GN500 Vynil Primer Mate"},"content":{"rendered":"<div class=\"justifiedtext\">\n<div class=\"coating_page_variables\">Descri\u00e7\u00e3o<\/div>\n<p>Tinta vin\u00edlica para aplica\u00e7\u00e3o direta em bet\u00e3o, galvanizados e alum\u00ednios. Acabamento mate.                           <\/p>\n<div class=\"coating_page_variables\">Segmento<\/div>\n<p>Contentores; Decorativa; Protective; Iates.<\/p>\n<div class=\"coating_page_variables\">Tipo<\/div>\n<p>Vin\u00edlica.<\/p>\n<div class=\"coating_page_variables\">Substrato<\/div>\n<p>Aluminio; Fibrocimento; Reboco de Cimento; Bet\u00e3o; Placa de Isolamento; A\u00e7o Galvanizado; Fibra de Vidro Refor\u00e7ada a Ep\u00f3xi; Fibra de Vidro Refor\u00e7ada a Poli\u00e9ster; Alvenaria; A\u00e7o Metalizado a Quente; Gesso Cartonado; Pintado com Antivegetativo; A\u00e7o; A\u00e7o Inox; Madeira.<\/p>\n<div class=\"coating_page_variables\">Fun\u00e7\u00e3o<\/div>\n<p>Repara\u00e7\u00e3o de Fibra de Vidro; Prim\u00e1rio; Prim\u00e1rio e Acabamento; Marca\u00e7\u00f5es\/Sinaliza\u00e7\u00e3o; Interm\u00e9dio de Ader\u00eancia &#8211; &#8220;Tie Coat&#8221;; Acabamento.<\/p>\n<div class=\"coating_page_tech_sheets\">\n<a href=\"http:\/\/globalnavy.net\/wp-content\/uploads\/2018\/08\/GN500VP_FT_PT.pdf\" target=\"_blank\" class=\"coating_page_links\" style=\"color:#efefef;\">Ficha T\u00e9cnica<\/a>\n<\/div>\n<\/div>\n","protected":false},"excerpt":{"rendered":"<p>Tinta vin\u00edlica para aplica\u00e7\u00e3o direta em bet\u00e3o, galvanizados e alum\u00ednios. Acabamento mate.                           <\/p>\n","protected":false},"author":1,"featured_media":0,"parent":0,"menu_order":0,"comment_status":"closed","ping_status":"closed","template":"","meta":{"_mi_skip_tracking":false,"_exactmetrics_sitenote_active":false,"_exactmetrics_sitenote_note":"","_exactmetrics_sitenote_category":0},"_links":{"self":[{"href":"https:\/\/globalnavy.net\/pt-pt\/wp-json\/wp\/v2\/pages\/1859"}],"collection":[{"href":"https:\/\/globalnavy.net\/pt-pt\/wp-json\/wp\/v2\/pages"}],"about":[{"href":"https:\/\/globalnavy.net\/pt-pt\/wp-json\/wp\/v2\/types\/page"}],"author":[{"embeddable":true,"href":"https:\/\/globalnavy.net\/pt-pt\/wp-json\/wp\/v2\/users\/1"}],"replies":[{"embeddable":true,"href":"https:\/\/globalnavy.net\/pt-pt\/wp-json\/wp\/v2\/comments?post=1859"}],"version-history":[{"count":0,"href":"https:\/\/globalnavy.net\/pt-pt\/wp-json\/wp\/v2\/pages\/1859\/revisions"}],"wp:attachment":[{"href":"https:\/\/globalnavy.net\/pt-pt\/wp-json\/wp\/v2\/media?parent=1859"}],"curies":[{"name":"wp","href":"https:\/\/api.w.org\/{rel}","templated":true}]}}