
{"id":1860,"date":"2018-08-31T00:52:19","date_gmt":"2018-08-31T00:52:19","guid":{"rendered":"http:\/\/globalnavy.net\/gn501vp\/"},"modified":"2025-02-04T15:50:32","modified_gmt":"2025-02-04T15:50:32","slug":"gn501vp","status":"publish","type":"page","link":"https:\/\/globalnavy.net\/pt-pt\/gn501vp\/","title":{"rendered":"GlobalNyl GN501 Vynil Primer Glossy"},"content":{"rendered":"\t\t<div data-elementor-type=\"wp-page\" data-elementor-id=\"1860\" class=\"elementor elementor-1860 elementor-1261\">\n\t\t\t\t\t\t<div class=\"elementor-inner\">\n\t\t\t\t<div class=\"elementor-section-wrap\">\n\t\t\t\t\t\t\t\t\t<section class=\"elementor-section elementor-top-section elementor-element elementor-element-5715da8f elementor-section-boxed elementor-section-height-default elementor-section-height-default\" data-id=\"5715da8f\" data-element_type=\"section\">\n\t\t\t\t\t\t<div class=\"elementor-container elementor-column-gap-default\">\n\t\t\t\t\t\t\t<div class=\"elementor-row\">\n\t\t\t\t\t<div class=\"elementor-column elementor-col-100 elementor-top-column elementor-element elementor-element-4aa745ac\" data-id=\"4aa745ac\" data-element_type=\"column\">\n\t\t\t<div class=\"elementor-column-wrap elementor-element-populated\">\n\t\t\t\t\t\t\t<div class=\"elementor-widget-wrap\">\n\t\t\t\t\t\t<div class=\"elementor-element elementor-element-19259027 elementor-widget elementor-widget-text-editor\" data-id=\"19259027\" data-element_type=\"widget\" data-widget_type=\"text-editor.default\">\n\t\t\t\t<div class=\"elementor-widget-container\">\n\t\t\t\t\t\t\t\t<div class=\"elementor-text-editor elementor-clearfix\">\n\t\t\t\t<div class=\"justifiedtext\">\n\n<div class=\"coating_page_variables\">Descri\u00e7\u00e3o<\/div>\nTinta vin\u00edlica anticorrosiva monocomponente para aplica\u00e7\u00e3o direta em a\u00e7o n\u00e3o tratado (ferrugem remanescente).\n\n<div class=\"coating_page_variables\">Segmento<\/div>\nContentores; Decorativa; Protective; Iates.\n\n<div class=\"coating_page_variables\">Tipo<\/div>\nVin\u00edlica.\n\n<div class=\"coating_page_variables\">Substrato<\/div>\nAluminio; Fibrocimento; Reboco de Cimento; Bet\u00e3o; Placa de Isolamento; A\u00e7o Galvanizado; Fibra de Vidro Refor\u00e7ada a Ep\u00f3xi; Fibra de Vidro Refor\u00e7ada a Poli\u00e9ster; Alvenaria; A\u00e7o Metalizado a Quente; Gesso Cartonado; Pintado com Antivegetativo; A\u00e7o; A\u00e7o Inox; Madeira.\n\n<div class=\"coating_page_variables\">Fun\u00e7\u00e3o<\/div>\nRepara\u00e7\u00e3o de Fibra de Vidro; Prim\u00e1rio; Prim\u00e1rio e Acabamento; Marca\u00e7\u00f5es\/Sinaliza\u00e7\u00e3o; Interm\u00e9dio de Ader\u00eancia &#8211; &#8220;Tie Coat&#8221;; Acabamento.\n\n<div class=\"coating_page_tech_sheets\">\n<a href=\"https:\/\/globalnavy.net\/wp-content\/uploads\/2025\/02\/GN501VP_TDS_PT_01.pdf\" target=\"_blank\" class=\"coating_page_links\" style=\"color:#efefef;\">Ficha T\u00e9cnica<\/a>\n<\/div>\n\n<\/div>\t\t\t\t\t<\/div>\n\t\t\t\t\t\t<\/div>\n\t\t\t\t<\/div>\n\t\t\t\t\t\t<\/div>\n\t\t\t\t\t<\/div>\n\t\t<\/div>\n\t\t\t\t\t\t\t\t<\/div>\n\t\t\t\t\t<\/div>\n\t\t<\/section>\n\t\t\t\t\t\t\t\t\t<\/div>\n\t\t\t<\/div>\n\t\t\t\t\t<\/div>\n\t\t","protected":false},"excerpt":{"rendered":"<p>Tinta vin\u00edlica anticorrosiva monocomponente para aplica\u00e7\u00e3o direta em a\u00e7o n\u00e3o tratado (ferrugem remanescente).<\/p>\n","protected":false},"author":1,"featured_media":0,"parent":0,"menu_order":0,"comment_status":"closed","ping_status":"closed","template":"","meta":{"_mi_skip_tracking":false,"_exactmetrics_sitenote_active":false,"_exactmetrics_sitenote_note":"","_exactmetrics_sitenote_category":0},"_links":{"self":[{"href":"https:\/\/globalnavy.net\/pt-pt\/wp-json\/wp\/v2\/pages\/1860"}],"collection":[{"href":"https:\/\/globalnavy.net\/pt-pt\/wp-json\/wp\/v2\/pages"}],"about":[{"href":"https:\/\/globalnavy.net\/pt-pt\/wp-json\/wp\/v2\/types\/page"}],"author":[{"embeddable":true,"href":"https:\/\/globalnavy.net\/pt-pt\/wp-json\/wp\/v2\/users\/1"}],"replies":[{"embeddable":true,"href":"https:\/\/globalnavy.net\/pt-pt\/wp-json\/wp\/v2\/comments?post=1860"}],"version-history":[{"count":3,"href":"https:\/\/globalnavy.net\/pt-pt\/wp-json\/wp\/v2\/pages\/1860\/revisions"}],"predecessor-version":[{"id":5776,"href":"https:\/\/globalnavy.net\/pt-pt\/wp-json\/wp\/v2\/pages\/1860\/revisions\/5776"}],"wp:attachment":[{"href":"https:\/\/globalnavy.net\/pt-pt\/wp-json\/wp\/v2\/media?parent=1860"}],"curies":[{"name":"wp","href":"https:\/\/api.w.org\/{rel}","templated":true}]}}