
{"id":1861,"date":"2018-08-31T00:52:32","date_gmt":"2018-08-31T00:52:32","guid":{"rendered":"http:\/\/globalnavy.net\/gn508vs\/"},"modified":"2018-08-31T00:52:32","modified_gmt":"2018-08-31T00:52:32","slug":"gn508vs","status":"publish","type":"page","link":"https:\/\/globalnavy.net\/pt-pt\/gn508vs\/","title":{"rendered":"GlobalNyl GN508 Vinyl Sealer"},"content":{"rendered":"<div class=\"justifiedtext\">\n<div class=\"coating_page_variables\">Descri\u00e7\u00e3o<\/div>\n<p>Selante para sistemas antivegetativos. Formulado para aplica\u00e7\u00e3o sobre prim\u00e1rios ep\u00f3xis.                         <\/p>\n<div class=\"coating_page_variables\">Segmento<\/div>\n<p>Mar\u00edtima; Iates.<\/p>\n<div class=\"coating_page_variables\">Tipo<\/div>\n<p>Vin\u00edlica.<\/p>\n<div class=\"coating_page_variables\">Substrato<\/div>\n<p>A\u00e7o Galvanizado; Pintado com Antivegetativo; Madeira.<\/p>\n<div class=\"coating_page_variables\">Fun\u00e7\u00e3o<\/div>\n<p>Interm\u00e9dio de Ader\u00eancia &#8211; &#8220;Tie Coat&#8221;.<\/p>\n<div class=\"coating_page_tech_sheets\">\n<a href=\"https:\/\/globalnavy.net\/wp-content\/uploads\/2018\/08\/GN508VS_FT_PT.pdf\" target=\"_blank\" class=\"coating_page_links\" style=\"color:#efefef;\">Ficha T\u00e9cnica<\/a>\n<\/div>\n<\/div>\n","protected":false},"excerpt":{"rendered":"<p>Selante para sistemas antivegetativos. Formulado para aplica\u00e7\u00e3o sobre prim\u00e1rios ep\u00f3xis.                         <\/p>\n","protected":false},"author":1,"featured_media":0,"parent":0,"menu_order":0,"comment_status":"closed","ping_status":"closed","template":"","meta":{"_mi_skip_tracking":false,"_exactmetrics_sitenote_active":false,"_exactmetrics_sitenote_note":"","_exactmetrics_sitenote_category":0},"_links":{"self":[{"href":"https:\/\/globalnavy.net\/pt-pt\/wp-json\/wp\/v2\/pages\/1861"}],"collection":[{"href":"https:\/\/globalnavy.net\/pt-pt\/wp-json\/wp\/v2\/pages"}],"about":[{"href":"https:\/\/globalnavy.net\/pt-pt\/wp-json\/wp\/v2\/types\/page"}],"author":[{"embeddable":true,"href":"https:\/\/globalnavy.net\/pt-pt\/wp-json\/wp\/v2\/users\/1"}],"replies":[{"embeddable":true,"href":"https:\/\/globalnavy.net\/pt-pt\/wp-json\/wp\/v2\/comments?post=1861"}],"version-history":[{"count":0,"href":"https:\/\/globalnavy.net\/pt-pt\/wp-json\/wp\/v2\/pages\/1861\/revisions"}],"wp:attachment":[{"href":"https:\/\/globalnavy.net\/pt-pt\/wp-json\/wp\/v2\/media?parent=1861"}],"curies":[{"name":"wp","href":"https:\/\/api.w.org\/{rel}","templated":true}]}}