
{"id":1862,"date":"2018-08-31T00:52:54","date_gmt":"2018-08-31T00:52:54","guid":{"rendered":"http:\/\/globalnavy.net\/gn521af\/"},"modified":"2025-02-04T15:54:51","modified_gmt":"2025-02-04T15:54:51","slug":"gn521af","status":"publish","type":"page","link":"https:\/\/globalnavy.net\/pt-pt\/gn521af\/","title":{"rendered":"GlobalNyl GN521 Antifouling"},"content":{"rendered":"\t\t<div data-elementor-type=\"wp-page\" data-elementor-id=\"1862\" class=\"elementor elementor-1862 elementor-1263\">\n\t\t\t\t\t\t<div class=\"elementor-inner\">\n\t\t\t\t<div class=\"elementor-section-wrap\">\n\t\t\t\t\t\t\t\t\t<section class=\"elementor-section elementor-top-section elementor-element elementor-element-4d82fa0c elementor-section-boxed elementor-section-height-default elementor-section-height-default\" data-id=\"4d82fa0c\" data-element_type=\"section\">\n\t\t\t\t\t\t<div class=\"elementor-container elementor-column-gap-default\">\n\t\t\t\t\t\t\t<div class=\"elementor-row\">\n\t\t\t\t\t<div class=\"elementor-column elementor-col-100 elementor-top-column elementor-element elementor-element-4324bb7f\" data-id=\"4324bb7f\" data-element_type=\"column\">\n\t\t\t<div class=\"elementor-column-wrap elementor-element-populated\">\n\t\t\t\t\t\t\t<div class=\"elementor-widget-wrap\">\n\t\t\t\t\t\t<div class=\"elementor-element elementor-element-145928c7 elementor-widget elementor-widget-text-editor\" data-id=\"145928c7\" data-element_type=\"widget\" data-widget_type=\"text-editor.default\">\n\t\t\t\t<div class=\"elementor-widget-container\">\n\t\t\t\t\t\t\t\t<div class=\"elementor-text-editor elementor-clearfix\">\n\t\t\t\t<div class=\"justifiedtext\">\n\n<div class=\"coating_page_variables\">Descri\u00e7\u00e3o<\/div>\nAntivegetativo de prote\u00e7\u00e3o prolongada contra o &#8220;fouling&#8221;. Boa capacidade de auto polimento. Formulado a partir e copol\u00edmeros vin\u00edlicos e alto teor de \u00f3xido cuproso.                                           \n\n<div class=\"coating_page_variables\">Segmento<\/div>\nMar\u00edtima; Iates.\n\n<div class=\"coating_page_variables\">Tipo<\/div>\nAntivegetativo Sem Compostos Org\u00e2nicos de Estanho.\n\n<div class=\"coating_page_variables\">Substrato<\/div>\nAluminio; Fibra de Vidro Refor\u00e7ada a Ep\u00f3xi; Fibra de Vidro Refor\u00e7ada a Poli\u00e9ster; Pintado com Antivegetativo; A\u00e7o; Madeira.\n\n<div class=\"coating_page_variables\">Fun\u00e7\u00e3o<\/div>\nAcabamento; Outros.\n\n<div class=\"coating_page_tech_sheets\">\n<a href=\"https:\/\/globalnavy.net\/wp-content\/uploads\/2025\/02\/GN521AF_TDS_PT_01.pdf\" target=\"_blank\" class=\"coating_page_links\" style=\"color:#efefef;\">Ficha T\u00e9cnica<\/a>\n<\/div>\n\n<\/div>\t\t\t\t\t<\/div>\n\t\t\t\t\t\t<\/div>\n\t\t\t\t<\/div>\n\t\t\t\t\t\t<\/div>\n\t\t\t\t\t<\/div>\n\t\t<\/div>\n\t\t\t\t\t\t\t\t<\/div>\n\t\t\t\t\t<\/div>\n\t\t<\/section>\n\t\t\t\t\t\t\t\t\t<\/div>\n\t\t\t<\/div>\n\t\t\t\t\t<\/div>\n\t\t","protected":false},"excerpt":{"rendered":"<p>Antivegetativo de prote\u00e7\u00e3o prolongada contra o &#8220;fouling&#8221;. Boa capacidade de auto polimento. Formulado a partir e copol\u00edmeros vin\u00edlicos e alto teor de \u00f3xido cuproso.                                           <\/p>\n","protected":false},"author":1,"featured_media":0,"parent":0,"menu_order":0,"comment_status":"closed","ping_status":"closed","template":"","meta":{"_mi_skip_tracking":false,"_exactmetrics_sitenote_active":false,"_exactmetrics_sitenote_note":"","_exactmetrics_sitenote_category":0},"_links":{"self":[{"href":"https:\/\/globalnavy.net\/pt-pt\/wp-json\/wp\/v2\/pages\/1862"}],"collection":[{"href":"https:\/\/globalnavy.net\/pt-pt\/wp-json\/wp\/v2\/pages"}],"about":[{"href":"https:\/\/globalnavy.net\/pt-pt\/wp-json\/wp\/v2\/types\/page"}],"author":[{"embeddable":true,"href":"https:\/\/globalnavy.net\/pt-pt\/wp-json\/wp\/v2\/users\/1"}],"replies":[{"embeddable":true,"href":"https:\/\/globalnavy.net\/pt-pt\/wp-json\/wp\/v2\/comments?post=1862"}],"version-history":[{"count":3,"href":"https:\/\/globalnavy.net\/pt-pt\/wp-json\/wp\/v2\/pages\/1862\/revisions"}],"predecessor-version":[{"id":5788,"href":"https:\/\/globalnavy.net\/pt-pt\/wp-json\/wp\/v2\/pages\/1862\/revisions\/5788"}],"wp:attachment":[{"href":"https:\/\/globalnavy.net\/pt-pt\/wp-json\/wp\/v2\/media?parent=1862"}],"curies":[{"name":"wp","href":"https:\/\/api.w.org\/{rel}","templated":true}]}}