
{"id":1866,"date":"2018-08-31T00:53:53","date_gmt":"2018-08-31T00:53:53","guid":{"rendered":"http:\/\/globalnavy.net\/gn600ev\/"},"modified":"2025-02-04T16:28:09","modified_gmt":"2025-02-04T16:28:09","slug":"gn600ev-3","status":"publish","type":"page","link":"https:\/\/globalnavy.net\/pt-pt\/gn600ev-3\/","title":{"rendered":"GlobalEster GN600 Epoxy Vinyl \u00c9ster"},"content":{"rendered":"\t\t<div data-elementor-type=\"wp-page\" data-elementor-id=\"1866\" class=\"elementor elementor-1866 elementor-1267\">\n\t\t\t\t\t\t<div class=\"elementor-inner\">\n\t\t\t\t<div class=\"elementor-section-wrap\">\n\t\t\t\t\t\t\t\t\t<section class=\"elementor-section elementor-top-section elementor-element elementor-element-204216f4 elementor-section-boxed elementor-section-height-default elementor-section-height-default\" data-id=\"204216f4\" data-element_type=\"section\">\n\t\t\t\t\t\t<div class=\"elementor-container elementor-column-gap-default\">\n\t\t\t\t\t\t\t<div class=\"elementor-row\">\n\t\t\t\t\t<div class=\"elementor-column elementor-col-100 elementor-top-column elementor-element elementor-element-3690e959\" data-id=\"3690e959\" data-element_type=\"column\">\n\t\t\t<div class=\"elementor-column-wrap elementor-element-populated\">\n\t\t\t\t\t\t\t<div class=\"elementor-widget-wrap\">\n\t\t\t\t\t\t<div class=\"elementor-element elementor-element-43d55c21 elementor-widget elementor-widget-text-editor\" data-id=\"43d55c21\" data-element_type=\"widget\" data-widget_type=\"text-editor.default\">\n\t\t\t\t<div class=\"elementor-widget-container\">\n\t\t\t\t\t\t\t\t<div class=\"elementor-text-editor elementor-clearfix\">\n\t\t\t\t<div class=\"justifiedtext\">\n<div class=\"coating_page_variables\">Descri\u00e7\u00e3o<\/div>\nResina incolor vinil \u00e9ster de alta resist\u00eancia qu\u00edmica e boa resist\u00eancia \u00e0 temperatura. Apropriado para laminagem com fibras de vidro em tanques.\n<div class=\"coating_page_variables\">Segmento<\/div>\nProtective.\n<div class=\"coating_page_variables\">Tipo<\/div>\nEp\u00f3xi Vinil \u00c9ster.\n<div class=\"coating_page_variables\">Substrato<\/div>\nBet\u00e3o; Fibra de Vidro Refor\u00e7ada a Ep\u00f3xi; Fibra de Vidro Refor\u00e7ada a Poli\u00e9ster; A\u00e7o.\n<div class=\"coating_page_variables\">Fun\u00e7\u00e3o<\/div>\nResist\u00eancia \u00e0 Abras\u00e3o; Fibragem Tanques Qu\u00edmicos; Repara\u00e7\u00e3o de Fibra de Vidro; Revestimento Alto Desempenho; Revestimento de condutas; Auto-alisante; Sem Solventes; Acabamento; Outros.\n<div class=\"coating_page_tech_sheets\">\n<a href=\"https:\/\/globalnavy.net\/wp-content\/uploads\/2025\/02\/GN600EV_TDS_PT_01.pdf\" target=\"_blank\" class=\"coating_page_links\" style=\"color:#efefef;\" rel=\"noopener noreferrer\">Ficha T\u00e9cnica<\/a><\/div>\n<\/div>\t\t\t\t\t<\/div>\n\t\t\t\t\t\t<\/div>\n\t\t\t\t<\/div>\n\t\t\t\t\t\t<\/div>\n\t\t\t\t\t<\/div>\n\t\t<\/div>\n\t\t\t\t\t\t\t\t<\/div>\n\t\t\t\t\t<\/div>\n\t\t<\/section>\n\t\t\t\t\t\t\t\t\t<\/div>\n\t\t\t<\/div>\n\t\t\t\t\t<\/div>\n\t\t","protected":false},"excerpt":{"rendered":"<p>Resina incolor vinil \u00e9ster de alta resist\u00eancia qu\u00edmica e boa resist\u00eancia \u00e0 temperatura. Apropriado para laminagem com fibras de vidro em tanques.<\/p>\n","protected":false},"author":1,"featured_media":0,"parent":0,"menu_order":0,"comment_status":"closed","ping_status":"closed","template":"","meta":{"_mi_skip_tracking":false,"_exactmetrics_sitenote_active":false,"_exactmetrics_sitenote_note":"","_exactmetrics_sitenote_category":0},"_links":{"self":[{"href":"https:\/\/globalnavy.net\/pt-pt\/wp-json\/wp\/v2\/pages\/1866"}],"collection":[{"href":"https:\/\/globalnavy.net\/pt-pt\/wp-json\/wp\/v2\/pages"}],"about":[{"href":"https:\/\/globalnavy.net\/pt-pt\/wp-json\/wp\/v2\/types\/page"}],"author":[{"embeddable":true,"href":"https:\/\/globalnavy.net\/pt-pt\/wp-json\/wp\/v2\/users\/1"}],"replies":[{"embeddable":true,"href":"https:\/\/globalnavy.net\/pt-pt\/wp-json\/wp\/v2\/comments?post=1866"}],"version-history":[{"count":4,"href":"https:\/\/globalnavy.net\/pt-pt\/wp-json\/wp\/v2\/pages\/1866\/revisions"}],"predecessor-version":[{"id":5821,"href":"https:\/\/globalnavy.net\/pt-pt\/wp-json\/wp\/v2\/pages\/1866\/revisions\/5821"}],"wp:attachment":[{"href":"https:\/\/globalnavy.net\/pt-pt\/wp-json\/wp\/v2\/media?parent=1866"}],"curies":[{"name":"wp","href":"https:\/\/api.w.org\/{rel}","templated":true}]}}