
{"id":3827,"date":"2020-12-15T14:50:32","date_gmt":"2020-12-15T14:50:32","guid":{"rendered":"https:\/\/globalnavy.net\/?page_id=3827"},"modified":"2025-01-21T11:13:03","modified_gmt":"2025-01-21T11:13:03","slug":"globaldur-gn120-epoxy-cove","status":"publish","type":"page","link":"https:\/\/globalnavy.net\/pt-pt\/globaldur-gn120-epoxy-cove\/","title":{"rendered":"GlobalDur GN120 Epoxy Cove"},"content":{"rendered":"\t\t<div data-elementor-type=\"wp-page\" data-elementor-id=\"3827\" class=\"elementor elementor-3827 elementor-3825\">\n\t\t\t\t\t\t<div class=\"elementor-inner\">\n\t\t\t\t<div class=\"elementor-section-wrap\">\n\t\t\t\t\t\t\t\t\t<section class=\"elementor-section elementor-top-section elementor-element elementor-element-7a09637 elementor-section-boxed elementor-section-height-default elementor-section-height-default\" data-id=\"7a09637\" data-element_type=\"section\">\n\t\t\t\t\t\t<div class=\"elementor-container elementor-column-gap-default\">\n\t\t\t\t\t\t\t<div class=\"elementor-row\">\n\t\t\t\t\t<div class=\"elementor-column elementor-col-100 elementor-top-column elementor-element elementor-element-4a71daef\" data-id=\"4a71daef\" data-element_type=\"column\">\n\t\t\t<div class=\"elementor-column-wrap elementor-element-populated\">\n\t\t\t\t\t\t\t<div class=\"elementor-widget-wrap\">\n\t\t\t\t\t\t<div class=\"elementor-element elementor-element-7106e852 elementor-widget elementor-widget-text-editor\" data-id=\"7106e852\" data-element_type=\"widget\" data-widget_type=\"text-editor.default\">\n\t\t\t\t<div class=\"elementor-widget-container\">\n\t\t\t\t\t\t\t\t<div class=\"elementor-text-editor elementor-clearfix\">\n\t\t\t\t<div class=\"justifiedtext\">\n<div class=\"coating_page_variables\">Descri\u00e7\u00e3o<\/div>\n<p>Resina ep\u00f3xi incolor sem solventes, de alta viscosidade, especialmente formulado para meias canas. <\/p>\n<div class=\"coating_page_variables\">Segmento<\/div>\n<p>Decorativo; Maritimo; Protective; Iate.<\/p>\n<div class=\"coating_page_variables\">Tipo<\/div>\n<p>Ep\u00f3xi.<\/p>\n<div class=\"coating_page_variables\">Substrato<\/div>\n<p>Reboco de cimento; Azulejos Cer\u00e2micos; Bet\u00e3o; Placas de Fibra; Ep\u00f3xi refor\u00e7ado com fibra de vidro.<\/p>\n<div class=\"coating_page_variables\">Fun\u00e7\u00e3o<\/div>\n<p>Resist\u00eancia \u00e0 abras\u00e3o; Antiderrapante; Revestimento de tanques qu\u00edmicos; Massa de enchimento; Repara\u00e7\u00e3o de fibra de vidro; Revestimento resistente; Inje\u00e7\u00e3o; Interm\u00e9dio; Revestimento de tubos; Prim\u00e1rio; Prim\u00e1rio e acabamento; Selante; Sem solventes; Revestimento de tanques de \u00e1gua.<\/p>\n<div class=\"coating_page_tech_sheets\">\n<a href=\"https:\/\/globalnavy.net\/wp-content\/uploads\/2025\/01\/GN120EC_TDS_PT_01.pdf\" target=\"_blank\" class=\"coating_page_links\" style=\"color:#efefef;\" rel=\"noopener noreferrer\">Ficha T\u00e9cnica<\/a><\/div>\n<\/div>\n\t\t\t\t\t<\/div>\n\t\t\t\t\t\t<\/div>\n\t\t\t\t<\/div>\n\t\t\t\t\t\t<\/div>\n\t\t\t\t\t<\/div>\n\t\t<\/div>\n\t\t\t\t\t\t\t\t<\/div>\n\t\t\t\t\t<\/div>\n\t\t<\/section>\n\t\t\t\t\t\t\t\t\t<\/div>\n\t\t\t<\/div>\n\t\t\t\t\t<\/div>\n\t\t","protected":false},"excerpt":{"rendered":"<p>Resina ep\u00f3xi incolor sem solventes, de alta viscosidade, especialmente formulado para meias canas. <\/p>\n","protected":false},"author":1,"featured_media":0,"parent":0,"menu_order":0,"comment_status":"closed","ping_status":"closed","template":"","meta":{"_mi_skip_tracking":false,"_exactmetrics_sitenote_active":false,"_exactmetrics_sitenote_note":"","_exactmetrics_sitenote_category":0},"_links":{"self":[{"href":"https:\/\/globalnavy.net\/pt-pt\/wp-json\/wp\/v2\/pages\/3827"}],"collection":[{"href":"https:\/\/globalnavy.net\/pt-pt\/wp-json\/wp\/v2\/pages"}],"about":[{"href":"https:\/\/globalnavy.net\/pt-pt\/wp-json\/wp\/v2\/types\/page"}],"author":[{"embeddable":true,"href":"https:\/\/globalnavy.net\/pt-pt\/wp-json\/wp\/v2\/users\/1"}],"replies":[{"embeddable":true,"href":"https:\/\/globalnavy.net\/pt-pt\/wp-json\/wp\/v2\/comments?post=3827"}],"version-history":[{"count":8,"href":"https:\/\/globalnavy.net\/pt-pt\/wp-json\/wp\/v2\/pages\/3827\/revisions"}],"predecessor-version":[{"id":5386,"href":"https:\/\/globalnavy.net\/pt-pt\/wp-json\/wp\/v2\/pages\/3827\/revisions\/5386"}],"wp:attachment":[{"href":"https:\/\/globalnavy.net\/pt-pt\/wp-json\/wp\/v2\/media?parent=3827"}],"curies":[{"name":"wp","href":"https:\/\/api.w.org\/{rel}","templated":true}]}}