
{"id":3877,"date":"2020-12-15T16:49:56","date_gmt":"2020-12-15T16:49:56","guid":{"rendered":"https:\/\/globalnavy.net\/?page_id=3877"},"modified":"2020-12-15T16:49:56","modified_gmt":"2020-12-15T16:49:56","slug":"globaldur-gn101-electrically-conductive-epoxy","status":"publish","type":"page","link":"https:\/\/globalnavy.net\/pt-pt\/globaldur-gn101-electrically-conductive-epoxy\/","title":{"rendered":"GlobalDur GN101 Electrically Conductive Epoxy"},"content":{"rendered":"\t\t<div data-elementor-type=\"wp-page\" data-elementor-id=\"3877\" class=\"elementor elementor-3877 elementor-3875\">\n\t\t\t\t\t\t<div class=\"elementor-inner\">\n\t\t\t\t<div class=\"elementor-section-wrap\">\n\t\t\t\t\t\t\t\t\t<section class=\"elementor-section elementor-top-section elementor-element elementor-element-480d8665 elementor-section-boxed elementor-section-height-default elementor-section-height-default\" data-id=\"480d8665\" data-element_type=\"section\">\n\t\t\t\t\t\t<div class=\"elementor-container elementor-column-gap-default\">\n\t\t\t\t\t\t\t<div class=\"elementor-row\">\n\t\t\t\t\t<div class=\"elementor-column elementor-col-100 elementor-top-column elementor-element elementor-element-622e6435\" data-id=\"622e6435\" data-element_type=\"column\">\n\t\t\t<div class=\"elementor-column-wrap elementor-element-populated\">\n\t\t\t\t\t\t\t<div class=\"elementor-widget-wrap\">\n\t\t\t\t\t\t<div class=\"elementor-element elementor-element-38f115a5 elementor-widget elementor-widget-text-editor\" data-id=\"38f115a5\" data-element_type=\"widget\" data-widget_type=\"text-editor.default\">\n\t\t\t\t<div class=\"elementor-widget-container\">\n\t\t\t\t\t\t\t\t<div class=\"elementor-text-editor elementor-clearfix\">\n\t\t\t\t<div class=\"justifiedtext\">\n<div class=\"coating_page_variables\">Description<\/div>\n<p>Epoxy electrically conductive solvente free converter\/ inhibitor, moisture tolerant with excelente edge retention properties. <\/p>\n<div class=\"coating_page_variables\">Segment<\/div>\n<p>Container; Marine; Protective; Yacht.<\/p>\n<div class=\"coating_page_variables\">Type<\/div>\n<p>Epoxy; Modified Epoxy.<\/p>\n<div class=\"coating_page_variables\">Substrate<\/div>\n<p>Steel.<\/p>\n<div class=\"coating_page_variables\">Function<\/div>\n<p>Abrasion resistance; Chemical tank lining; Heavy duty coating; Humidity tolerant; Cure at Low temperature; Midcoat &#8211; intermediate; Pipe coating; Primer; Primer and Finish; Solvent free; Surface tolerant; Water tank lining.<\/p>\n<div class=\"coating_page_tech_sheets\">\n<a href=\"https:\/\/globalnavy.net\/wp-content\/uploads\/2020\/12\/GN101EC_TDS_EN_Comp_01.pdf\" target=\"_blank\" class=\"coating_page_links\" style=\"color:#efefef;\" rel=\"noopener noreferrer\">Technical Data Sheet<\/a><\/div>\n<\/div>\n\t\t\t\t\t<\/div>\n\t\t\t\t\t\t<\/div>\n\t\t\t\t<\/div>\n\t\t\t\t\t\t<\/div>\n\t\t\t\t\t<\/div>\n\t\t<\/div>\n\t\t\t\t\t\t\t\t<\/div>\n\t\t\t\t\t<\/div>\n\t\t<\/section>\n\t\t\t\t\t\t\t\t\t<\/div>\n\t\t\t<\/div>\n\t\t\t\t\t<\/div>\n\t\t","protected":false},"excerpt":{"rendered":"<p>Conversor \/ inibidor ep\u00f3xi eletricamente condutivo livre de solvente, tolerante \u00e0 humidade, sem restri\u00e7\u00f5es com o ponto de orvalho.                                            <\/p>\n","protected":false},"author":1,"featured_media":0,"parent":0,"menu_order":0,"comment_status":"closed","ping_status":"closed","template":"","meta":{"_mi_skip_tracking":false,"_exactmetrics_sitenote_active":false,"_exactmetrics_sitenote_note":"","_exactmetrics_sitenote_category":0},"_links":{"self":[{"href":"https:\/\/globalnavy.net\/pt-pt\/wp-json\/wp\/v2\/pages\/3877"}],"collection":[{"href":"https:\/\/globalnavy.net\/pt-pt\/wp-json\/wp\/v2\/pages"}],"about":[{"href":"https:\/\/globalnavy.net\/pt-pt\/wp-json\/wp\/v2\/types\/page"}],"author":[{"embeddable":true,"href":"https:\/\/globalnavy.net\/pt-pt\/wp-json\/wp\/v2\/users\/1"}],"replies":[{"embeddable":true,"href":"https:\/\/globalnavy.net\/pt-pt\/wp-json\/wp\/v2\/comments?post=3877"}],"version-history":[{"count":2,"href":"https:\/\/globalnavy.net\/pt-pt\/wp-json\/wp\/v2\/pages\/3877\/revisions"}],"predecessor-version":[{"id":3894,"href":"https:\/\/globalnavy.net\/pt-pt\/wp-json\/wp\/v2\/pages\/3877\/revisions\/3894"}],"wp:attachment":[{"href":"https:\/\/globalnavy.net\/pt-pt\/wp-json\/wp\/v2\/media?parent=3877"}],"curies":[{"name":"wp","href":"https:\/\/api.w.org\/{rel}","templated":true}]}}