
{"id":1086,"date":"2018-08-24T12:22:31","date_gmt":"2018-08-24T12:22:31","guid":{"rendered":"http:\/\/globalnavy.net\/chien-luoc-cua-chung-toi\/"},"modified":"2018-08-24T12:22:31","modified_gmt":"2018-08-24T12:22:31","slug":"chien-luoc-cua-chung-toi","status":"publish","type":"page","link":"https:\/\/globalnavy.net\/vi\/chien-luoc-cua-chung-toi\/","title":{"rendered":"Chi\u1ebfn l\u01b0\u1ee3c c\u1ee7a ch\u00fang t\u00f4i"},"content":{"rendered":"<div style=\"text-align:justify;\">\n<p><img loading=\"lazy\" src=\"http:\/\/globalnavy.net\/wp-content\/uploads\/2018\/08\/strategy_img_scaled.jpg\" alt=\"\" width=\"1020\" height=\"190\" class=\"alignnone size-full wp-image-461\" srcset=\"https:\/\/globalnavy.net\/wp-content\/uploads\/2018\/08\/strategy_img_scaled.jpg 1020w, https:\/\/globalnavy.net\/wp-content\/uploads\/2018\/08\/strategy_img_scaled-300x56.jpg 300w, https:\/\/globalnavy.net\/wp-content\/uploads\/2018\/08\/strategy_img_scaled-768x143.jpg 768w\" sizes=\"(max-width: 1020px) 100vw, 1020px\" \/><\/p>\n<p>Ng\u00e0nh s\u01a1n ph\u1ee7 lu\u00f4n c\u1ea3i ti\u1ebfn, chi ph\u00ed ho\u1ea1t \u0111\u1ed9ng ti\u1ebfp t\u1ee5c t\u0103ng v\u00e0 \u0111\u1ed1i th\u1ee7 c\u1ea1nh tranh ng\u00e0y c\u00e0ng l\u1edbn h\u01a1n. D\u1ef1a tr\u00ean t\u1ea7m nh\u00ecn n\u00e0y, ch\u00fang t\u00f4i tin r\u1eb1ng ch\u00fang t\u00f4i ph\u1ea3i ph\u00e1t tri\u1ec3n nhanh h\u01a1n th\u1ecb tr\u01b0\u1eddng b\u1eb1ng c\u00e1ch gi\u1eef kh\u00e1ch h\u00e0ng nh\u01b0 l\u00e0 y\u1ebfu t\u1ed1 then ch\u1ed1t trong kinh doanh. Kh\u00e1i ni\u1ec7m chi\u1ebfn l\u01b0\u1ee3c c\u1ee7a ch\u00fang t\u00f4i \u0111\u01a1n gi\u1ea3n: ch\u00fang t\u00f4i ham bi\u1ebft, s\u00e1ng t\u1ea1o v\u00e0 t\u1ef1 ph\u00ea b\u00ecnh ph\u00e1t tri\u1ec3n c\u00e1c c\u00f4ng ngh\u1ec7 s\u01a1n ph\u1ee7 th\u00e2n thi\u1ec7n v\u1edbi m\u00f4i tr\u01b0\u1eddng; ph\u00e1t tri\u1ec3n li\u00ean t\u1ee5c v\u00e0 t\u1ea1o th\u00eam gi\u00e1 tr\u1ecb cho kh\u00e1ch h\u00e0ng c\u1ee7a ch\u00fang t\u00f4i v\u1edbi tinh th\u1ea7n s\u00e1ng t\u1ea1o v\u00e0 \u0111\u1ed5i m\u1edbi.<\/p>\n<p>Ch\u00fang t\u00f4i ph\u00e1t tri\u1ec3n v\u00e0 cung c\u1ea5p c\u00e1c gi\u1ea3i ph\u00e1p \u0111\u00e1ng tin c\u1eady, cho n\u00ean ch\u00fang t\u00f4i tin r\u1eb1ng m\u1ecdi th\u1ee9 ch\u00fang t\u00f4i l\u00e0m \u0111\u1ec1u cam k\u1ebft ch\u1ea5t l\u01b0\u1ee3ng. Nhi\u1ec7m v\u1ee5 qu\u1ea3n l\u00fd ch\u1ea5t l\u01b0\u1ee3ng nh\u01b0 l\u00e0 m\u1ed9t c\u00f4ng c\u1ee5 c\u01a1 b\u1ea3n v\u00e0 c\u1ea7n thi\u1ebft cho vi\u1ec7c c\u1ea3i ti\u1ebfn li\u00ean t\u1ee5c v\u00e0 \u0111\u00e1p l\u1ea1i nhu c\u1ea7u c\u1ee7a kh\u00e1ch h\u00e0ng. V\u00ec v\u1eady, ch\u00fang t\u00f4i \u0111\u01b0\u1ee3c \u0111\u00e1nh gi\u00e1 cao v\u00e0 \u0111\u01b0\u1ee3c ch\u1ea5t v\u1ea5n \u0111\u1ec3 \u0111\u00e1p l\u1ea1i b\u1eb1ng c\u00f4ng ngh\u1ec7 ti\u00ean ti\u1ebfn nh\u1ea5t v\u00e0 c\u00e1c gi\u1ea3i ph\u00e1p v\u1ec1 l\u1edbp ph\u1ee7.<\/p>\n<p>Th\u1ef1c hi\u1ec7n chi\u1ebfn l\u01b0\u1ee3c n\u00e0y cho ph\u00e9p Globalnavy c\u00f3 s\u1ef1 ph\u00e1t tri\u1ec3n v\u00e0 nghi\u00ean c\u1ee9u li\u00ean t\u1ee5c b\u1eb1ng c\u00e1ch x\u00e2y d\u1ef1ng m\u1ed9t d\u1ef1 \u00e1n kinh doanh \u0111\u00e1ng tin c\u1eady v\u00e0 l\u00e2u d\u00e0i. V\u00ec v\u1eady, ch\u00fang t\u00f4i tin r\u1eb1ng ch\u00eca kh\u00f3a d\u1eabn \u0111\u1ebfn th\u00e0nh c\u00f4ng \u0111\u1ea1t \u0111\u01b0\u1ee3c b\u1eb1ng c\u00e1ch l\u00e0m cho kh\u00e1ch h\u00e0ng th\u00e0nh \u0111\u1ed1i t\u00e1c. D\u1ef1 \u0111\u1ecbnh r\u1eb1ng c\u00e1c k\u1ebft qu\u1ea3 \u0111\u1ea1t \u0111\u01b0\u1ee3c cho ph\u00e9p c\u1ee7ng c\u1ed1 v\u1ecb tr\u00ed c\u1ee7a Globalnavy v\u00e0 c\u00e1c \u0111\u1ed1i t\u00e1c.<\/p>\n<\/div>\n","protected":false},"excerpt":{"rendered":"<p>Ng\u00e0nh s\u01a1n ph\u1ee7 lu\u00f4n c\u1ea3i ti\u1ebfn, chi ph\u00ed ho\u1ea1t \u0111\u1ed9ng ti\u1ebfp t\u1ee5c t\u0103ng v\u00e0 \u0111\u1ed1i th\u1ee7 c\u1ea1nh tranh ng\u00e0y c\u00e0ng l\u1edbn h\u01a1n. D\u1ef1a tr\u00ean t\u1ea7m nh\u00ecn n\u00e0y, ch\u00fang t\u00f4i tin r\u1eb1ng ch\u00fang t\u00f4i ph\u1ea3i ph\u00e1t tri\u1ec3n nhanh h\u01a1n th\u1ecb tr\u01b0\u1eddng b\u1eb1ng c\u00e1ch gi\u1eef kh\u00e1ch h\u00e0ng nh\u01b0 l\u00e0 y\u1ebfu t\u1ed1 then ch\u1ed1t trong kinh doanh. Kh\u00e1i &#8230; <a title=\"Chi\u1ebfn l\u01b0\u1ee3c c\u1ee7a ch\u00fang t\u00f4i\" class=\"read-more\" href=\"https:\/\/globalnavy.net\/vi\/chien-luoc-cua-chung-toi\/\" aria-label=\"More on Chi\u1ebfn l\u01b0\u1ee3c c\u1ee7a ch\u00fang t\u00f4i\">Read more<\/a><\/p>\n","protected":false},"author":1,"featured_media":0,"parent":0,"menu_order":0,"comment_status":"closed","ping_status":"closed","template":"","meta":{"_mi_skip_tracking":false,"_exactmetrics_sitenote_active":false,"_exactmetrics_sitenote_note":"","_exactmetrics_sitenote_category":0},"_links":{"self":[{"href":"https:\/\/globalnavy.net\/vi\/wp-json\/wp\/v2\/pages\/1086"}],"collection":[{"href":"https:\/\/globalnavy.net\/vi\/wp-json\/wp\/v2\/pages"}],"about":[{"href":"https:\/\/globalnavy.net\/vi\/wp-json\/wp\/v2\/types\/page"}],"author":[{"embeddable":true,"href":"https:\/\/globalnavy.net\/vi\/wp-json\/wp\/v2\/users\/1"}],"replies":[{"embeddable":true,"href":"https:\/\/globalnavy.net\/vi\/wp-json\/wp\/v2\/comments?post=1086"}],"version-history":[{"count":0,"href":"https:\/\/globalnavy.net\/vi\/wp-json\/wp\/v2\/pages\/1086\/revisions"}],"wp:attachment":[{"href":"https:\/\/globalnavy.net\/vi\/wp-json\/wp\/v2\/media?parent=1086"}],"curies":[{"name":"wp","href":"https:\/\/api.w.org\/{rel}","templated":true}]}}