
{"id":1087,"date":"2018-08-24T12:25:26","date_gmt":"2018-08-24T12:25:26","guid":{"rendered":"http:\/\/globalnavy.net\/moi-truong\/"},"modified":"2018-08-24T12:25:26","modified_gmt":"2018-08-24T12:25:26","slug":"moi-truong","status":"publish","type":"page","link":"https:\/\/globalnavy.net\/vi\/moi-truong\/","title":{"rendered":"M\u00f4i tr\u01b0\u1eddng"},"content":{"rendered":"<div style=\"text-align:justify;\">\n<p><img loading=\"lazy\" src=\"http:\/\/globalnavy.net\/wp-content\/uploads\/2018\/08\/environment_img_scaled.jpg\" alt=\"\" width=\"1020\" height=\"190\" class=\"alignnone size-full wp-image-468\" srcset=\"https:\/\/globalnavy.net\/wp-content\/uploads\/2018\/08\/environment_img_scaled.jpg 1020w, https:\/\/globalnavy.net\/wp-content\/uploads\/2018\/08\/environment_img_scaled-300x56.jpg 300w, https:\/\/globalnavy.net\/wp-content\/uploads\/2018\/08\/environment_img_scaled-768x143.jpg 768w\" sizes=\"(max-width: 1020px) 100vw, 1020px\" \/><\/p>\n<p>Globalnavy l\u00e0m vi\u1ec7c tr\u00ean c\u00e1c v\u1ea5n \u0111\u1ec1 m\u00f4i tr\u01b0\u1eddng t\u1eeb t\u1ea5t c\u1ea3 c\u00e1c g\u00f3c \u0111\u1ed9, bao g\u1ed3m thi\u1ebft k\u1ebf s\u1ea3n ph\u1ea9m, s\u1ea3n xu\u1ea5t, giao h\u00e0ng, s\u1eed d\u1ee5ng v\u00e0 x\u1eed l\u00fd ch\u1ea5t th\u1ea3i.<\/p>\n<p>Globalnavy c\u1ed1 g\u1eafng kh\u00f4ng ch\u1ec9 \u0111\u1ec3 b\u1ea3o v\u1ec7 m\u00f4i tr\u01b0\u1eddng kh\u1ecfi \u00f4 nhi\u1ec5m, b\u1eb1ng c\u00e1ch lo\u1ea1i b\u1ecf c\u00e1c h\u1ee3p ch\u1ea5t dung m\u00f4i h\u1eefu c\u01a1 c\u00f3 h\u1ea1i \u0111\u01b0\u1ee3c s\u1eed d\u1ee5ng trong s\u01a1n truy\u1ec1n th\u1ed1ng qua vi\u1ec7c ph\u00e1t tri\u1ec3n c\u00f4ng ngh\u1ec7 kh\u00f4ng dung m\u00f4i, m\u00e0 c\u00f2n g\u00f3p ph\u1ea7n gi\u1ea3i quy\u1ebft v\u1ea5n \u0111\u1ec1 b\u1eb1ng vi\u1ec7c thi\u1ebft k\u1ebf c\u00e1c s\u1ea3n ph\u1ea9m cho ph\u00e9p \u00e1p d\u1ee5ng c\u00e1c ph\u01b0\u01a1ng ph\u00e1p chu\u1ea9n b\u1ecb b\u1ec1 m\u1eb7t th\u00e2n thi\u1ec7n v\u1edbi m\u00f4i tr\u01b0\u1eddng (b\u1eafn n\u01b0\u1edbc, phun \u01b0\u1edbt).<\/p>\n<p>Ch\u00fang t\u00f4i ti\u1ebfp t\u1ee5c s\u1eed d\u1ee5ng t\u00e0i nguy\u00ean thi\u00ean nhi\u00ean h\u1eefu h\u1ea1n c\u1ee7a Tr\u00e1i \u0111\u1ea5t m\u1ed9t c\u00e1ch ti\u1ebft ki\u1ec7m v\u00e0 ch\u00fang t\u00f4i c\u1ed1 g\u1eafng h\u1ebft s\u1ee9c \u0111\u1ec3 x\u00e2y d\u1ef1ng m\u1ed9t x\u00e3 h\u1ed9i c\u00f3 \u00fd th\u1ee9c v\u1ec1 m\u00f4i tr\u01b0\u1eddng \u0111\u1ec3 t\u00e1i ch\u1ebf v\u00e0 gi\u1ea3m d\u1ea5u v\u1ebft n\u0103ng l\u01b0\u1ee3ng, \u0111\u1ec3 cho gi\u1ea3m b\u1edbt t\u00e1c \u0111\u1ed9ng ti\u00eau c\u1ef1c \u0111\u1ed1i v\u1edbi tr\u00e1i \u0111\u1ea5t.<\/p>\n<\/div>\n","protected":false},"excerpt":{"rendered":"<p>Globalnavy l\u00e0m vi\u1ec7c tr\u00ean c\u00e1c v\u1ea5n \u0111\u1ec1 m\u00f4i tr\u01b0\u1eddng t\u1eeb t\u1ea5t c\u1ea3 c\u00e1c g\u00f3c \u0111\u1ed9, bao g\u1ed3m thi\u1ebft k\u1ebf s\u1ea3n ph\u1ea9m, s\u1ea3n xu\u1ea5t, giao h\u00e0ng, s\u1eed d\u1ee5ng v\u00e0 x\u1eed l\u00fd ch\u1ea5t th\u1ea3i. Globalnavy c\u1ed1 g\u1eafng kh\u00f4ng ch\u1ec9 \u0111\u1ec3 b\u1ea3o v\u1ec7 m\u00f4i tr\u01b0\u1eddng kh\u1ecfi \u00f4 nhi\u1ec5m, b\u1eb1ng c\u00e1ch lo\u1ea1i b\u1ecf c\u00e1c h\u1ee3p ch\u1ea5t dung m\u00f4i h\u1eefu &#8230; <a title=\"M\u00f4i tr\u01b0\u1eddng\" class=\"read-more\" href=\"https:\/\/globalnavy.net\/vi\/moi-truong\/\" aria-label=\"More on M\u00f4i tr\u01b0\u1eddng\">Read more<\/a><\/p>\n","protected":false},"author":1,"featured_media":0,"parent":0,"menu_order":0,"comment_status":"closed","ping_status":"closed","template":"","meta":{"_mi_skip_tracking":false,"_exactmetrics_sitenote_active":false,"_exactmetrics_sitenote_note":"","_exactmetrics_sitenote_category":0},"_links":{"self":[{"href":"https:\/\/globalnavy.net\/vi\/wp-json\/wp\/v2\/pages\/1087"}],"collection":[{"href":"https:\/\/globalnavy.net\/vi\/wp-json\/wp\/v2\/pages"}],"about":[{"href":"https:\/\/globalnavy.net\/vi\/wp-json\/wp\/v2\/types\/page"}],"author":[{"embeddable":true,"href":"https:\/\/globalnavy.net\/vi\/wp-json\/wp\/v2\/users\/1"}],"replies":[{"embeddable":true,"href":"https:\/\/globalnavy.net\/vi\/wp-json\/wp\/v2\/comments?post=1087"}],"version-history":[{"count":0,"href":"https:\/\/globalnavy.net\/vi\/wp-json\/wp\/v2\/pages\/1087\/revisions"}],"wp:attachment":[{"href":"https:\/\/globalnavy.net\/vi\/wp-json\/wp\/v2\/media?parent=1087"}],"curies":[{"name":"wp","href":"https:\/\/api.w.org\/{rel}","templated":true}]}}