
{"id":1088,"date":"2018-08-24T12:26:54","date_gmt":"2018-08-24T12:26:54","guid":{"rendered":"http:\/\/globalnavy.net\/nghien-cuu-phat-trien\/"},"modified":"2018-08-24T12:26:54","modified_gmt":"2018-08-24T12:26:54","slug":"nghien-cuu-phat-trien","status":"publish","type":"page","link":"https:\/\/globalnavy.net\/vi\/nghien-cuu-phat-trien\/","title":{"rendered":"Nghi\u00ean c\u1ee9u &#038; Ph\u00e1t tri\u1ec3n"},"content":{"rendered":"<div style=\"text-align:justify;\">\n<p><img loading=\"lazy\" src=\"http:\/\/globalnavy.net\/wp-content\/uploads\/2018\/08\/r__d_img_scaled.jpg\" alt=\"\" width=\"1020\" height=\"190\" class=\"alignnone size-full wp-image-475\" srcset=\"https:\/\/globalnavy.net\/wp-content\/uploads\/2018\/08\/r__d_img_scaled.jpg 1020w, https:\/\/globalnavy.net\/wp-content\/uploads\/2018\/08\/r__d_img_scaled-300x56.jpg 300w, https:\/\/globalnavy.net\/wp-content\/uploads\/2018\/08\/r__d_img_scaled-768x143.jpg 768w\" sizes=\"(max-width: 1020px) 100vw, 1020px\" \/><\/p>\n<p>Vi\u1ec7c nghi\u00ean c\u1ee9u v\u00e0 ph\u00e1t tri\u1ec3n c\u1ee7a ch\u00fang t\u00f4i cam k\u1ebft cung c\u1ea5p c\u00e1c gi\u1ea3i ph\u00e1p an to\u00e0n h\u01a1n v\u00e0 th\u00e2n thi\u1ec7n v\u1edbi m\u00f4i tr\u01b0\u1eddng, c\u00e1c s\u1ea3n ph\u1ea9m m\u1edbi c\u00f3 t\u00ednh ch\u1ea5t \u0111\u1ed5i m\u1edbi v\u00e0 c\u1ea3i ti\u1ebfn nh\u1eefng c\u00e1i \u0111ang c\u00f3 c\u0169ng nh\u01b0 cung c\u1ea5p vi\u1ec7c b\u00e1n h\u00e0ng hi\u1ec7u qu\u1ea3 v\u00e0 d\u1ecbch v\u1ee5 k\u1ef9 thu\u1eadt cho c\u00e1c \u0111\u1ed1i t\u00e1c c\u1ee7a ch\u00fang t\u00f4i.<\/p>\n<p>B\u1eb1ng c\u00e1ch gi\u1eef cho Globalnavy \u1edf h\u00e0ng \u0111\u1ea7u v\u1ec1 c\u00f4ng ngh\u1ec7 s\u01a1n ph\u1ee7, ch\u00fang t\u00f4i gi\u00fap l\u00e0m cho cu\u1ed9c s\u1ed1ng d\u1ec5 d\u00e0ng h\u01a1n v\u00e0 thu\u1eadn l\u1ee3i h\u01a1n cho ng\u01b0\u1eddi d\u00f9ng cu\u1ed1i. Kh\u1ea3 n\u0103ng c\u1ea1nh tranh c\u1ee7a ch\u00fang t\u00f4i l\u00e0 t\u1ea1o ra c\u00f4ng ngh\u1ec7 s\u01a1n ph\u1ee7 hi\u1ec7u su\u1ea5t cao m\u1edbi nh\u01b0 epoxy bi\u1ebfn t\u00ednh ch\u1ed1ng \u0103n m\u00f2n kh\u00f4ng dung m\u00f4i ti\u00ean ti\u1ebfn c\u1ee7a ch\u00fang t\u00f4i (ch\u1ecbu \u0111\u1ed9 \u1ea9m v\u00e0 b\u1ec1 m\u1eb7t, ch\u1ea5t \u1ee9c ch\u1ebf &#8211; HASTIE).<\/p>\n<\/div>\n","protected":false},"excerpt":{"rendered":"<p>Vi\u1ec7c nghi\u00ean c\u1ee9u v\u00e0 ph\u00e1t tri\u1ec3n c\u1ee7a ch\u00fang t\u00f4i cam k\u1ebft cung c\u1ea5p c\u00e1c gi\u1ea3i ph\u00e1p an to\u00e0n h\u01a1n v\u00e0 th\u00e2n thi\u1ec7n v\u1edbi m\u00f4i tr\u01b0\u1eddng, c\u00e1c s\u1ea3n ph\u1ea9m m\u1edbi c\u00f3 t\u00ednh ch\u1ea5t \u0111\u1ed5i m\u1edbi v\u00e0 c\u1ea3i ti\u1ebfn nh\u1eefng c\u00e1i \u0111ang c\u00f3 c\u0169ng nh\u01b0 cung c\u1ea5p vi\u1ec7c b\u00e1n h\u00e0ng hi\u1ec7u qu\u1ea3 v\u00e0 d\u1ecbch v\u1ee5 k\u1ef9 thu\u1eadt &#8230; <a title=\"Nghi\u00ean c\u1ee9u &#038; Ph\u00e1t tri\u1ec3n\" class=\"read-more\" href=\"https:\/\/globalnavy.net\/vi\/nghien-cuu-phat-trien\/\" aria-label=\"More on Nghi\u00ean c\u1ee9u &#038; Ph\u00e1t tri\u1ec3n\">Read more<\/a><\/p>\n","protected":false},"author":1,"featured_media":0,"parent":0,"menu_order":0,"comment_status":"closed","ping_status":"closed","template":"","meta":{"_mi_skip_tracking":false,"_exactmetrics_sitenote_active":false,"_exactmetrics_sitenote_note":"","_exactmetrics_sitenote_category":0},"_links":{"self":[{"href":"https:\/\/globalnavy.net\/vi\/wp-json\/wp\/v2\/pages\/1088"}],"collection":[{"href":"https:\/\/globalnavy.net\/vi\/wp-json\/wp\/v2\/pages"}],"about":[{"href":"https:\/\/globalnavy.net\/vi\/wp-json\/wp\/v2\/types\/page"}],"author":[{"embeddable":true,"href":"https:\/\/globalnavy.net\/vi\/wp-json\/wp\/v2\/users\/1"}],"replies":[{"embeddable":true,"href":"https:\/\/globalnavy.net\/vi\/wp-json\/wp\/v2\/comments?post=1088"}],"version-history":[{"count":0,"href":"https:\/\/globalnavy.net\/vi\/wp-json\/wp\/v2\/pages\/1088\/revisions"}],"wp:attachment":[{"href":"https:\/\/globalnavy.net\/vi\/wp-json\/wp\/v2\/media?parent=1088"}],"curies":[{"name":"wp","href":"https:\/\/api.w.org\/{rel}","templated":true}]}}